{"id":112,"date":"2020-07-31T11:22:52","date_gmt":"2020-07-31T11:22:52","guid":{"rendered":"http:\/\/pfs2.talonzorch.de\/?page_id=112"},"modified":"2020-11-01T10:21:06","modified_gmt":"2020-11-01T10:21:06","slug":"acp-vorteile-acp-boons","status":"publish","type":"page","link":"https:\/\/pfs2.talonzorch.de\/?page_id=112","title":{"rendered":"2.3.5 ACP Vorteile (ACP Boons)"},"content":{"rendered":"\n<figure class=\"wp-block-table\"><table><tbody><tr><td>Ancecstral Adpotion I<\/td><td>Herkunftsadoption I<\/td><td>20<\/td><td>ACP Boon<\/td><td>23.07.2020<\/td><td>W\u00e4hle beim Nutzen des Talentes adpoted (Adoptiert) auch aus den Herk\u00fcnften Leshy (Lesnik), Lizardfolk (Iruxi) oder Hobgoblin.<\/td><\/tr><tr><td>Avid Collector &#8211; Core Rulebook<\/td><td>Eifriger Sammler &#8211; Grundregelwerk<\/td><td>20<\/td><td>ACP Boon<\/td><td>23.07.2020<\/td><td>W\u00e4hle einen uncommon (ungew\u00f6hnlichen) Gegenstand aus dem Grundregelwerk. Der SC erh\u00e4lt Zugang dazu.<\/td><\/tr><tr><td>Career Change<\/td><td>Karrierenwechsel<\/td><td>50<\/td><td>ACP Boon<\/td><td>23.07.2020<\/td><td>Baue einen SC neu, welcher 48 oder mehr EP hat (Stufe 5+). Jeder weitere Kauf erh\u00f6ht die Kosten um kumulative 15 Punkte.<\/td><\/tr><tr><td>Esoteric Spellcaster &#8211; Core Rulebook<\/td><td>Esoterischer Zauberwirker &#8211; Grundregelwerk<\/td><td>20<\/td><td>ACP Boon<\/td><td>23.07.2020<\/td><td>W\u00e4hle einen uncommon (ungew\u00f6hnlichen) Zauber aus dem Grundregelwerk. Der SC erh\u00e4lt Zugang dazu.<\/td><\/tr><tr><td>Evolvoing Destiny<\/td><td>Entwickeltes Schicksal<\/td><td>20<\/td><td>ACP Boon<\/td><td>23.07.2020<\/td><td>Baue einen SC neu, welcher 47 oder weniger EP hat (4. Stufe oder niedriger).<\/td><\/tr><tr><td>Hobgoblin Ancestry<\/td><td>Hobgoblin Herkunft<\/td><td>120<\/td><td>ACP Boon<\/td><td>23.07.2020<\/td><td>Erstelle einen SC mit der Hobgoblin Herkunft, welche im LOCG (Kompendium: V\u00f6lker und Machtgruppen) eingef\u00fchrt werden. Der Charakter muss aus Oprak stammen. Darf nur einmal pro Spieler erworben werden.<\/td><\/tr><tr><td>Inherited Wayfinder<\/td><td>Geerbter Wegweiser<\/td><td>4<\/td><td>ACP Boon<\/td><td>23.07.2020<\/td><td>Erhalte einen Wegweiser ohne zus\u00e4tzliche Kosten<\/td><\/tr><tr><td>Iruxi Ancestry<\/td><td>Iruxi Herkunft<\/td><td>80<\/td><td>ACP Boon<\/td><td>23.07.2020<\/td><td>Erstelle einen SC mit der Iruxi Herkunft, welche im LOCG (Kompendium: V\u00f6lker und Machtgruppen) eingef\u00fchrt werden.<\/td><\/tr><tr><td>Leshy Ancecstry<\/td><td>Lesnik Herkunft<\/td><td>80<\/td><td>ACP Boon<\/td><td>23.07.2020<\/td><td>Erstelle einen SC mit der Lehy (Lesnik) Herkunft, welche im LOCG (Kompendium: V\u00f6lker und Machtgruppen) eingef\u00fchrt werden.<\/td><\/tr><tr><td>Rewrite History<\/td><td>Geschichte umschreiben<\/td><td>0<\/td><td>ACP Boon<\/td><td>23.07.2020<\/td><td>Baue alle Aspekte deines Charakter neu, inklusive Attributswerte, Herkunft, Hintergrund, Klasse, Talente, Abstammung, Kompetenzgrade und relevante Eigenarten.<\/td><\/tr><tr><td>Second Chance<\/td><td>Zweite Chance<\/td><td>40<\/td><td>ACP Boon<\/td><td>23.07.2020<\/td><td>Erhalte den Vorteil eines Rituals resurrect (Auferstehung). Jeder weitere Kauf erh\u00f6ht die Kosten um kumulative 10 ACP<\/td><\/tr><tr><td>World Traveler<\/td><td>Weltenreisender<\/td><td>20<\/td><td>ACP Boon<\/td><td>23.07.2020<\/td><td>F\u00fcr den Zugang zu Optionen wirst du als aus einer bestimmten Region stammend betrachtet<\/td><\/tr><tr><td>Tiefling Heritage<\/td><td>Tiefling Herkunft<\/td><td>80<\/td><td>ACP Boon<\/td><td>30.07.2020<\/td><td>Baue einen SC mit der Herkunft Tiefling aus den Zusatzregeln.<\/td><\/tr><tr><td>Duskwalker Heritage<\/td><td>Duskwalker Herkunft<\/td><td>80<\/td><td>ACP Boon<\/td><td>30.07.2020<\/td><td>Baue einen SC mit der Herkunft Duskwalker aus den Zusatzregeln.<\/td><\/tr><tr><td>Aasimar Heritage<\/td><td>Aasimar Herkunft<\/td><td>80<\/td><td>ACP Boon<\/td><td>30.07.2020<\/td><td>Baue einen SC mit der Herkunft Aasimar aus den Zusatzregeln.<\/td><\/tr><tr><td>Dhamphir Heritage<\/td><td>Dhampir Herkunft<\/td><td>80<\/td><td>ACP Boon<\/td><td>30.07.2020<\/td><td>Baue einen SC mit der Herkunft Dhampir aus den Zusatzregeln.<\/td><\/tr><tr><td>Changeling Heritage<\/td><td>Changeling Herkunft<\/td><td>80<\/td><td>ACP Boon<\/td><td>30.07.2020<\/td><td>Baue einen SC mit der Herkunft Changeling aus den Zusatzregeln.<\/td><\/tr><tr><td>Tengu Ancestry<\/td><td>Tengu Abstammung<\/td><td>80<\/td><td>ACP Boon<\/td><td>30.07.2020<\/td><td>Baue einen SC mit der Abstammung Tengu aus den Zusatzregeln<\/td><\/tr><tr><td>Ratfolk Ancestry<\/td><td>Ratfolk Abstammung<\/td><td>80<\/td><td>ACP Boon<\/td><td>30.07.2020<\/td><td>Baue einen SC mit der Abstammung Ratfolk aus den Zusatzregeln<\/td><\/tr><tr><td>Orc Ancestry<\/td><td>Orc Abstammung<\/td><td>80<\/td><td>ACP Boon<\/td><td>30.07.2020<\/td><td>Baue einen SC mit der Abstammung Orc aus den Zusatzregeln<\/td><\/tr><tr><td>Catfolk Ancestry<\/td><td>Catfolk Abstammung<\/td><td>120<\/td><td>ACP Boon<\/td><td>30.07.2020<\/td><td>Baue einen SC mit der Abstammung Catfolk aus den Zusatzregeln<\/td><\/tr><\/tbody><\/table><\/figure>\n","protected":false},"excerpt":{"rendered":"<p>Ancecstral Adpotion I Herkunftsadoption I 20 ACP Boon 23.07.2020 W\u00e4hle beim Nutzen des Talentes adpoted (Adoptiert) auch aus den Herk\u00fcnften Leshy (Lesnik), Lizardfolk (Iruxi) oder Hobgoblin. Avid Collector &#8211; Core Rulebook Eifriger Sammler &#8211; Grundregelwerk 20 ACP Boon 23.07.2020 W\u00e4hle einen uncommon (ungew\u00f6hnlichen) Gegenstand aus dem Grundregelwerk. Der SC erh\u00e4lt Zugang dazu. Career Change Karrierenwechsel [&hellip;]<\/p>\n","protected":false},"author":1,"featured_media":0,"parent":247,"menu_order":5,"comment_status":"closed","ping_status":"closed","template":"","meta":{"footnotes":""},"class_list":["post-112","page","type-page","status-publish","hentry"],"_links":{"self":[{"href":"https:\/\/pfs2.talonzorch.de\/index.php?rest_route=\/wp\/v2\/pages\/112","targetHints":{"allow":["GET"]}}],"collection":[{"href":"https:\/\/pfs2.talonzorch.de\/index.php?rest_route=\/wp\/v2\/pages"}],"about":[{"href":"https:\/\/pfs2.talonzorch.de\/index.php?rest_route=\/wp\/v2\/types\/page"}],"author":[{"embeddable":true,"href":"https:\/\/pfs2.talonzorch.de\/index.php?rest_route=\/wp\/v2\/users\/1"}],"replies":[{"embeddable":true,"href":"https:\/\/pfs2.talonzorch.de\/index.php?rest_route=%2Fwp%2Fv2%2Fcomments&post=112"}],"version-history":[{"count":2,"href":"https:\/\/pfs2.talonzorch.de\/index.php?rest_route=\/wp\/v2\/pages\/112\/revisions"}],"predecessor-version":[{"id":468,"href":"https:\/\/pfs2.talonzorch.de\/index.php?rest_route=\/wp\/v2\/pages\/112\/revisions\/468"}],"up":[{"embeddable":true,"href":"https:\/\/pfs2.talonzorch.de\/index.php?rest_route=\/wp\/v2\/pages\/247"}],"wp:attachment":[{"href":"https:\/\/pfs2.talonzorch.de\/index.php?rest_route=%2Fwp%2Fv2%2Fmedia&parent=112"}],"curies":[{"name":"wp","href":"https:\/\/api.w.org\/{rel}","templated":true}]}}