{"id":215,"date":"2020-09-06T10:43:06","date_gmt":"2020-09-06T10:43:06","guid":{"rendered":"http:\/\/pfs2.talonzorch.de\/?page_id=215"},"modified":"2020-11-14T05:13:04","modified_gmt":"2020-11-14T05:13:04","slug":"freelancer-arbeit","status":"publish","type":"page","link":"https:\/\/pfs2.talonzorch.de\/?page_id=215","title":{"rendered":"Freelancer Arbeit"},"content":{"rendered":"\n<p>Als Freelancer habe ich an mehreren Projekten f\u00fcr Pathfinder 2 bereits mitgearbeitet.<\/p>\n\n\n\n<p>[US5700] &#8211; Pathfinder II Grundregelwerk<\/p>\n\n\n\n<ul class=\"wp-block-list\"><li>Korrektorat<\/li><\/ul>\n\n\n\n<p>[US57010] &#8211; Zeitalter der Verlorenen Omen:  Weltenband <\/p>\n\n\n\n<ul class=\"wp-block-list\"><li>\u00dcbersetzung der Sagalande <\/li><li>\u00dcbersetzung der Unfassbaren Lande<\/li><\/ul>\n\n\n\n<p>[US57018] &#8211; Zeitalter der Verlorenen Omen: V\u00f6lker &amp; Machtgruppen<\/p>\n\n\n\n<ul class=\"wp-block-list\"><li>\u00dcbersetzung der Ritter von Finismur<\/li><li>\u00dcbersetzung der H\u00f6llenritter<\/li><li>\u00dcbersetzung der Magaambya<\/li><li>\u00dcbersetzung der Gesellschaft der Kundschafter<\/li><li>\u00dcbersetzung des NSC Kapitels<\/li><\/ul>\n\n\n\n<p>[US57025] &#8211; Zeitalter der Verlorenen Omen: G\u00f6tter &amp; Magie<\/p>\n\n\n\n<ul class=\"wp-block-list\"><li>\u00dcbersetzung der Halbg\u00f6tter und anderen g\u00f6ttlichen Wesen<\/li><li>Lektorat der Philosphien und des Index<\/li><\/ul>\n\n\n\n<p>[US57001] &#8211; Monsterhandbuch I<\/p>\n\n\n\n<ul class=\"wp-block-list\"><li>Korrektorat<\/li><\/ul>\n\n\n\n<p>[US57019] &#8211; Spielleiterhandbuch<\/p>\n\n\n\n<ul class=\"wp-block-list\"><li>Lektorat Kapitel 2<\/li><li>Lektorat Kapitel 5<\/li><li>Korrektorat<\/li><\/ul>\n\n\n\n<p>[US57029] &#8211; Zusatzregeln<\/p>\n\n\n\n<ul class=\"wp-block-list\"><li>\u00dcbersetzung Kapitel 5: Zauber<\/li><li>\u00dcbersetzung Kapitel 3: Archetypen<\/li><li>Lektorat Kapitel 4: Gegenst\u00e4nde<\/li><\/ul>\n\n\n\n<p>[US57013] &#8211; Zeit der Asche<\/p>\n\n\n\n<ul class=\"wp-block-list\"><li>Korrektorat<\/li><\/ul>\n\n\n\n<p>[US57029] &#8211; Monsterhandbuch II<\/p>\n\n\n\n<ul class=\"wp-block-list\"><li>Korrektorat<\/li><\/ul>\n\n\n\n<p>[US57043] &#8211; Little Trouble in Big Absalom<\/p>\n\n\n\n<ul class=\"wp-block-list\"><li>Komplett\u00fcbersetzung<\/li><\/ul>\n\n\n\n<p>[US57048] &#8211; Gesellschaft der Kundschafter<\/p>\n\n\n\n<ul class=\"wp-block-list\"><li>\u00dcbersetzung Kapitel 1 &amp; 2<\/li><\/ul>\n\n\n\n<p>[US56045] &#8211; Starfinder: Einsatzhandbuch Raumschiffe<\/p>\n\n\n\n<ul class=\"wp-block-list\"><li>\u00dcbersetzung Kapitel 4: Raumschiffkampagnen<\/li><\/ul>\n","protected":false},"excerpt":{"rendered":"<p>Als Freelancer habe ich an mehreren Projekten f\u00fcr Pathfinder 2 bereits mitgearbeitet. [US5700] &#8211; Pathfinder II Grundregelwerk Korrektorat [US57010] &#8211; Zeitalter der Verlorenen Omen: Weltenband \u00dcbersetzung der Sagalande \u00dcbersetzung der Unfassbaren Lande [US57018] &#8211; Zeitalter der Verlorenen Omen: V\u00f6lker &amp; Machtgruppen \u00dcbersetzung der Ritter von Finismur \u00dcbersetzung der H\u00f6llenritter \u00dcbersetzung der Magaambya \u00dcbersetzung der Gesellschaft [&hellip;]<\/p>\n","protected":false},"author":1,"featured_media":0,"parent":0,"menu_order":0,"comment_status":"closed","ping_status":"closed","template":"","meta":{"footnotes":""},"class_list":["post-215","page","type-page","status-publish","hentry"],"_links":{"self":[{"href":"https:\/\/pfs2.talonzorch.de\/index.php?rest_route=\/wp\/v2\/pages\/215","targetHints":{"allow":["GET"]}}],"collection":[{"href":"https:\/\/pfs2.talonzorch.de\/index.php?rest_route=\/wp\/v2\/pages"}],"about":[{"href":"https:\/\/pfs2.talonzorch.de\/index.php?rest_route=\/wp\/v2\/types\/page"}],"author":[{"embeddable":true,"href":"https:\/\/pfs2.talonzorch.de\/index.php?rest_route=\/wp\/v2\/users\/1"}],"replies":[{"embeddable":true,"href":"https:\/\/pfs2.talonzorch.de\/index.php?rest_route=%2Fwp%2Fv2%2Fcomments&post=215"}],"version-history":[{"count":2,"href":"https:\/\/pfs2.talonzorch.de\/index.php?rest_route=\/wp\/v2\/pages\/215\/revisions"}],"predecessor-version":[{"id":499,"href":"https:\/\/pfs2.talonzorch.de\/index.php?rest_route=\/wp\/v2\/pages\/215\/revisions\/499"}],"wp:attachment":[{"href":"https:\/\/pfs2.talonzorch.de\/index.php?rest_route=%2Fwp%2Fv2%2Fmedia&parent=215"}],"curies":[{"name":"wp","href":"https:\/\/api.w.org\/{rel}","templated":true}]}}