{"id":239,"date":"2020-09-23T15:35:31","date_gmt":"2020-09-23T15:35:31","guid":{"rendered":"http:\/\/pfs2.talonzorch.de\/?page_id=239"},"modified":"2021-04-30T15:12:12","modified_gmt":"2021-04-30T15:12:12","slug":"1-3-standards-und-erwartungen-an-die-community","status":"publish","type":"page","link":"https:\/\/pfs2.talonzorch.de\/?page_id=239","title":{"rendered":"1.3 Standards und Erwartungen an die Community"},"content":{"rendered":"\n<blockquote class=\"wp-block-quote has-text-align-center is-layout-flow wp-block-quote-is-layout-flow\"><p><strong><em>ACHTUNG: Bei Unklarheiten oder zur Beilegung von Streitigkeiten gilt in jedem Fall der Englische Guide. Dieser Disclaimer steht aktiv auf jeder Seite. Solltet ihr eine solche Unklarheit finden, kontaktiert mich bitte, damit ich einen entsprechenden Vermerk eintragen kann.<\/em><\/strong><\/p><cite>Disclaimer f\u00fcr den Guide<\/cite><\/blockquote>\n\n\n\n<p><strong>Quelle:<\/strong> http:\/\/www.organizedplayfoundation.org\/paizo\/guides\/pfs2guide-en\/community-standards-pfs2-en\/<\/p>\n\n\n\n<h3 class=\"wp-block-heading\">1.3.1 Akzeptabler Inhalt<\/h3>\n\n\n\n<p>Spiele der Pathfinder Society verwenden die Pathfinder-Richtlinievon Seite 486 des Pathfinder Grundregelwerks. Umst\u00e4nde, wie z. B. Einschr\u00e4nkungen des Spielortes, der Tischzusammensetzung oder die Bed\u00fcrfnisse der Spieler, k\u00f6nnen zus\u00e4tzliche Anpassungen der Baseline erforderlich machen. Die GMs sind befugt, alternative Beschreibungen zu w\u00e4hlen, Grenzen und Schleier zu verwenden oder X-Karten einzubauen, wie auf Seite 485 des Grundregelwerks beschrieben, um das bestm\u00f6gliche Spielerlebnis zu bieten.<\/p>\n\n\n\n<h3 class=\"wp-block-heading\">1.3.2 Nicht mogeln<\/h3>\n\n\n\n<p>Erhaltet die Integrit\u00e4t des Spiels und mogelt nicht. Das beinhaltet unter anderem das verf\u00e4lschen von Wurfergebnissen, das Ver\u00e4ndern von Chronikb\u00f6gen, die Verwendung von nicht zugelassenen Ressourcen, die vom Charakter verwendeten Dinge nicht zu besitzen oder das Anl\u00fcgen des Spielleiters oder Event Koordinators. Teilnehmer welche beim Mogeln erwischt werden, werden vom Spiel in den Pathfinder Society Events f\u00fcr eine bestimmte Zeitspanne ausgeschlossen, welche durch die Schwere des Versto\u00dfes bestimmt wird. Wiederholte Verst\u00f6\u00dfe k\u00f6nnen zum Ausschluss von der Pathfinder Society und allen Paizo Events f\u00fchren.<\/p>\n\n\n\n<p><em>Anm.d.\u00dcb.: Neuer Guide &#8211; Ausschluss von allen Paizo Veranstaltungen.<\/em><\/p>\n\n\n\n<h3 class=\"wp-block-heading\">1.3.3 Gute Buchf\u00fchrung<\/h3>\n\n\n\n<p>Um die Charakterentwicklung zu verfolgen verwendet die Pathfinder Society Charakter- und Chronikb\u00f6gen. Spielleiter und Event Organisatoren verlassen sich auf diese Dokumente um die Kampagne redlich, fair und f\u00fcr alle spa\u00dfig zu designen. Es ist in deiner Verantwortung, pr\u00e4zise Dokumente zu f\u00fchren. Habe bei jedem Pathfinder Society Event deinen Charakterbogen und alle entsprechenden Chronikb\u00f6gen entweder digital oder auf Papier dabei. Wenn du die B\u00f6gen auf Papier dabei hast empfehlen wir euch diese in einem Ordner zusammen zu halten \u2013 dabei dann einen Ordner pro Charakter<\/p>\n\n\n\n<p>Solltest du diese Dokumente f\u00fcr deinen Charakter nicht vorweisen k\u00f6nnen, kann der Spielleiter dich bitten, einen vorgenerierten Charakter zu spielen.<\/p>\n\n\n\n<p><em>Anm.d.\u00dcb.: Neuer Guide &#8211; M\u00f6glichkeit des Vorgenerieten Charakters bei fehlender Buchf\u00fchrung.<\/em><\/p>\n\n\n\n<h3 class=\"wp-block-heading\">1.3.4 Kein Kampf Charakter gegen Charakter<\/h3>\n\n\n\n<p>Das Motto der Pathfinder Society ist \u201eErforschen, Berichten, Zusammenarbeiten\u201c. Um bei dem Zusammenarbeiten Thema zu bleiben greifen die Charaktere sich nicht gegenseitig an. Versehentliches Friendly Fire kann passieren (durch fehlgeschlagene Angriffsw\u00fcrfe oder andere Faktoren) aber die Spieler m\u00fcssen das Einverst\u00e4ndnis der anderen Spieler haben, wenn sie deren Charaktere absichtlich in sch\u00e4digenden Effekten einschlie\u00dfen wollen. Sich an einem Kampf, Charakter gegen Charakter zu beteiligen, wird Ruchlosigkeitspunkte (Infamy) erzeugen und kann den Charakter dadurch unspielbar machen Diese Regel findet keine Anwendung in Situationen, in denen der Charakter nicht mit freiem Willen agiert \u2013 wenn sie beispielsweise mittels Gedankenkontrolle beherrscht werden.<\/p>\n\n\n\n<p><em>Anm.d.\u00dcb.:  Neuer Guide &#8211; Infamy Punkte bei PvP.<\/em><\/p>\n\n\n\n<h3 class=\"wp-block-heading\">1.3.5 Prozeduren gegen \u00dcbertritte<\/h3>\n\n\n\n<p>Wenn ein Spieler wegen Versto\u00dfes gegen die Gemeinschaftsnormen vom Tisch entfernt wird oder ein Charakter aufgrund von Ruchlosigkeit als &#8220;tot&#8221; markiert wird, liegt es in der Verantwortung des Tisch-GM oder des Eventkoordinators, seine lokalen Venture-Officers \u00fcber die Situation zu informieren. Der GM oder der Eventkoordinator muss den Spieler \u00fcber den Bericht informieren und ihm die Kontaktinformationen des Venture-Officers mitteilen, damit der Spieler dem Venture-Officer seine Sicht der Dinge darlegen kann. Regelverst\u00f6\u00dfe werden aktenkundig gemacht, da fortgesetzte Verst\u00f6\u00dfe zur Suspendierung der Mitgliedschaft im organisierten Spiel f\u00fchren.<\/p>\n\n\n\n<h3 class=\"wp-block-heading\">1.3.6 Regelvarianten<\/h3>\n\n\n\n<p>Von Zeit zu Zeit kann es vorkommen, dass Spieler auf verschiedene Regelquellen mit geringf\u00fcgigen Regel\u00e4nderungen sto\u00dfen. Im Allgemeinen sollte der aktuellste Druck der englischen Version des betreffenden Regelwerks als ma\u00dfgebliche Quelle betrachtet werden. Im Falle des vorliegenden Leitfadens ist der aktuellste Druck die englische Version auf dieser Webseite.<\/p>\n\n\n\n<h3 class=\"wp-block-heading\">1.3.7 Kampagnenf\u00fchrung<\/h3>\n\n\n\n<p>Die Regeln der Kampagne finden Sie in diesem Leitfaden und im Blog Charakteroptionen. Im Laufe der Kampagne k\u00f6nnen weitere Regeln erforderlich sein. Diese Regeln werden \u00fcber die Foren oder Blogs von paizo.com ver\u00f6ffentlicht und von dort aus in die oben genannte Programmdokumentation aufgenommen. Die Personen, die befugt sind, Anordnungen f\u00fcr die Pathfinder (Second Edition) Society-Kampagne zu erlassen, sind Tonya Woldridge (Organized Play Manager), Linda Zayas Palmer (Organized Play Managing Developer) und James Case (Pathfinder Organized Play Developer). Erl\u00e4uterungen aus anderen Kampagnen und deren Kampagnenmanager gelten nicht f\u00fcr die Pathfinder (Second Edition) Society Organized Play-Kampagne, es sei denn, sie wurden von einer der oben genannten Personen best\u00e4tigt.<\/p>\n\n\n\n<h3 class=\"wp-block-heading\">1.3.8 Regel\u00e4nderungen<\/h3>\n\n\n\n<p>Das Pathfinder-Rollenspiel ist ein lebendiges Spiel, und manchmal \u00e4ndern sich Spielelemente im Laufe der Karriere eines PCs. Mit dem Errungenschaftspunktesystem (Achievement Point System) k\u00f6nnen Sie Wiederaufbaum\u00f6glichkeiten f\u00fcr Ihre Charaktere erwerben. Wenn die Regel\u00e4nderung sehr gro\u00df ist, kann sich die Kampagnenleitung daf\u00fcr entscheiden, andere Methoden zum Wiederaufbau von Charakteren oder zur Anpassung von Charakteren an die neuen Regeln anzubieten.<\/p>\n\n\n\n<p><strong>Errata: <\/strong>Regel\u00e4nderungen \u00fcber Errata treten beim n\u00e4chsten Spiel der Figur in Kraft.<\/p>\n\n\n\n<p><strong>Spieltest:<\/strong> Informationen zum Wiederaufbau von Charakteren, die von \u00c4nderungen zwischen Spieltests und endg\u00fcltigen Regeln betroffen sind, finden Sie im Blog der Pathfinder Society f\u00fcr jeden zugeh\u00f6rigen Spieltest.<\/p>\n\n\n\n<p><strong>Effects on Scenarios:<\/strong> Wenn eine Errata oder eine Klarstellung die Funktionsweise einer F\u00e4higkeit in einem Szenario ver\u00e4ndert, befolgen Sie die aktuellen Regeln. Wenn das bedeutet, dass die F\u00e4higkeit nicht mehr mit der Art und Weise funktioniert, wie die Taktiken der NSCs geschrieben sind, modifizieren Sie die Taktiken so gut Sie k\u00f6nnen, um die \u00c4nderungen zu ber\u00fccksichtigen.<\/p>\n\n\n\n<p><strong>Timing: <\/strong>Um Verwirrung und Chaos zu verringern, treten Regel\u00e4nderungen, die w\u00e4hrend einer Spielveranstaltung angek\u00fcndigt werden, erst nach dem Ende der Veranstaltung in Kraft.<\/p>\n\n\n\n<p><\/p>\n\n\n\n<h4 class=\"wp-block-heading\">Changelog<\/h4>\n\n\n\n<h5 class=\"wp-block-heading\">27.10.2020:<\/h5>\n\n\n\n<ul class=\"wp-block-list\"><li>Keine \u00c4nderungen<\/li><\/ul>\n\n\n\n<p><strong>30.04.2021<\/strong><\/p>\n\n\n\n<ul class=\"wp-block-list\"><li>Alles aktuell &#8211; keine \u00c4nderungen<\/li><\/ul>\n","protected":false},"excerpt":{"rendered":"<p>ACHTUNG: Bei Unklarheiten oder zur Beilegung von Streitigkeiten gilt in jedem Fall der Englische Guide. Dieser Disclaimer steht aktiv auf jeder Seite. Solltet ihr eine solche Unklarheit finden, kontaktiert mich bitte, damit ich einen entsprechenden Vermerk eintragen kann. Disclaimer f\u00fcr den Guide Quelle: http:\/\/www.organizedplayfoundation.org\/paizo\/guides\/pfs2guide-en\/community-standards-pfs2-en\/ 1.3.1 Akzeptabler Inhalt Spiele der Pathfinder Society verwenden die Pathfinder-Richtlinievon Seite [&hellip;]<\/p>\n","protected":false},"author":1,"featured_media":0,"parent":230,"menu_order":3,"comment_status":"closed","ping_status":"closed","template":"","meta":{"footnotes":""},"class_list":["post-239","page","type-page","status-publish","hentry"],"_links":{"self":[{"href":"https:\/\/pfs2.talonzorch.de\/index.php?rest_route=\/wp\/v2\/pages\/239","targetHints":{"allow":["GET"]}}],"collection":[{"href":"https:\/\/pfs2.talonzorch.de\/index.php?rest_route=\/wp\/v2\/pages"}],"about":[{"href":"https:\/\/pfs2.talonzorch.de\/index.php?rest_route=\/wp\/v2\/types\/page"}],"author":[{"embeddable":true,"href":"https:\/\/pfs2.talonzorch.de\/index.php?rest_route=\/wp\/v2\/users\/1"}],"replies":[{"embeddable":true,"href":"https:\/\/pfs2.talonzorch.de\/index.php?rest_route=%2Fwp%2Fv2%2Fcomments&post=239"}],"version-history":[{"count":6,"href":"https:\/\/pfs2.talonzorch.de\/index.php?rest_route=\/wp\/v2\/pages\/239\/revisions"}],"predecessor-version":[{"id":527,"href":"https:\/\/pfs2.talonzorch.de\/index.php?rest_route=\/wp\/v2\/pages\/239\/revisions\/527"}],"up":[{"embeddable":true,"href":"https:\/\/pfs2.talonzorch.de\/index.php?rest_route=\/wp\/v2\/pages\/230"}],"wp:attachment":[{"href":"https:\/\/pfs2.talonzorch.de\/index.php?rest_route=%2Fwp%2Fv2%2Fmedia&parent=239"}],"curies":[{"name":"wp","href":"https:\/\/api.w.org\/{rel}","templated":true}]}}