{"id":244,"date":"2020-09-23T15:39:52","date_gmt":"2020-09-23T15:39:52","guid":{"rendered":"http:\/\/pfs2.talonzorch.de\/?page_id=244"},"modified":"2021-04-30T15:09:00","modified_gmt":"2021-04-30T15:09:00","slug":"2-2-charaktererschaffung","status":"publish","type":"page","link":"https:\/\/pfs2.talonzorch.de\/?page_id=244","title":{"rendered":"2.2 Charaktererschaffung"},"content":{"rendered":"\n<blockquote class=\"wp-block-quote has-text-align-center is-layout-flow wp-block-quote-is-layout-flow\"><p><strong><em>ACHTUNG: Bei Unklarheiten oder zur Beilegung von Streitigkeiten gilt in jedem Fall der Englische Guide. Dieser Disclaimer steht aktiv auf jeder Seite. Solltet ihr eine solche Unklarheit finden, kontaktiert mich bitte, damit ich einen entsprechenden Vermerk eintragen kann.<\/em><\/strong><\/p><cite>Disclaimer f\u00fcr den Guide<\/cite><\/blockquote>\n\n\n\n<p><strong>Quelle: <\/strong><a href=\"https:\/\/organizedplayfoundation.org\/Lorespire\/pfs2guide._.Character-Creation\">http:\/\/www.organizedplayfoundation.org\/paizo\/guides\/pfs2guide-en\/character-creation-pfs2-en\/<\/a><\/p>\n\n\n\n<p>Diese Seite beschreibt die Schritte zur Erstellung eines Charakters f\u00fcr die Pathfinder Society. Diese Schritte entsprechen denen des Pathfinder Core Rulebook mit einigen zus\u00e4tzlichen rollenspielspezifischen Gildenregeln und Vorteilen.<\/p>\n\n\n\n<h3 class=\"wp-block-heading\">2.2.1 Charakterb\u00f6gen<\/h3>\n\n\n\n<p>Ihr findet leere Charakterb\u00f6gen f\u00fcr Pathfinder 2nd Edition auf Paizos Pathfinder Seite [https:\/\/paizo.com\/pathfinder] oder unter den folgenden direkten Links:<\/p>\n\n\n\n<p>Schwarz Wei\u00df (Englisch) <a href=\"https:\/\/paizo.s3-us-west-2.amazonaws.com\/PZO2101-CharacterSheet-BW.pdf\">https:\/\/paizo.s3-us-west-2.amazonaws.com\/PZO2101-CharacterSheet-BW.pdf<\/a><\/p>\n\n\n\n<p>Farbig (Englisch)<\/p>\n\n\n\n<p><a href=\"https:\/\/paizo.s3-us-west-2.amazonaws.com\/PZO2101-CharacterSheet-Color.pdf\">https:\/\/paizo.s3-us-west-2.amazonaws.com\/PZO2101-CharacterSheet-Color.pdf<\/a><\/p>\n\n\n\n<p>Schwarz \/ Wei\u00df (Deutsch) <a href=\"https:\/\/www.ulisses-spiele.de\/assets\/document\/33\/Pathfinder%202%20Charakterbogen.pdf?x35509\">https:\/\/www.ulisses-spiele.de\/assets\/document\/33\/Pathfinder%202%20Charakterbogen.pdf?x35509<\/a><\/p>\n\n\n\n<p>Es wird kein bestimmtes Format des Charakterbogen gefordert. Spieler d\u00fcrfen jede Art von Charakterbogen verwenden. Der Spieler muss jedoch einen deutlichen und lesbaren Charakterbogen vorweisen k\u00f6nnen, um diesem dem Spielleiter zur \u00dcberpr\u00fcfung geben zu k\u00f6nnen. Solltest du deinen Charakterbogen digital vorhalten, aber nicht damit einverstanden sein, dein Ger\u00e4t f\u00fcr eine \u00dcberpr\u00fcfung des Charakters kurzzeitig dem Spielleiter zu zeigen, solltest du den Charakter noch in einem Format vorhalten, welches du dem Spielleiter zeigen kannst.<\/p>\n\n\n\n<h3 class=\"wp-block-heading\">2.2.2 Ressourcen<\/h3>\n\n\n\n<p>Spieler d\u00fcrfen alle von Paizo ver\u00f6ffentlichten B\u00fccher oder Beilagen, die sie besitzen, w\u00e4hrend der Charaktererstellung verwenden, vorausgesetzt, dass die Optionen gem\u00e4\u00df dem Ressourcendokument f\u00fcr Charakteroptionen g\u00fcltig sind. Spieler, die im selben Haushalt wohnen, k\u00f6nnen Ressourcen im gemeinsamen Besitz teilen. Optionen im Grundregelwerk und Zeitalter der Verlorenen Omen: V\u00f6lker &amp; Machtgruppen werden unabh\u00e4ngig vom Besitz immer als verf\u00fcgbare Ressourcen betrachtet.<\/p>\n\n\n\n<h3 class=\"wp-block-heading\">2.2.3 Charaktererschaffung Informationen<\/h3>\n\n\n\n<p>In den folgenden Schritten wird die Charaktererstellung f\u00fcr Charaktere der Pathfinder Society ausgearbeitet und erweitert. (Grundregelwerk S. 21)<\/p>\n\n\n\n<h4 class=\"wp-block-heading\">2.2.3.1 Erschaffe ein Konzept<\/h4>\n\n\n\n<p>Denken Sie daran, dass Ihr Charakter in erster Linie ein Mitglied der Pfadfindergesellschaft ist, und als solches sollte Ihr Charakter in der Lage sein, mit jedem anderen Kundschafter zusammenzuarbeiten und das Motto der Gesellschaft &#8211; &#8220;Erforschen, berichten, kooperieren&#8221; &#8211; zu befolgen.<\/p>\n\n\n\n<h4 class=\"wp-block-heading\">2.2.3.2 Beginne mit deinen Attributspunkten<\/h4>\n\n\n\n<p>Die Pathfinder Society verwendet die Standardmethode, die unter &#8220;Attributswerte &#8211; ein \u00dcberblick&#8221; auf Seite 20 des Grundregelwerks beschrieben ist. Ihr Charakter kann auch zwei zus\u00e4tzliche Attributsschw\u00e4chen nehmen, um eine zus\u00e4tzlichen Attributsverbesserung zu erhalten, wie in der Seitenleiste &#8220;Freiwillige Attributsschw\u00e4chen&#8221; auf Seite 26 des Grundregelbuchs beschrieben.<\/p>\n\n\n\n<h4 class=\"wp-block-heading\">2.2.3.3 W\u00e4hl eine Abstammung<\/h4>\n\n\n\n<p>Die Abstammung folgt den normalen Regeln des Grundregelwerks, mit geringf\u00fcgigen \u00c4nderungen zur Anpassung an die Sprachen Golarions. Die Pathfinder Society erlaubt keine Halb-Elfen oder Halb-Orks anderer Abstammungen als Menschen.<\/p>\n\n\n\n<h5 class=\"wp-block-heading\">2.2.3.3.1 Heimatregion<\/h5>\n\n\n\n<p>Dies ist auch die Phase, in der Sie die Heimatregion Ihres Charakters w\u00e4hlen sollten (Grundregelwerk 420-429), und im Falle von menschlichen Charakteren auch Ihre ethnische Zugeh\u00f6rigkeit. (Grundregelwerk 430-431). Die Heimatregionen erf\u00fcllen die Zugangsvoraussetzungen und die Voraussetzungen f\u00fcr die Charakteroptionen. Siehe Seltenheit f\u00fcr weitere Informationen.<\/p>\n\n\n\n<h5 class=\"wp-block-heading\">2.2.3.3.2 Sprachen<\/h5>\n\n\n\n<p>Alle Charaktere der Pfadfindergesellschaft sind belesen und sprechen sowohl Gemeinsprache (Taldan) als auch alle anderen Sprachen, die von ihrer Abstammung gew\u00e4hrt werden. Regionalsprachen (Grundregelwerk 432) sind selten und erfordern Zugang.<\/p>\n\n\n\n<h4 class=\"wp-block-heading\">2.2.3.4 W\u00e4hle einen Hintergrund<\/h4>\n\n\n\n<p>Spieler, die an der Pathfinder Society-Kampagne (erste Ausgabe) teilgenommen haben, haben zus\u00e4tzlich zu den Hintergr\u00fcnden ab Seite 60 des Hauptregelbuchs Zugang zu den Legacy-Hintergr\u00fcnden.<\/p>\n\n\n\n<h4 class=\"wp-block-heading\">2.2.3.5 W\u00e4hle eine Klasse<\/h4>\n\n\n\n<p>Alle Charaktere der Pathfinder Society beginnen auf der ersten Stufe, obwohl einige Vorteile es einem Charakter erlauben, am Ende der Charaktererstellung sofort zur zweiten oder dritten Stufe aufzusteigen.<\/p>\n\n\n\n<p><em>Anm. d. \u00dcb.: W\u00e4hle im \u00fcbrigen auch deine Klasse an dieser Stelle!<\/em><\/p>\n\n\n\n<h4 class=\"wp-block-heading\">2.2.3.6 Bestimme die endg\u00fcltigen Attributspunkte<\/h4>\n\n\n\n<p>Die Pathfinder Society befolgt die Standardregeln f\u00fcr die Bestimmung von Attributspunkten.<\/p>\n\n\n\n<h4 class=\"wp-block-heading\">2.2.3.7 Schreibe die Klassendetails auf<\/h4>\n\n\n\n<p>Die Pathfinder Society befolgt alle Standardregeln f\u00fcr Klassendetails.<\/p>\n\n\n\n<h4 class=\"wp-block-heading\">2.2.3.8 Kaufe Ausr\u00fcstung<\/h4>\n\n\n\n<p>Alle Charaktere in der Pathfinder Society beginnen mit den standardm\u00e4\u00dfigen 15 Goldst\u00fccken (150 Silberst\u00fccke), die f\u00fcr die Startausr\u00fcstung ausgegeben werden k\u00f6nnen. Kapitel 6 des Grundregelwerks enth\u00e4lt eine gro\u00dfe Auswahl an n\u00fctzlicher Startausr\u00fcstung. Seite 289 des Grundregelwerks enth\u00e4lt Klassens\u00e4tze, eine vorgefertigte Auswahl an Ausr\u00fcstung, die auf jede der Kernklassen zugeschnitten ist. Sie k\u00f6nnen Ihr Verm\u00f6gen auch f\u00fcr den Kauf zus\u00e4tzlicher Ausr\u00fcstung ausgeben, wie in den Einkaufsrichtlinien beschrieben.<\/p>\n\n\n\n<h4 class=\"wp-block-heading\">2.2.3.9 Berechne die Modifikatoren<\/h4>\n\n\n\n<p>Berechnen Sie die Wahrnehmung Ihres Charakters, die Rettungsw\u00fcrfe, Angriffe und Fertigkeitsmodifikatoren wie auf Seite 27 des Grundregelwerks beschrieben.<\/p>\n\n\n\n<h4 class=\"wp-block-heading\">2.2.3.10 Letzte Details<\/h4>\n\n\n\n<h5 class=\"wp-block-heading\">2.2.3.10.1 Gesinnung<\/h5>\n\n\n\n<p>Spieler k\u00f6nnen keine b\u00f6sen Charaktere spielen. Achten Sie bei der Auswahl einer Gesinnung darauf, dass sie alle Gesinnungsanforderungen f\u00fcr die Klasse Ihres Charakters erf\u00fcllt.<\/p>\n\n\n\n<h5 class=\"wp-block-heading\">2.2.3.10.2 Religion<\/h5>\n\n\n\n<p>Charaktere k\u00f6nnen jede beliebige Golarion-Gottheit anbeten, solange ihre Gesinnung mit einer der aufgef\u00fchrten Anh\u00e4ngerausrichtungen der Gottheit \u00fcbereinstimmt. Streiter und Kleriker m\u00fcssen sich f\u00fcr eine g\u00fcltige Gottheit entscheiden, obwohl andere Klassen eine der auf Seite 440 des Hauptregelbuchs vorgestellten Glaubensrichtungen und Philosophien oder aus einer anderen Quelle anbeten k\u00f6nnen. Charaktere k\u00f6nnen auch Agnostiker oder Atheisten sein.<\/p>\n\n\n\n<p>Charaktere k\u00f6nnen Gottheiten verehren, die sie nicht anbeten. Eine Gottheit verehren bedeutet, dass Ihr Charakter Dinge tun k\u00f6nnte, wie das Tragen des heiligen Symbols der Gottheit, die Teilnahme an den religi\u00f6sen Gottesdiensten der Gottheit oder andere Handlungen des Gehorsams, die nicht mit Zauberspr\u00fcchen oder g\u00f6ttlichen Kr\u00e4ften belohnt werden.<\/p>\n\n\n\n<p>Ein Charakter kann so viele Gottheiten verehren, wie er will, aber er kann nur eine einzige anbeten und von einer einzigen Gottheit Macht erhalten.<\/p>\n\n\n\n<h5 class=\"wp-block-heading\">2.2.3.10.3 Alter<\/h5>\n\n\n\n<p>Charaktere m\u00fcssen mindestens junge Erwachsene sein, um als Mitglieder der Gesellschaft der Kundschafter aufgenommen zu werden.<\/p>\n\n\n\n<h5 class=\"wp-block-heading\">2.2.3.10.4 Andere Punkte<\/h5>\n\n\n\n<p>Zu Beginn der Pathfinder Society-Spiele werden die Charaktere vorgestellt. \u00dcberlegen Sie sich also, ob Sie sich ein paar Notizen zum Aussehen, zur Pers\u00f6nlichkeit und zu der Anrede Ihres Charakters machen, die Sie mit anderen Spielern teilen k\u00f6nnen. Die Welt Golarion und die Zeitalter der verlorenen Omen: V\u00f6lker &amp; Machtgruppen enthalten beide Informationen \u00fcber die Kampagneneinstellung, die Sie f\u00fcr diesen Zweck verwenden k\u00f6nnen.<\/p>\n\n\n\n<p>Pathfinder verwendet Karten mit einem standardm\u00e4\u00dfigen 1-Zoll-Raster, um Bewegung und taktische Positionierung im Kampf zu bestimmen, daher ben\u00f6tigen Sie eine physische Darstellung Ihres Charakters, die Sie auf dem Raster verwenden k\u00f6nnen. Paizo stellt eine breite Palette von Pathfinder-Aufstellern her und arbeitet auch mit Reaper Miniatures und WizKids zusammen, um eine gro\u00dfe Auswahl an Spielminiaturen anzubieten, so dass Sie genau die richtige Figur f\u00fcr Ihren Charakter finden k\u00f6nnen.<\/p>\n\n\n\n<p>F\u00fcr das digitale Spiel sollte dies ein digitales Bild sein. Sprechen Sie mit Ihrem SL \u00fcber dessen bevorzugte Bildformate und Gr\u00f6\u00dfenanforderungen.<\/p>\n\n\n\n<h4 class=\"wp-block-heading\">2.2.3.11 Mitgliedschaft in der Gesellschaft der Kundschafter<\/h4>\n\n\n\n<p>W\u00e4hrend ihrer Ausbildung erreichen Kunschafter Novizen ein gewisses Niveau in den Lehren aller drei Schulen, von da an spezialisieren sich einige auf den Lehrplan einer der Schulen und bauen lebenslange berufliche Kontakte mit gleichgesinnten Gelehrten auf, w\u00e4hrend andere ihre Zeit weiterhin auf die verschiedenen Schulen aufteilen. Diese Kontakte zahlen sich im Laufe der Karriere eines Pfadfinders in Form von Geschenken von Kollegen aus. In der Praxis stellen diese Beziehungen den Charakteren zu Beginn jedes Szenarios ein oder mehrere Verbrauchsmaterialien zur Verf\u00fcgung. Im Gegenzug wird vom Feldforscher erwartet, dass er sich f\u00fcr den Gefallen revanchiert, indem er zwischen den Eins\u00e4tzen Arbeitskraft, p\u00e4dagogisches Fachwissen, Laborunterst\u00fctzung oder mehr beisteuert und diese beruflichen Beziehungen verst\u00e4rkt.<\/p>\n\n\n\n<p>Eine andere M\u00f6glichkeit, der Pathfinder Society beizutreten, besteht \u00fcber eine Feldbef\u00f6rderung von einem anderen Agenten oder einem Venture-Captain der Society. Charaktere, die eine Feldbef\u00f6rderung erhalten haben, haben weniger Verbindungen zur Mitgliedschaft in der Gesellschaft und erhalten weniger Geschenke, haben aber weniger Verpflichtungen gegen\u00fcber der Gesellschaft und damit mehr Auszeit.<\/p>\n\n\n\n<h5 class=\"wp-block-heading\">2.2.3.11.1 Ausbildung als Kundschafter<\/h5>\n\n\n\n<p>Jeder Charakter sollte eine der folgenden Optionen w\u00e4hlen: Zauberspr\u00fcche, Schriftrollen, Schwerter, Generalist oder Feldbef\u00f6rdert. Jede dieser Auswahlm\u00f6glichkeiten gew\u00e4hrt auf der ersten Stufe eine Bonus Kenntnis und auf der f\u00fcnften Stufe ein Fertigkeitstalent. Jede Kundschafterausbildung (mit Ausnahme der Feldbef\u00f6rderung) gew\u00e4hrt au\u00dferdem ein Verbrauchsmaterial zu Beginn jeder Mission. [[xxx Link einf\u00fcgen xxx]<\/p>\n\n\n\n<p><em>Anm. d. \u00dcb.: Erneut die Anmerkung auch an dieser Stelle: Nur noch ein Verbrauchsmaterial zu Beginn des Abenteuers.<\/em><\/p>\n\n\n\n<figure class=\"wp-block-table\"><table><tbody><tr><td><strong>Kundschafter Ausbildung<\/strong><\/td><td><strong>Bonus Kenntnis<br>(w\u00e4hle eine)<\/strong><\/td><td><strong>Bonus Talent (5. Stufe)<br>(w\u00e4hle eines)<\/strong><\/td><\/tr><tr><td>Zauber<\/td><td>Akademisches Wissen Architektur Kr\u00e4uterkunde Gesellschaft der Kundschafter<\/td><td>Gesp\u00fcr f\u00fcr Magie (GRW 261) Routine (GRW 265) Schnelles Identifizieren (GRW 266) Zauber erkennen (GRW 269)<\/td><\/tr><tr><td>Schriftrollen<\/td><td>Bibliothekskunde Buchhaltung Gesellschaft der Kundschafter Schreiberwissen<\/td><td>Automatisches Wissen (GRW 258) Gassenwissen (GRW 260) Routine (GRW 265) Vielsprachig (GRW 268)<\/td><\/tr><tr><td>Schwerter<\/td><td>Gesellschaft der Kundschafter Gladiatorenkunde Kriegskunde Sp\u00e4herkunde<\/td><td>Erh\u00f6hte Tragkapazit\u00e4t (GRW 260) Katzenhafte Landung (GRW 262) Schnelles R\u00fcstung anlegen (ZUS {xxx}) \u00dcberlebensspezialist (GRW 267)<\/td><\/tr><tr><td>Generalist<\/td><td>Akademisches Wissen Bibliothekskunde Gesellschaft der Kundschafter Sp\u00e4herkunde<\/td><td>Feldsanit\u00e4ter (GRW 260) H\u00f6fische Etikette (GRW 262) Vielsprachig (GRW 268) Zauber erkennen (GRW 269)<\/td><\/tr><tr><td>Feldbef\u00f6rdert<\/td><td>Handelskunde Ingenieurswissen Rechtskunde Unterweltkunde<\/td><td>Erfahrener Fachmann (GRW 259) Erfahrener Schmuggler (GRW 259) Schn\u00e4ppchenj\u00e4ger (GRW 266) Untr\u00fcgliche Kenntnis (GRW 268)<\/td><\/tr><\/tbody><\/table><\/figure>\n\n\n\n<p>GRW \u2013 Grundregelwerk<br>ZUS \u2013 Zusatzregeln<br>* Diese Quelle ist nicht in den Kernwerken enthalten. Du musst dieses Buch besitzen, um diese Option w\u00e4hlen zu k\u00f6nnen.<\/p>\n\n\n\n<p><\/p>\n\n\n\n<h4 class=\"wp-block-heading\">Changelog<\/h4>\n\n\n\n<h5 class=\"wp-block-heading\">27.10.2020:<\/h5>\n\n\n\n<ul class=\"wp-block-list\"><li>2.2.3.10.4: &#8220;Die Welt der Pathfinder Society&#8221; ge\u00e4ndert in &#8220;Die Welt Golarion&#8221;.<\/li><li>Zwei \u00c4nderungen von Typos, welche bereits in der deutschen Version korrigiert waren.<\/li><\/ul>\n\n\n\n<p><strong>30.04.2021<\/strong><\/p>\n\n\n\n<ul class=\"wp-block-list\"><li>Alles aktuell &#8211; keine \u00c4nderungen<\/li><\/ul>\n","protected":false},"excerpt":{"rendered":"<p>ACHTUNG: Bei Unklarheiten oder zur Beilegung von Streitigkeiten gilt in jedem Fall der Englische Guide. Dieser Disclaimer steht aktiv auf jeder Seite. Solltet ihr eine solche Unklarheit finden, kontaktiert mich bitte, damit ich einen entsprechenden Vermerk eintragen kann. Disclaimer f\u00fcr den Guide Quelle: http:\/\/www.organizedplayfoundation.org\/paizo\/guides\/pfs2guide-en\/character-creation-pfs2-en\/ Diese Seite beschreibt die Schritte zur Erstellung eines Charakters f\u00fcr die [&hellip;]<\/p>\n","protected":false},"author":1,"featured_media":0,"parent":241,"menu_order":2,"comment_status":"closed","ping_status":"closed","template":"","meta":{"footnotes":""},"class_list":["post-244","page","type-page","status-publish","hentry"],"_links":{"self":[{"href":"https:\/\/pfs2.talonzorch.de\/index.php?rest_route=\/wp\/v2\/pages\/244","targetHints":{"allow":["GET"]}}],"collection":[{"href":"https:\/\/pfs2.talonzorch.de\/index.php?rest_route=\/wp\/v2\/pages"}],"about":[{"href":"https:\/\/pfs2.talonzorch.de\/index.php?rest_route=\/wp\/v2\/types\/page"}],"author":[{"embeddable":true,"href":"https:\/\/pfs2.talonzorch.de\/index.php?rest_route=\/wp\/v2\/users\/1"}],"replies":[{"embeddable":true,"href":"https:\/\/pfs2.talonzorch.de\/index.php?rest_route=%2Fwp%2Fv2%2Fcomments&post=244"}],"version-history":[{"count":5,"href":"https:\/\/pfs2.talonzorch.de\/index.php?rest_route=\/wp\/v2\/pages\/244\/revisions"}],"predecessor-version":[{"id":525,"href":"https:\/\/pfs2.talonzorch.de\/index.php?rest_route=\/wp\/v2\/pages\/244\/revisions\/525"}],"up":[{"embeddable":true,"href":"https:\/\/pfs2.talonzorch.de\/index.php?rest_route=\/wp\/v2\/pages\/241"}],"wp:attachment":[{"href":"https:\/\/pfs2.talonzorch.de\/index.php?rest_route=%2Fwp%2Fv2%2Fmedia&parent=244"}],"curies":[{"name":"wp","href":"https:\/\/api.w.org\/{rel}","templated":true}]}}