{"id":247,"date":"2020-09-23T15:41:05","date_gmt":"2020-09-23T15:41:05","guid":{"rendered":"http:\/\/pfs2.talonzorch.de\/?page_id=247"},"modified":"2021-04-30T15:10:48","modified_gmt":"2021-04-30T15:10:48","slug":"2-3-belohnungen-fuer-spieler","status":"publish","type":"page","link":"https:\/\/pfs2.talonzorch.de\/?page_id=247","title":{"rendered":"2.3 Belohnungen f\u00fcr Spieler"},"content":{"rendered":"\n<blockquote class=\"wp-block-quote has-text-align-center is-layout-flow wp-block-quote-is-layout-flow\"><p><strong><em>ACHTUNG: Bei Unklarheiten oder zur Beilegung von Streitigkeiten gilt in jedem Fall der Englische Guide. Dieser Disclaimer steht aktiv auf jeder Seite. Solltet ihr eine solche Unklarheit finden, kontaktiert mich bitte, damit ich einen entsprechenden Vermerk eintragen kann.<\/em><\/strong><\/p><cite>Disclaimer f\u00fcr den Guide<\/cite><\/blockquote>\n\n\n\n<p>Quelle: http:\/\/www.organizedplayfoundation.org\/paizo\/guides\/pfs2guide-en\/character-rewards-pfs2-en\/<\/p>\n\n\n\n<h3 class=\"wp-block-heading\">2.3.1 Vorteile (Boons)<\/h3>\n\n\n\n<p>Vorteile sind Belohnungen, die auf einen Charakter angewendet werden k\u00f6nnen. G\u00e4ngige Arten von Vorteilen sind Errungenschaftspunkte (Achievemnet-Punkte (AcP)), Chronik oder Fraktion. Vorteilehaben oft Kategorien, die beschreiben, wie der Segen wirkt. Es gibt einige Vorteilskategorien, die eine besondere Erw\u00e4hnung verdienen:<\/p>\n\n\n\n<p><strong>Experte (Advanced)<\/strong> Vorteile mit der Kategorie Experte (Advanced) sind typischerweise m\u00e4chtiger als andere Vorteile. Charaktere k\u00f6nnen w\u00e4hrend eines Abenteuers nur durch einen einzelnen Expertenvorteil profitieren. <\/p>\n\n\n\n<p><strong>Verb\u00fcndeter (Ally)<\/strong> Ein Vorteil dieser Kategorie stellt oftmals auch einen Spielstein oder Aufsteller bereit, durch welchen der Verb\u00fcndete dargestellt wird. Man kann einen Vorteil dieser Kategorie, welcher einen Spielstein auf das Spielfeld bringen w\u00fcrde, nicht einsetzen, wenn der SC bereits einen zweiten Spielstein \/ Figur im Spiel hat.<\/p>\n\n\n\n<p><strong>Promo (Promotional)<\/strong> Diese Vorteile belohnen Spieler daf\u00fcr, Werbung f\u00fcr die Society zu machen oder werden f\u00fcr au\u00dferordentliche Hilfe der Society verliehen. Charaktere k\u00f6nnen w\u00e4hrend eines Abenteuers nur durch einen einzelnen Promovorteil profitieren.<br><em>Anm. d. \u00dcb.: Im Englischen Text steht auch hier, dass Charaktere nur durch einen einzelnen Advanced Boon Vorteile erhalten k\u00f6nnen. Ich habe das einmal entsprechend angepasst, da ich denke, dass es sich hierbei nur um einen Typo handelt. <\/em><\/p>\n\n\n\n<p>Sofern der Vorteil es nicht anders angibt kannst du jeweils nur ein Exemplar eines Vorteils einem Charakter zuteil werden lassen. <\/p>\n\n\n\n<p><em>Anm. d. \u00dcb.: Hier fehlt noch die Aufschl\u00fcsselung, wie viele Vorteilspl\u00e4tze und welcher Art man Vorteilspl\u00e4tze hat. Wahrscheinlich gilt hier immer noch das Alte System. <\/em><\/p>\n\n\n\n<h4 class=\"wp-block-heading\">2.3.1.1 Promo Vorteile (Promotional Boons)<\/h4>\n\n\n\n<h5 class=\"wp-block-heading\"><strong>Promo Zubeh\u00f6r (Promotional Accessory)<\/strong><\/h5>\n\n\n\n<p><strong>Promo<\/strong><\/p>\n\n\n\n<p><strong>Voraussetzungen<\/strong> Der Spieler tr\u00e4gt einen Gegenstand, welcher die Pathfinder Society bewirbt.<\/p>\n\n\n\n<p>Bis zu zweimal pro Abenteuer kannst du eine Aktion nutzen um deinen Zustand Ver\u00e4ngstigt oder Benommen um 1 zu reduzieren.<\/p>\n\n\n\n<p><strong>Speziell:<\/strong> Ein SC kann nur von einem Promo Vorteil pro Spiel profitieren.<\/p>\n\n\n\n<p><\/p>\n\n\n\n<h5 class=\"wp-block-heading\"><strong>Promo Dienstbelohnung (Promotional Service Award)<\/strong><\/h5>\n\n\n\n<p><strong>Promo<\/strong><\/p>\n\n\n\n<p><strong>Voraussetzungen<\/strong> Der Spieler besitzt eine Kampagnenm\u00fcnze oder ist Mitglied im <a href=\"http:\/\/paizo.com\/community\/blog\/v5748dyo5lj17?OPC-Log-15-Arodus-4716\">Order of the Wayfinder<\/a><\/p>\n\n\n\n<p>Freiwillige, welche au\u00dfergew\u00f6hnliche Beitr\u00e4ge zum Organisierten Spiel leisten, k\u00f6nnen als Anerkennung f\u00fcr ihre harte Arbeit eine Kampagnenm\u00fcnze erhalten oder in den Order of the Wayfinder aufgenommen werden. Wenn du diesen Vorteil einsetzt, erh\u00e4ltst du zu Beginn des Abenteuers einen zus\u00e4tzlichen Heldenpunkt. Zus\u00e4tzlich zu den normalen Kr\u00e4ften eines Heldenpunktes kannst du diesen besonderen Heldenpunkt auch ausgeben, um es einem anderen Spieler zu erm\u00f6glichen, einen Wurf zu wiederholen.<\/p>\n\n\n\n<p><strong>Speziell:<\/strong> Ein SC kann nur einen Promo Vorteil zur Zeit ausr\u00fcsten.<\/p>\n\n\n\n<p><em>Anm. d. \u00dcb.: Im Original steht bei den Voraussetzungen nur ein Komma, was faktisch sowohl Kampagnenm\u00fcnze als auch Order of the Wayfinder zur Voraussetzung macht. Nach Recherche \u00fcber den Order of the Wayfinder gehe ich davon aus, dass hier ein &#8220;oder&#8221; gemeint ist, und kein &#8220;und&#8221;.<\/em><\/p>\n\n\n\n<p><\/p>\n\n\n\n<h5 class=\"wp-block-heading\"><strong>Promo Bekleidung (Promotional Vestments)<\/strong><\/h5>\n\n\n\n<p><strong>Promo<\/strong><\/p>\n\n\n\n<p><strong>Voraussetzungen<\/strong> Der Spieler tr\u00e4gt ein Kleidungsst\u00fcck, welches die Pathfinder Society bewirbt. Dies k\u00f6nnte ein Volunteer Shirt sein, das Shirt einer Pathfinder Loge oder ein Pathfinder Cosplay.<\/p>\n\n\n\n<p>Wenn du einen Heldenpunkt einsetzt, um einen Wurf zu wiederholen, erh\u00e4ltst du einen +1 Bonus auf diesen Wiederholungswurf.<\/p>\n\n\n\n<p><strong>Speziell:<\/strong> Ein SC kann nur einen Promo Vorteil zur Zeit ausr\u00fcsten.<\/p>\n\n\n\n<p><\/p>\n\n\n\n<h3 class=\"wp-block-heading\">2.3.2 Errungenschaftspunkte (Achievement Points)<\/h3>\n\n\n\n<p>Spieler erlangen Errungenschaftspunkte (AcP) indem sie an Pathfinder Society Spielen teilnehmen und diese gemeldet werden. AcP sind eine Online W\u00e4hrung mit welcher Vorteile f\u00fcr den Charakter erworben werden k\u00f6nnen. Derzeit gibt es drei Stufen von AcP Events. Die Anzahl an erworbenen Punkten h\u00e4ngt von der Zeit des Events, der Eventstufe und der Beteiligung zusammen, wie man aus der unten stehenden Tabelle ersehen kann. Es gibt folgende Eventstufen:<\/p>\n\n\n\n<ul class=\"wp-block-list\"><li><strong>Standard Event: <\/strong>Spiele die in L\u00e4den, zu Hause oder an anderen Orten gespielt werden.<\/li><li><strong>Premier Event: <\/strong>Speiele, die bei Conventions und lokalen Events gespielt werden, welche Teil des Regional Support Program sind.<\/li><li><strong>Premier Plus Event: <\/strong>Von Paizo gesponserte Conventions und Conventions, welche mehr als 75 Bl\u00f6cke an organisiertem Spiel anbieten.<\/li><\/ul>\n\n\n\n<h4 class=\"wp-block-heading\">2.3.2.1 Tabelle 6-1: Typische Errungenschaftsbelohnungen<\/h4>\n\n\n\n<figure class=\"wp-block-table\"><table><tbody><tr><td><strong>Abenteuer XP<\/strong><\/td><td><strong>Spieler \/ SL<\/strong><\/td><td><strong>Standard<br>Event<\/strong><\/td><td><strong>Premier<br>Event<\/strong><\/td><td><strong>Premier +<br>Event<\/strong><\/td><\/tr><tr><td>1 XP (Quest, Bounty, etc)<\/td><td>Spieler<\/td><td>1<\/td><td>1<\/td><td>1,5<\/td><\/tr><tr><td>&nbsp;<\/td><td>SL<\/td><td>2<\/td><td>2,5<\/td><td>3<\/td><\/tr><tr><td>4 XP (Szenario)<\/td><td>Spieler<\/td><td>4<\/td><td>5<\/td><td>6<\/td><\/tr><tr><td>&nbsp;<\/td><td>SL<\/td><td>8<\/td><td>10<\/td><td>12<\/td><\/tr><tr><td>12 XP (Einige Abenteuer, Abenteuerpfadb\u00fccher*)<\/td><td>Spieler<\/td><td>12<\/td><td>15<\/td><td>18<\/td><\/tr><tr><td>&nbsp;<\/td><td>SL<\/td><td>24<\/td><td>30<\/td><td>36<\/td><\/tr><\/tbody><\/table><\/figure>\n\n\n\n<p>* Nicht alle Abenteuer oder Abenteuerpfadb\u00fccher gew\u00e4hren 12 XP. Schaue f\u00fcr die Details in das jeweils offizielle Sanktionierungsdokument.<\/p>\n\n\n\n<p>Eine Liste der Errungenschafts-Belohnungen findet ihr auf der Registerkarte &#8220;Boon&#8221; eurer &#8220;My Organized Play&#8221; Seite auf paizo.com. <\/p>\n\n\n\n<p>Um einen Vorteil zu kaufen, w\u00e4hlen Sie einen Charakter aus der Dropdown-Liste und klicken Sie dann auf die Kauf-Schaltfl\u00e4che des gew\u00fcnschten Vorteils. Eine Liste der gekauften Vorteile erscheint unten auf der Seite. Jeder gekaufte Segen generiert einen herunterladbaren, druckbaren Vorteil. AcP-Vorteile sollten bei den Chronikb\u00f6gen gespeichert werden, entweder digital oder zusammen mit physischen Bl\u00e4ttern.<\/p>\n\n\n\n<h3 class=\"wp-block-heading\">2.3.3 Einzelh\u00e4ndlerprogramm<\/h3>\n\n\n\n<p>Das Retail Incentive Program (RIP) belohnt Spieler mit Belohnungen f\u00fcr ihre Charaktere, wenn sie Einzelh\u00e4ndler unterst\u00fctzen, die Raum f\u00fcr Organized Play-Aktivit\u00e4ten zur Verf\u00fcgung stellen. Eink\u00e4ufe, die innerhalb eines bestimmten Zeitrahmens vor Ort get\u00e4tigt werden, z\u00e4hlen nach Tisch und schalten Vorteile f\u00fcr das n\u00e4chste Spiel auf verschiedenen Ebenen frei, darunter auch einige, welche die Schwere von Misserfolgen verringern. Die Implementierungsmethoden sind von Gesch\u00e4ft zu Gesch\u00e4ft unterschiedlich und werden den Teilnehmern zur \u00dcberpr\u00fcfung ausgeh\u00e4ngt. F\u00fcr weitere Informationen lesen Sie die vollst\u00e4ndige Richtlinie und wenden Sie sich f\u00fcr Einzelheiten an Ihren Veranstaltungsorganisator. [[LINK]]<\/p>\n\n\n\n<h3 class=\"wp-block-heading\">2.3.4 Hintergr\u00fcnde der Vorfahren (Legacy Backgrounds)<\/h3>\n\n\n\n<p>Auch wenn Charakter aus der ersten Edition nicht in das aktuelle Pathfinder Society Kampagnenset \u00fcberf\u00fchrt werden k\u00f6nnen, haben ihre Taten doch die neuesten Abenteurer der Gesellschaft der Kundschafter gepr\u00e4gt. F\u00fcr jede der elf Saisons in der Legacy Kampagne kann ein Spieler einen besonderen Legacy Charakterhintergrund freischalte, wenn er f\u00fcnf oder mehr Szenarien der jeweiligen Saison gespielt hat. Diese Hintergr\u00fcnde sind einzigartig f\u00fcr die Pathfinder Society Kampagne.&nbsp;Siehe <a href=\"http:\/\/pfs2.talonzorch.de\/?page_id=249\" data-type=\"page\" data-id=\"249\">Legacy Backgrounds<\/a>.<\/p>\n\n\n\n<h3 class=\"wp-block-heading\">2.3.5 Fraktions Reputation (Faction Reputation)<\/h3>\n\n\n\n<p>Durch die Vertretung einer Fraktion bei Abenteuern oder die Teilnahme an Abenteuern, die f\u00fcr die Interessen einer Fraktion von entscheidender Bedeutung sind, gewinnt ein Charakter an Reputation bei der vertretenen Fraktion. Je gr\u00f6\u00dfer das Ansehen eines Charakters ist, desto angesehener und einflussreicher ist er bei dieser Fraktion. Charaktere k\u00f6nnen in ihrer Karriere mehr als eine Fraktion vertreten, aber nur eine pro Abenteuer. Einige Szenarien gew\u00e4hren einen Reputationsbonus bei bestimmten Fraktionen; dies hindert Charaktere nicht daran, sich daf\u00fcr zu entscheiden, eine andere Fraktion zu vertreten.<\/p>\n\n\n\n<p>Die Pathfinder Society verwendet das Subsystem Ruf (Spielleiterhandbuch S. 164) mit den folgenden Modifikationen:<\/p>\n\n\n\n<h4 class=\"wp-block-heading\">2.3.5.1 Tabelle 6-2: Reputationen<\/h4>\n\n\n\n<figure class=\"wp-block-table\"><table><tbody><tr><td><strong>Reputation<\/strong><\/td><td><strong>Reputationspunkte<\/strong><\/td><\/tr><tr><td>Gleichg\u00fcltig<\/td><td>0-19<\/td><\/tr><tr><td>Beliebt<\/td><td>20-59<\/td><\/tr><tr><td>Bewundert<\/td><td>60-119<\/td><\/tr><tr><td>Verehrt<\/td><td>120+<\/td><\/tr><\/tbody><\/table><\/figure>\n\n\n\n<p>Die Reputation in PFS verwendet keine negativen Werte. Gr\u00f6\u00dfere Verst\u00f6\u00dfe f\u00fchren zu Ruchlosigkeit (Infamy).<\/p>\n\n\n\n<p>Charakterbelohnungen, die durch Reputation freigeschaltet werden, finden Sie auf der Registerkarte Boons auf Ihrer &#8220;My Organized Play&#8221; Seite . Diese Belohnungen hei\u00dfen Reputationsbelohnungen (Reputation Rewards) und k\u00f6nnen auf der Grundlage des Ansehens bei einer einzelnen Fraktion freigeschaltet werden, oder auf der Grundlage des gesamten Ansehens, das Ihr Charakter bei allen Fraktionen erworben hat.<\/p>\n\n\n\n<h3 class=\"wp-block-heading\">2.3.6 Andere Belohnungen<\/h3>\n\n\n\n<p>Pathfinder Society Organized Play ver\u00f6ffentlicht regelm\u00e4\u00dfig zus\u00e4tzliche Preise f\u00fcr besondere Veranstaltungen. Die h\u00e4ufigste davon sind Wohlt\u00e4tigkeitspreise, bei denen es sich um Ingame-Vorteile handelt, die an autorisierte Wohlt\u00e4tigkeitsveranstaltungen geschickt werden, um Geld f\u00fcr gute Zwecke zu sammeln. Weitere Informationen \u00fcber Wohlt\u00e4tigkeitspreise erhalten Sie beim Organisator der Veranstaltung.<\/p>\n\n\n\n<p><\/p>\n\n\n\n<h4 class=\"wp-block-heading\">Changelog<\/h4>\n\n\n\n<h5 class=\"wp-block-heading\">27.10.2020:<\/h5>\n\n\n\n<ul class=\"wp-block-list\"><li>2.3.1.1: Typo war schon korrigiert.<\/li><li>2.3.5. Belohnungen in Reputationsbelohnungen umbenannt<\/li><\/ul>\n\n\n\n<p><strong>30.04.2021<\/strong><\/p>\n\n\n\n<ul class=\"wp-block-list\"><li>Alles aktuell &#8211; keine \u00c4nderungen<\/li><\/ul>\n","protected":false},"excerpt":{"rendered":"<p>ACHTUNG: Bei Unklarheiten oder zur Beilegung von Streitigkeiten gilt in jedem Fall der Englische Guide. Dieser Disclaimer steht aktiv auf jeder Seite. Solltet ihr eine solche Unklarheit finden, kontaktiert mich bitte, damit ich einen entsprechenden Vermerk eintragen kann. Disclaimer f\u00fcr den Guide Quelle: http:\/\/www.organizedplayfoundation.org\/paizo\/guides\/pfs2guide-en\/character-rewards-pfs2-en\/ 2.3.1 Vorteile (Boons) Vorteile sind Belohnungen, die auf einen Charakter angewendet [&hellip;]<\/p>\n","protected":false},"author":1,"featured_media":0,"parent":241,"menu_order":3,"comment_status":"closed","ping_status":"closed","template":"","meta":{"footnotes":""},"class_list":["post-247","page","type-page","status-publish","hentry"],"_links":{"self":[{"href":"https:\/\/pfs2.talonzorch.de\/index.php?rest_route=\/wp\/v2\/pages\/247","targetHints":{"allow":["GET"]}}],"collection":[{"href":"https:\/\/pfs2.talonzorch.de\/index.php?rest_route=\/wp\/v2\/pages"}],"about":[{"href":"https:\/\/pfs2.talonzorch.de\/index.php?rest_route=\/wp\/v2\/types\/page"}],"author":[{"embeddable":true,"href":"https:\/\/pfs2.talonzorch.de\/index.php?rest_route=\/wp\/v2\/users\/1"}],"replies":[{"embeddable":true,"href":"https:\/\/pfs2.talonzorch.de\/index.php?rest_route=%2Fwp%2Fv2%2Fcomments&post=247"}],"version-history":[{"count":6,"href":"https:\/\/pfs2.talonzorch.de\/index.php?rest_route=\/wp\/v2\/pages\/247\/revisions"}],"predecessor-version":[{"id":526,"href":"https:\/\/pfs2.talonzorch.de\/index.php?rest_route=\/wp\/v2\/pages\/247\/revisions\/526"}],"up":[{"embeddable":true,"href":"https:\/\/pfs2.talonzorch.de\/index.php?rest_route=\/wp\/v2\/pages\/241"}],"wp:attachment":[{"href":"https:\/\/pfs2.talonzorch.de\/index.php?rest_route=%2Fwp%2Fv2%2Fmedia&parent=247"}],"curies":[{"name":"wp","href":"https:\/\/api.w.org\/{rel}","templated":true}]}}