{"id":263,"date":"2020-09-23T15:47:57","date_gmt":"2020-09-23T15:47:57","guid":{"rendered":"http:\/\/pfs2.talonzorch.de\/?page_id=263"},"modified":"2021-04-30T15:14:42","modified_gmt":"2021-04-30T15:14:42","slug":"3-5-mit-dem-unerwarteten-umgehen","status":"publish","type":"page","link":"https:\/\/pfs2.talonzorch.de\/?page_id=263","title":{"rendered":"3.5 Mit dem Unerwarteten umgehen"},"content":{"rendered":"\n<blockquote class=\"wp-block-quote has-text-align-center is-layout-flow wp-block-quote-is-layout-flow\"><p><strong><em>ACHTUNG: Bei Unklarheiten oder zur Beilegung von Streitigkeiten gilt in jedem Fall der Englische Guide. Dieser Disclaimer steht aktiv auf jeder Seite. Solltet ihr eine solche Unklarheit finden, kontaktiert mich bitte, damit ich einen entsprechenden Vermerk eintragen kann.<\/em><\/strong><\/p><cite>Disclaimer f\u00fcr den Guide<\/cite><\/blockquote>\n\n\n\n<p>Quelle: http:\/\/www.organizedplayfoundation.org\/paizo\/guides\/pfs2guide-en\/dealing-with-the-unexpected\/<\/p>\n\n\n\n<p>W\u00e4hrend die SL-Grundlagen alle Regeln enthalten, die Sie als SL ben\u00f6tigen, passieren manchmal unerwartete Dinge. Diese Seite enth\u00e4lt allgemeine Ratschl\u00e4ge f\u00fcr den Fall, dass dies passiert. Denken Sie daran, dass Sie sich jederzeit an Ihren Veranstaltungskoordinator oder die lokalen Venture Officers wenden k\u00f6nnen, wenn Sie Ratschl\u00e4ge zu einem dieser Themen ben\u00f6tigen.<\/p>\n\n\n\n<h3 class=\"wp-block-heading\">3.5.1 Umgang mit Fehlern auf Chronikb\u00f6gen<\/h3>\n\n\n\n<p>Wenn Ihnen beim Durchsehen einer Chronik etwas auff\u00e4llt, das Ihnen nicht in Ordnung zu sein scheint, k\u00f6nnen Sie den Spieler bitten, Ihnen eventuelle Unstimmigkeiten zu erkl\u00e4ren. Denken Sie daran, dass es sich bei Fehlern viel eher um ehrliche Fehler als um absichtliches Betr\u00fcgen handelt, und dass es m\u00f6glich ist, dass es \u00fcberhaupt keine Fehler sind. Die meisten Fehler entpuppen sich als nachteilig f\u00fcr die Charaktere, nicht zu ihrem Vorteil!<\/p>\n\n\n\n<p>Wenn Sie den Spieler nach einer Diskrepanz fragen, sprechen Sie mit ihm ruhig, nett und unvoreingenommen. L\u00f6sen Sie alle Probleme so fair wie m\u00f6glich. Wenn der Charakter zum Beispiel eine Option gew\u00e4hlt hat, zu der er keinen Zugang hatte oder die seinem Charakter nicht zur Verf\u00fcgung stand, lassen Sie ihn stattdessen eine andere Option w\u00e4hlen. Wenn sie f\u00fcr einen Gegenstand, den sie haben, nicht den vollen Preis bezahlt haben, k\u00f6nnen sie ihn vollst\u00e4ndig bezahlen oder, falls sie ihn noch nicht benutzt haben, den Gegenstand einfach aus der Ausr\u00fcstung ihres Charakters entfernen. Wenn sie zu viel f\u00fcr einen Gegenstand bezahlt haben, erstatten sie ihnen den Mehrpreis, den sie im Abschnitt &#8220;verkaufte Gegenst\u00e4nde&#8221; ihrer Chronik bezahlt haben, zur\u00fcck. Wenden Sie sich an Ihren Veranstaltungskoordinator, Venture-Captain oder Venture-Lieutenant, wenn Sie sich nicht sicher sind, wie Sie einen Fehler beheben k\u00f6nnen, oder wenn Sie und der Spieler sich nicht auf eine faire L\u00f6sung einigen k\u00f6nnen. Denken Sie daran, dass das Spiel Spa\u00df machen soll, also verschwenden Sie so wenig Zeit wie m\u00f6glich auf Drama und verbringen Sie so viel Zeit wie m\u00f6glich damit, Ihren Spielern ein spannendes, actionreiches Szenario zu bieten.<\/p>\n\n\n\n<h3 class=\"wp-block-heading\">3.5.2 Umgang mit Tod<\/h3>\n\n\n\n<p>Angesichts der Gefahren, denen Charaktere ausgesetzt sind, wenn sie einmal Pfadfinder geworden sind, ist der Tod eines Charakters eine sehr reale M\u00f6glichkeit (und eine notwendige, um ein Gef\u00fchl f\u00fcr Risiko und Gefahr im Spiel aufrechtzuerhalten). Bedenken Sie jedoch, dass f\u00fcr einen Spieler, der neu in der Gesellschaft der Kundschafter oder im Pathfinder-Rollenspiel im Allgemeinen ist, ein gewaltsamer Tod seines Charakters w\u00e4hrend des ersten Spiels ihn f\u00fcr die Kampagne und das Spiel insgesamt belasten kann. Wir bef\u00fcrworten zwar nicht das F\u00e4lschen von W\u00fcrfelw\u00fcrfen, aber ber\u00fccksichtigen Sie die Erfahrung der Spieler, wenn Sie entscheiden, ob Sie besonders t\u00f6dliche Taktiken anwenden oder ob ein Charakter in extremer Todesgefahr ist, insbesondere wenn der Spieler neu im Spiel ist. Die meisten Spieler, deren erste Erfahrung in einer Kampagne zu einem Charaktertod f\u00fchrt, kehren nicht in die Kampagne zur\u00fcck.<\/p>\n\n\n\n<p>\u00c4hnlich verh\u00e4lt es sich, wenn die gesamte Partei get\u00f6tet wird und nicht wieder zum Leben erweckt werden kann, dann ist der Tisch f\u00fcr alle in der Partei zu Ende. Das bedeutet, dass diesen Spielern bei einem Kongress ohne Spiel eine betr\u00e4chtliche Zeitspanne bis zu ihrer n\u00e4chsten Veranstaltung bleibt. Nat\u00fcrlich hoffen wir, dass solche totalen Partykills nie passieren (und bem\u00fchen uns, die Szenarien auszugleichen, um es unwahrscheinlich zu machen) &#8211; aber manchmal sind die W\u00fcrfel einfach nicht dabei und alle gehen ins Jenseits.<\/p>\n\n\n\n<h3 class=\"wp-block-heading\">3.5.3 Umgang mit Problemen au\u00dferhalb des Spiels<\/h3>\n\n\n\n<p>Manchmal hindern die Umst\u00e4nde einen Spieler daran, ein Szenario abzuschlie\u00dfen. Gr\u00fcnde daf\u00fcr sind unter anderem &#8211; aber nicht ausschlie\u00dflich &#8211; pers\u00f6nliche Notf\u00e4lle, Probleme mit der Ger\u00e4tebatterie, Probleme am Veranstaltungsort und schlechtes Timing. Um die Auswirkungen auf den Tisch abzuschw\u00e4chen, k\u00f6nnen SL nach eigenem Ermessen die Schwierigkeit des Szenarios oder die Herausforderungspunkte-Anpassung anpassen, um die neue Herausforderungspunkte-Summe des Tisches zu ber\u00fccksichtigen, den vorgenerierten Charakter einsetzen, der dem verlorenen PC am \u00e4hnlichsten ist, oder das Spiel verschieben, bis alle Spieler in der Lage sind, das Szenario abzuschlie\u00dfen. F\u00fcr den Fall, dass ein Charakterblatt aufgrund eines Batterieausfalls nicht mehr zug\u00e4nglich ist, kann der Spieler den vorgenerierten Charakter spielen und die Belohnungen des Szenarios auf seinen urspr\u00fcnglichen Charakter anwenden. In allen F\u00e4llen, in denen der SL eine der oben genannten Abhilfema\u00dfnahmen anwendet, basieren die Belohnungen f\u00fcr alle Spieler auf der niedrigsten Unterstufe, die w\u00e4hrend des Szenarios gespielt wird.<\/p>\n\n\n\n<p>Wenn ein Spieler gezwungen ist, den Tisch zu verlassen, und das Spiel weitergeht, sollte sich der SL bem\u00fchen, dem Spieler so schnell wie m\u00f6glich einen Chronikbogen zukommen zu lassen.&nbsp; Wenn er diesen Chronikbogen ausf\u00fcllt, sollte der Spieler 1 EP pro gespielter Stunde f\u00fcr Szenarien erhalten.&nbsp; Er erh\u00e4lt jeglichen Ruhm und Ansehen, das f\u00fcr die Aufgaben, die die Gruppe bis zu diesem Zeitpunkt erledigt hat, belohnt wird, sowie alle gefundenen Schatzb\u00fcndel und alle gefundenen Gegenst\u00e4nde, die in dem Chronikbogen aufgef\u00fchrt sind.<\/p>\n\n\n\n<p>Im (hoffentlich seltenen) Fall eines medizinischen Notfalls (definiert als ein Spieler, der eine sofortige, unerwartete, professionelle medizinische Behandlung ben\u00f6tigt) sollte der Chronikbogen so ausgef\u00fcllt werden, als ob der Spieler f\u00fcr den Rest des Spiels geblieben w\u00e4re und die gleichen Leistungen wie der Rest des Tisches erhalten w\u00fcrde.&nbsp;<\/p>\n\n\n\n<h3 class=\"wp-block-heading\">3.5.4 Umgang mit Ablenkungen<\/h3>\n\n\n\n<p>Kein Spieltisch ist v\u00f6llig frei von Ablenkungen. Wenn jedoch etwas (wie z.B. ein elektronisches Ger\u00e4t) eine andauernde Ablenkung erzeugt, kann ein SL verlangen, dass der Spieler das Ger\u00e4t beiseite legt oder seine eigene Nutzung des Ger\u00e4ts \u00fcberwacht (z.B. wenn er nicht auch einen Tablet-Computer zum Spielen eines Videospiels verwendet). Wenn das Ger\u00e4t weiterhin eine Ablenkung darstellt, hat der SL das Recht, diesen bestimmten Gegenstand f\u00fcr die Dauer des Spiels zu verbieten.<\/p>\n\n\n\n<h3 class=\"wp-block-heading\">3.5.5 Mogeln<\/h3>\n\n\n\n<p>Betrug ist selten, und es kann ein recht hitziges Thema sein. Wenn du den Verdacht hast, dass ein Spieler betr\u00fcgt, ist es immer eine gute Idee, einen Schritt zur\u00fcckzutreten und die M\u00f6glichkeit in Betracht zu ziehen, dass er stattdessen einen ehrlichen Fehler macht. Ungenaue Zahlen auf einem Charakterblatt oder Fehler auf einem Chronikblatt sind viel wahrscheinlicher als absichtliches Schummeln. Wenn du diese Probleme siehst, bleibe unvoreingenommen und arbeite mit dem Spieler zusammen, um das Problem zu l\u00f6sen. Andere Probleme, wie z.B. L\u00fcgen \u00fcber die Ergebnisse eines W\u00fcrfelwurfs oder den Inhalt des Charakterbogens oder Regelverst\u00f6\u00dfe, selbst wenn man dar\u00fcber informiert ist, was sie sind, sind klarer zu erkennen. Wenn du glaubst, dass der Spieler betr\u00fcgt, notiere dir die Organized Play Nummer des betreffenden Spielers und bitte ihn dann, deinen Tisch zu verlassen. Schicke danach eine E-Mail an die Mitarbeiter der Pathfinder Society unter organizedplay@paizo.com, in der du die Nummer der des Spielers und so viele Einzelheiten \u00fcber die Situation angibst, wie dir m\u00f6glich ist.<\/p>\n\n\n\n<p><\/p>\n\n\n\n<h4 class=\"wp-block-heading\">Changelog<\/h4>\n\n\n\n<h5 class=\"wp-block-heading\">27.10.2020:<\/h5>\n\n\n\n<ul class=\"wp-block-list\"><li>Keine \u00c4nderungen<\/li><\/ul>\n\n\n\n<p><strong>30.04.2021<\/strong><\/p>\n\n\n\n<ul class=\"wp-block-list\"><li>Alles aktuell &#8211; keine \u00c4nderungen<\/li><\/ul>\n","protected":false},"excerpt":{"rendered":"<p>ACHTUNG: Bei Unklarheiten oder zur Beilegung von Streitigkeiten gilt in jedem Fall der Englische Guide. Dieser Disclaimer steht aktiv auf jeder Seite. Solltet ihr eine solche Unklarheit finden, kontaktiert mich bitte, damit ich einen entsprechenden Vermerk eintragen kann. Disclaimer f\u00fcr den Guide Quelle: http:\/\/www.organizedplayfoundation.org\/paizo\/guides\/pfs2guide-en\/dealing-with-the-unexpected\/ W\u00e4hrend die SL-Grundlagen alle Regeln enthalten, die Sie als SL ben\u00f6tigen, [&hellip;]<\/p>\n","protected":false},"author":1,"featured_media":0,"parent":253,"menu_order":5,"comment_status":"closed","ping_status":"closed","template":"","meta":{"footnotes":""},"class_list":["post-263","page","type-page","status-publish","hentry"],"_links":{"self":[{"href":"https:\/\/pfs2.talonzorch.de\/index.php?rest_route=\/wp\/v2\/pages\/263","targetHints":{"allow":["GET"]}}],"collection":[{"href":"https:\/\/pfs2.talonzorch.de\/index.php?rest_route=\/wp\/v2\/pages"}],"about":[{"href":"https:\/\/pfs2.talonzorch.de\/index.php?rest_route=\/wp\/v2\/types\/page"}],"author":[{"embeddable":true,"href":"https:\/\/pfs2.talonzorch.de\/index.php?rest_route=\/wp\/v2\/users\/1"}],"replies":[{"embeddable":true,"href":"https:\/\/pfs2.talonzorch.de\/index.php?rest_route=%2Fwp%2Fv2%2Fcomments&post=263"}],"version-history":[{"count":5,"href":"https:\/\/pfs2.talonzorch.de\/index.php?rest_route=\/wp\/v2\/pages\/263\/revisions"}],"predecessor-version":[{"id":529,"href":"https:\/\/pfs2.talonzorch.de\/index.php?rest_route=\/wp\/v2\/pages\/263\/revisions\/529"}],"up":[{"embeddable":true,"href":"https:\/\/pfs2.talonzorch.de\/index.php?rest_route=\/wp\/v2\/pages\/253"}],"wp:attachment":[{"href":"https:\/\/pfs2.talonzorch.de\/index.php?rest_route=%2Fwp%2Fv2%2Fmedia&parent=263"}],"curies":[{"name":"wp","href":"https:\/\/api.w.org\/{rel}","templated":true}]}}