{"id":27,"date":"2020-06-16T10:45:41","date_gmt":"2020-06-16T10:45:41","guid":{"rendered":"http:\/\/pfs2.talonzorch.de\/?page_id=27"},"modified":"2020-10-29T12:55:47","modified_gmt":"2020-10-29T12:55:47","slug":"pfs-ii-staffel-1","status":"publish","type":"page","link":"https:\/\/pfs2.talonzorch.de\/?page_id=27","title":{"rendered":"PFS II &#8211; Season 1 &#8211; The Year of the Open Road \/ Das Jahr der Offenen Wege"},"content":{"rendered":"\n<p>Das Thema der Season 1 in Pathfinder II Society sind die Urspr\u00fcnge, der Offenen Wege. Dereinst wurde ein Pakt geschmiedet von den Gr\u00fcndern der Gesellschaft der Kundschafter, welcher als der Pakt der Offenen Wege in die Geschichtsb\u00fccher einging (Pact of the Open Road). Dieser Pakt bildete das Fundament der Gesellschaft der Kundschafter und ist bis heute in der Glyphe der Gesellschaft wiedererkennbar. In dieser Season wird dieser Pakt n\u00e4her betrachtet und die Spieler sind in der Lage, die Ereignisse nachzuvollziehen, welche dereinst zu diesem Pakt gef\u00fchrt haben. <\/p>\n\n\n\n<h2 class=\"wp-block-heading\">Spezielle Szenarien<\/h2>\n\n\n\n<p>S01-SZ-99 &#8211; The Pathfinder Trials \/ Die Kundschafter Herausforderung<\/p>\n\n\n\n<h2 class=\"wp-block-heading\">Quests<\/h2>\n\n\n\n<p>S01-Q-01 &#8211; The Sandstone Secret \/ Das Sandstein Geheimnis<\/p>\n\n\n\n<p>S01-Q-02 &#8211; Unforgiving Fire \/ Erbarmungsloses Feuer<\/p>\n\n\n\n<p>S01-Q-03 &#8211; Grehundes Gorget \/ Grehundes Halskrause<\/p>\n\n\n\n<p>S01-Q-04 &#8211; Port Peril Pub Crawl \/ Kneipentour in Port F\u00e4hrnis<\/p>\n\n\n\n<p>S01-Q-05 &#8211; The Dragon who stole Evoking Day \/ Der Drache stahl den Anrufungstag<\/p>\n\n\n\n<p>S01-Q-06 &#8211; Archaeology in Aspenthar \/ Arch\u00e4ologie in Aspenthar<\/p>\n\n\n\n<p>S01-Q-07 &#8211; A Curious Claim \/ Eine tapfere Behauptung<\/p>\n\n\n\n<p>S01-Q-08 &#8211; Shadows of the Black Sovereign \/ Schatten des schwarzen Herrschers<\/p>\n\n\n\n<p>S01-Q-09 &#8211; Wayfinder Origins \/ Die Herkunft der Wegweiser<\/p>\n\n\n\n<p>S01-Q-10 &#8211; The Broken Scale \/ Die zerbrochene Schuppe<\/p>\n\n\n\n<p>S01-Q-11 &#8211; A Parchment Tree \/ Ein Baum aus Pergament<\/p>\n\n\n\n<p>S01-Q-12 &#8211; The Putrid Seed \/ Der verdorbene Samen<\/p>\n\n\n\n<h2 class=\"wp-block-heading\">Szenarien<\/h2>\n\n\n\n<p>S01-S-00 &#8211; Origin of the Open Road \/ Urspr\u00fcnge der Offenen Wege<\/p>\n\n\n\n<p>S01-S-01 &#8211; The Absalom Initiation \/ Die Einf\u00fchrung in Absalom<\/p>\n\n\n\n<p>S01-S-02 &#8211; The Mosquito Witch \/ Die Moskitohexe<\/p>\n\n\n\n<p>S01-S-03 &#8211; Escaping the Grave \/ Flucht aus dem Grab<\/p>\n\n\n\n<p>S01-S-04 &#8211; Bandits of Immenwood \/ Banditen aus dem Immenwald<\/p>\n\n\n\n<p>S01-S-05 &#8211; Trailblazers Bounty \/ Das Kopfgeld der Pioniere<\/p>\n\n\n\n<p>S01-S-06 &#8211; Lost on the Spirit Road \/ Verirrt auf der Geisterstra\u00dfe<\/p>\n\n\n\n<p>S01-S-07 &#8211; The Flooded Kings Court \/ Der \u00fcberflutete Hof des K\u00f6nigs<\/p>\n\n\n\n<p>S01-S-08 &#8211; Revolution on the Riverside \/ Revolte am Flussufer<\/p>\n\n\n\n<p>S01-S-09 &#8211; Star-Crossed Voyages \/ Reise unter einem schlechten Stern<\/p>\n\n\n\n<p>S01-S-10 &#8211; Tarnbreaeker&#8217;s Trail \/ Der Gebirgssee Treck<\/p>\n\n\n\n<p>S01-S-11 &#8211; Flames of Rebellion \/ Die Flammen der Rebellion<\/p>\n\n\n\n<p>S01-S-12 &#8211; The Burden of Envy \/ Die Last des Neids<\/p>\n\n\n\n<p>S01-S-13 &#8211; Devil at the Crossroads \/ Der Teufel am Kreuzweg<\/p>\n\n\n\n<p>S01-S-14 &#8211; Lions of Katapesh \/ Die L\u00f6wen von Katapesch<\/p>\n\n\n\n<p>S01-S-15 &#8211; The Blooming Catastrophe \/ Die bl\u00fchende Katastrophe<\/p>\n\n\n\n<p>S01-S-16 &#8211; The Perennial Crown I: The Opal of Bhopan \/ Die best\u00e4ndige Krone I: Der Opal von Bhopan<\/p>\n\n\n\n<p>S01-S-17 &#8211; The Perennial Crown II: The Thorned Monarch \/ Die best\u00e4ndige Krone II: Der Dornenherrscher<\/p>\n\n\n\n<p>S01-S-18 &#8211; The Lodge of the Living God \/ Die Loge des Lebendigen Gottes<\/p>\n\n\n\n<p>S01-S-19 &#8211; Iolite Squad Alpha \/ Ioliten Einheit Alpha<\/p>\n\n\n\n<p>S01-S-20 &#8211; The Lost Legend &#8211; Die verlorene Legende<\/p>\n\n\n\n<p>S01-S-21 &#8211; Mistress of the Maze \/ Herrin des Labyrinths<\/p>\n\n\n\n<p>S01-S-22 &#8211; Doom of Cassomir \/ Verderben von Cassomir<\/p>\n\n\n\n<p>S01-S-23 &#8211; The Star-Crossed Court \/ Der Hof unter schlechtem Stern<\/p>\n","protected":false},"excerpt":{"rendered":"<p>Das Thema der Season 1 in Pathfinder II Society sind die Urspr\u00fcnge, der Offenen Wege. Dereinst wurde ein Pakt geschmiedet von den Gr\u00fcndern der Gesellschaft der Kundschafter, welcher als der Pakt der Offenen Wege in die Geschichtsb\u00fccher einging (Pact of the Open Road). Dieser Pakt bildete das Fundament der Gesellschaft der Kundschafter und ist bis [&hellip;]<\/p>\n","protected":false},"author":1,"featured_media":0,"parent":42,"menu_order":1,"comment_status":"closed","ping_status":"closed","template":"","meta":{"footnotes":""},"class_list":["post-27","page","type-page","status-publish","hentry"],"_links":{"self":[{"href":"https:\/\/pfs2.talonzorch.de\/index.php?rest_route=\/wp\/v2\/pages\/27","targetHints":{"allow":["GET"]}}],"collection":[{"href":"https:\/\/pfs2.talonzorch.de\/index.php?rest_route=\/wp\/v2\/pages"}],"about":[{"href":"https:\/\/pfs2.talonzorch.de\/index.php?rest_route=\/wp\/v2\/types\/page"}],"author":[{"embeddable":true,"href":"https:\/\/pfs2.talonzorch.de\/index.php?rest_route=\/wp\/v2\/users\/1"}],"replies":[{"embeddable":true,"href":"https:\/\/pfs2.talonzorch.de\/index.php?rest_route=%2Fwp%2Fv2%2Fcomments&post=27"}],"version-history":[{"count":4,"href":"https:\/\/pfs2.talonzorch.de\/index.php?rest_route=\/wp\/v2\/pages\/27\/revisions"}],"predecessor-version":[{"id":34,"href":"https:\/\/pfs2.talonzorch.de\/index.php?rest_route=\/wp\/v2\/pages\/27\/revisions\/34"}],"up":[{"embeddable":true,"href":"https:\/\/pfs2.talonzorch.de\/index.php?rest_route=\/wp\/v2\/pages\/42"}],"wp:attachment":[{"href":"https:\/\/pfs2.talonzorch.de\/index.php?rest_route=%2Fwp%2Fv2%2Fmedia&parent=27"}],"curies":[{"name":"wp","href":"https:\/\/api.w.org\/{rel}","templated":true}]}}