{"id":35,"date":"2020-07-26T12:54:11","date_gmt":"2020-07-26T12:54:11","guid":{"rendered":"http:\/\/pfs2.talonzorch.de\/?page_id=35"},"modified":"2020-12-13T08:52:12","modified_gmt":"2020-12-13T08:52:12","slug":"pfs-ii-season-2-the-year-of-corruptions-reach-das-jahr-der-ausbreitung-der-korruption","status":"publish","type":"page","link":"https:\/\/pfs2.talonzorch.de\/?page_id=35","title":{"rendered":"PFS II \u2013 Season 2 \u2013 The Year of Corruptions Reach \/ Das Jahr der Ausbreitung der Korruption"},"content":{"rendered":"\n<p>In der Staffel 2 der Pathfinder 2 Organized Play Kampagne geht es in Richtung der W\u00f6lfer von Iobaria, um dem Land seine uralten Geheimnisse zu entrei\u00dfen. Diese Order geht direkt vom Dezemvirat aus &#8211; und wir k\u00f6nnen gespannt sein, was man in den Ruinen finden wird.<\/p>\n\n\n\n<h2 class=\"wp-block-heading\">Spezielle Szenarien<\/h2>\n\n\n\n<h3 class=\"wp-block-heading\">S02-SZ-00 &#8211; The King in Thorns \/ Der K\u00f6nig der Dornen<\/h3>\n\n\n\n<div class=\"wp-block-image\"><figure class=\"alignright is-resized\"><img loading=\"lazy\" decoding=\"async\" src=\"https:\/\/cdn.paizo.com\/image\/product\/catalog\/PZOP\/PZOPFS0200E.jpg\" alt=\"\" width=\"232\" height=\"300\"\/><\/figure><\/div>\n\n\n\n<p><strong>Stufe <\/strong>1-2, 3-4, 5-6, 7-8<\/p>\n\n\n\n<p><strong>Autor:<\/strong> Kate Baker und Dennis Muldoon<\/p>\n\n\n\n<p><strong>Tags: <\/strong>Metaplot<\/p>\n\n\n\n<p>In den Dschungeln des Mwangibeckens steht eine gro\u00dfe Gruppe aus Kundschaftern bereit um durch ein magisches Tor zu schreiten, dessen Mysterien bereits die Gr\u00fcnder der Gesellschaft der Kundschafter behindert haben. Was hinter diesem Durchgang liegt ist ebenso der Kernpunkt des Plans einer uralten b\u00f6sen Fee, dem Dornenk\u00f6nig. Werden die Kundschafter verlorene Feenmagie freisetzen, vergessene Geheimnisse aus der Geschichte der Gesellschaft bergen und die Welt von dem B\u00f6sen K\u00f6nig befreien oder werden sie den Dienern und Tricks der Fee erliegen?<\/p>\n\n\n\n<p>Ver\u00f6ffentlichung am 04. August 2021 (Dies ist ein Special, welches f\u00fcr das erste Jahr nur auf Conventions angeboten wird).<\/p>\n\n\n\n<h2 class=\"wp-block-heading\">Bounties<\/h2>\n\n\n\n<p>Die Bounties sind der Nachfolger der Quests aus Season 1. Diese sind durchweg wiederholbar und werden mit Society Charakteren gespielt, sind aber gleichsam von der Society ein wenig getrennt und erz\u00e4hlen die Geschichte eurer Charaktere neben den Erlebnissen in der Gesellschaft der Kundschafter.<\/p>\n\n\n\n<h3 class=\"wp-block-heading\">PFS #2-B-01 &#8211; The Whitefang Wyrm \/ Der Drache mit den wei\u00dfen Z\u00e4hnen<\/h3>\n\n\n\n<div class=\"wp-block-image\"><figure class=\"alignright is-resized\"><img loading=\"lazy\" decoding=\"async\" src=\"https:\/\/cdn.paizo.com\/image\/product\/catalog\/PZOP\/PZOPFB001E.jpg\" alt=\"\" width=\"182\" height=\"235\"\/><\/figure><\/div>\n\n\n\n<p><strong>Stufe <\/strong>1<\/p>\n\n\n\n<p><strong>Autor:<\/strong> Michael Sayre<\/p>\n\n\n\n<p><strong>Tags: <\/strong>Repeatable<\/p>\n\n\n\n<p>In der kalten Region, welche als die Krone der Welt bekannt ist, m\u00fcssen sich die Leute aus verschiedenen Kulturen zusammenraufen um die langen N\u00e4chte des Winters und das t\u00f6dliche Tauwetter des Fr\u00fchjahrs zu \u00fcberleben. Die Lebensweise dieser harten Grenzer wird jetzt durch eine schlangenartige Kreatur bedroht, welche sich des N\u00e4chtens einschleicht, die Netze der Fischer leer und auch von den R\u00e4uchergestellen das frische Fleisch stiehlt. Da die Leute der kleinen n\u00f6rdlichen Stadt Aaminiut dies nicht weiter geschehen lassen wollen, haben sie ein Kopfgeld auf die KLreatur &#8220;Den Drachen mit den wei\u00dfen Z\u00e4hnen&#8221; ausgesetzt.<\/p>\n\n\n\n<p>Ver\u00f6ffentlichung am 28. Oktober 2020<\/p>\n\n\n\n<p><a href=\"https:\/\/paizo.com\/products\/btq024ww?Pathfinder-Society-Bounty-1-The-Whitefang-Wyrm\">https:\/\/paizo.com\/products\/btq024ww?Pathfinder-Society-Bounty-1-The-Whitefang-Wyrm<\/a><\/p>\n\n\n\n<p><\/p>\n\n\n\n<p><\/p>\n\n\n\n<h3 class=\"wp-block-heading\">PFS #2-B02: Blood of the Beautiful<\/h3>\n\n\n\n<div class=\"wp-block-image\"><figure class=\"alignright is-resized\"><img loading=\"lazy\" decoding=\"async\" src=\"https:\/\/cdn.paizo.com\/image\/product\/catalog\/PZOP\/PZOPFB0002E.jpg\" alt=\"\" width=\"225\" height=\"292\"\/><\/figure><\/div>\n\n\n\n<p><strong>Stufe <\/strong>1<\/p>\n\n\n\n<p><strong>Autor:<\/strong> Thurston Hillman<\/p>\n\n\n\n<p><strong>Tags: <\/strong>Repeatable<\/p>\n\n\n\n<p>Ein Landwirtschaftsposten in Druma sucht nach Abenteurern, um dem Mord an seinen preisgekr\u00f6nten Alpakas aufzukl\u00e4ren. Das Land von Farmer Harjack befindet sich n\u00f6rdlich der Stadt namens Petitioner&#8217;s Point und alles was er sicher wei\u00df ist, dass des Nachts eine Kreatur auftaucht und den Alpakas das Blut aussaugt &#8211; bevor sie wieder in der Finsternis der Nacht verschwindet. [Ein Schelm der hierbei an die Legende des Chupacabra denkt]. W\u00e4hrend die SC die umliegende Wildnis erkunden, m\u00fcssen sie all ihre F\u00e4higkeiten einsetzen um die Kreatur in ihrem Bau aufzusp\u00fcren und dieser Bedrohung Herr zu werden, bevor ihr noch mehr schutzlose Tiere zum Opfer fallen k\u00f6nnen.<\/p>\n\n\n\n<p>Ver\u00f6ffentlichung am 28. Oktober 2020<\/p>\n\n\n\n<p><a href=\"https:\/\/paizo.com\/products\/btq024zm?Pathfinder-Society-Bounty-2-Blood-of-the-Beautiful\">https:\/\/paizo.com\/products\/btq024zm?Pathfinder-Society-Bounty-2-Blood-of-the-Beautiful<\/a><\/p>\n\n\n\n<p><\/p>\n\n\n\n<p><\/p>\n\n\n\n<h3 class=\"wp-block-heading\">PFS #2-B03: Shadows and Scarecrows<\/h3>\n\n\n\n<div class=\"wp-block-image\"><figure class=\"alignright is-resized\"><img loading=\"lazy\" decoding=\"async\" src=\"https:\/\/cdn.paizo.com\/image\/product\/catalog\/PZOP\/PZOPFB0003E.jpg\" alt=\"\" width=\"212\" height=\"275\"\/><\/figure><\/div>\n\n\n\n<p><strong>Stufe <\/strong>1<\/p>\n\n\n\n<p><strong>Autor:<\/strong> Jacob W. Michaels<\/p>\n\n\n\n<p><strong>Tags: <\/strong>Repeatable<\/p>\n\n\n\n<p>In den von Schatten erf\u00fcllten Gassen und den Feldern von Nidal treibt eine Vogelscheuche ihr Unwesen. Sie greift sich Kinder aus den Hinterh\u00f6fen und der Allmend und verschwindet, ohne eine Spur zu hinterlassen. Ein Kopfgeld wurde auf diese s schreckliche Scheusal ausgelobt, aber es mag sogar noch finsterer sein, auf was die Helden in diesem Land des ewigen Zwielichts sto\u00dfen werden&#8230;<\/p>\n\n\n\n<p>Ver\u00f6ffentlichung am 28. Oktober 2020<\/p>\n\n\n\n<p><a href=\"https:\/\/paizo.com\/products\/btq024zn?Pathfinder-Society-Bounty-3-Shadows-and-Scarecrows\">https:\/\/paizo.com\/products\/btq024zn?Pathfinder-Society-Bounty-3-Shadows-and-Scarecrows<\/a><\/p>\n\n\n\n<p><\/p>\n\n\n\n<p><\/p>\n\n\n\n<h3 class=\"wp-block-heading\">PFS #2-B04: Cat&#8217;s Cradle<\/h3>\n\n\n\n<div class=\"wp-block-image\"><figure class=\"alignright size-large is-resized\"><img loading=\"lazy\" decoding=\"async\" src=\"https:\/\/cdn.paizo.com\/image\/product\/catalog\/PZOP\/PZOPFB0004E.jpg\" alt=\"\" width=\"212\" height=\"275\"\/><\/figure><\/div>\n\n\n\n<p><strong>Stufe <\/strong>1<\/p>\n\n\n\n<p><strong>Autor:<\/strong> Hilary Moon Murphy<\/p>\n\n\n\n<p><strong>Tags: <\/strong>Repeatable<\/p>\n\n\n\n<p>Bei einer k\u00fcrzlichen Reise \u00fcber die Handelsrouten der Goldenen Stra\u00dfe wurde ein H\u00e4ndler beraubt und sein geliebter Familienschatz &#8211; eine R\u00e4tselkiste &#8211; wurde gestohlen. Die SC m\u00fcssen sich gewitzt anstellen wenn sie in die W\u00fcste reisen um das R\u00e4tsel zu l\u00fcften, was mit dieser alten Antiquit\u00e4t geschehen ist und diese zur\u00fcckbringen.<\/p>\n\n\n\n<p>Ver\u00f6ffentlichung am 18. November 2020<\/p>\n\n\n\n<p><a href=\"https:\/\/paizo.com\/products\/btq0251p?Pathfinder-Bounty-4-Cats-Cradle\">https:\/\/paizo.com\/products\/btq0251p?Pathfinder-Bounty-4-Cats-Cradle<\/a><\/p>\n\n\n\n<p><\/p>\n\n\n\n<h3 class=\"wp-block-heading\">PFS #2-B05: Witch&#8217;s Winter Holiday<\/h3>\n\n\n\n<div class=\"wp-block-image\"><figure class=\"alignright size-large is-resized\"><img loading=\"lazy\" decoding=\"async\" src=\"https:\/\/cdn.paizo.com\/image\/product\/catalog\/PZOP\/PZOPFB0005E.jpg\" alt=\"\" width=\"212\" height=\"275\"\/><\/figure><\/div>\n\n\n\n<p><strong>Stufe <\/strong>1<\/p>\n\n\n\n<p><strong>Autor:<\/strong> Patrick Hurley<\/p>\n\n\n\n<p><strong>Tags: <\/strong>Repeatable<\/p>\n\n\n\n<p>Jeder liebt die Winterwoche! Aber eine Hexe in einer kleinen Stadt findet die diesj\u00e4hrigen Vorbereitungen nicht so erfreulich wie sonst und sie wird von der Arbeit schier \u00fcberw\u00e4ltigt. Als die SC ihrem Aufruf nach Hilfe nachkommen ist jetzt die Frage, ob sie sicherstellen k\u00f6nnen, dass die Festlichkeiten ohne Fehler ablaufen k\u00f6nnen. <\/p>\n\n\n\n<p>Ver\u00f6ffentlichung am 30. Dezember 2020<\/p>\n\n\n\n<p><a href=\"https:\/\/paizo.com\/products\/btq026i6?Pathfinder-Bounty-5-Witchs-Winter-Holiday\">https:\/\/paizo.com\/products\/btq026i6?Pathfinder-Bounty-5-Witchs-Winter-Holiday<\/a><\/p>\n\n\n\n<p><\/p>\n\n\n\n<h2 class=\"wp-block-heading\">Szenarien<\/h2>\n\n\n\n<p>S02-S-01 &#8211; Citadel of Corruption \/ Die Zitadelle der Korruption<\/p>\n\n\n\n<p>S02-S-02 &#8211; Mountain of Sea and Sky \/ Der Berg von See und Himmel<\/p>\n\n\n\n<h3 class=\"wp-block-heading\">PFS #2-S03: Catastrophe&#8217;s Spark<\/h3>\n\n\n\n<div class=\"wp-block-image\"><figure class=\"alignright is-resized\"><img loading=\"lazy\" decoding=\"async\" src=\"https:\/\/cdn.paizo.com\/image\/product\/catalog\/PZOP\/PZOPFS0203E.jpg\" alt=\"\" width=\"270\" height=\"350\"\/><\/figure><\/div>\n\n\n\n<p>Ver\u00f6ffentlichung am 30. September 2020<\/p>\n\n\n\n<p><strong>Stufe <\/strong>1-4<\/p>\n\n\n\n<p><strong>Autor:<\/strong> Tineke Bolleman<\/p>\n\n\n\n<p><strong>Tags: <\/strong>Metaplot, Vigilant Seal<\/p>\n\n\n\n<p>Die einstige Zyklopenstadt Min-Khadaim liegt in Ruinen und die Kundschafter suchen dort nach Antworten , warum einer der Ihren verschwunden ist. W\u00e4hrend die Kundschafter immer tiefer in Iobarias Vergangenheit eintauchen ist fraglich, ob sie die gesuchte Antwort finden oder ob sie sogar auf noch gr\u00f6\u00dfere Gefahren sto\u00dfen werden, als jene, welche bereits entfesselt wurden&#8230;<\/p>\n\n\n\n<p><a href=\"https:\/\/paizo.com\/products\/btq024zi?Pathfinder-Society-Scenario-203-Catastrophes-Spark\">https:\/\/paizo.com\/products\/btq024zi?Pathfinder-Society-Scenario-203-Catastrophes-Spark<\/a><\/p>\n\n\n\n<p><\/p>\n\n\n\n<p><\/p>\n\n\n\n<h3 class=\"wp-block-heading\">PFS #2-S04: Path of Kings<\/h3>\n\n\n\n<div class=\"wp-block-image\"><figure class=\"alignright is-resized\"><img loading=\"lazy\" decoding=\"async\" src=\"https:\/\/cdn.paizo.com\/image\/product\/catalog\/PZOP\/PZOPFS0204E.jpg\" alt=\"\" width=\"260\" height=\"337\"\/><\/figure><\/div>\n\n\n\n<p>Ver\u00f6ffentlichung am 30. September 2020<\/p>\n\n\n\n<p><strong>Stufe <\/strong>3-6<\/p>\n\n\n\n<p><strong>Autor:<\/strong> Luis Loza<\/p>\n\n\n\n<p><strong>Tags: <\/strong>Horizon Hunters<\/p>\n\n\n\n<p>Di Kundschafter segeln \u00fcber die Arkadische See und hoffen, eine neue Loge auf dem Kontinent Arkadia zu etablieren. Sie folgen einem Kurs, welcher bereits vor Jahrhunderten durch die Lindwurmk\u00f6nige bestimmt wurde, damit sie die legend\u00e4re ulfische Siedlung Valenhall erreichen k\u00f6nnen. Doch was sie finden, entspricht nicht ganz ihren Erwartungen und die Kundschafter werden mit einer Vielzahl an Fraktionen konfrontiert &#8211; sowohl Ulfen wie auch Arkadier &#8211; und m\u00fcssen sich mit allen davon besch\u00e4ftigen, um ihre Mission erfolgreich abzuschlie\u00dfen.<\/p>\n\n\n\n<p><a href=\"https:\/\/paizo.com\/products\/btq024zj?Pathfinder-Society-Scenario-204-Path-of-Kings\">https:\/\/paizo.com\/products\/btq024zj?Pathfinder-Society-Scenario-204-Path-of-Kings<\/a><\/p>\n\n\n\n<p><\/p>\n\n\n\n<p><\/p>\n\n\n\n<h3 class=\"wp-block-heading\">PFS #2-S05: Balancing the Scales<\/h3>\n\n\n\n<div class=\"wp-block-image\"><figure class=\"alignright is-resized\"><img loading=\"lazy\" decoding=\"async\" src=\"https:\/\/cdn.paizo.com\/image\/product\/catalog\/PZOP\/PZOPFS0205E.jpg\" alt=\"\" width=\"252\" height=\"326\"\/><\/figure><\/div>\n\n\n\n<p>Ver\u00f6ffentlichung am 28. Oktober 2020<\/p>\n\n\n\n<p><strong>Stufe <\/strong>1-4<\/p>\n\n\n\n<p><strong>Autor:<\/strong> Jessica Catalan<\/p>\n\n\n\n<p><strong>Tags: <\/strong>None<\/p>\n\n\n\n<p>Die Kanaldrachen (ein Stamm aus Kobolden aus Absalom) wenden sich an die Gesellschaft der Kundschafter, da einer ihrer Kontakte verschwunden ist. Die Kundschafter finden heraus, dass dies mehr als nur ein H\u00f6flichkeitsbesuch ist und werden in einem Netz aus Geheimnissen verstrickt, welches durch merkw\u00fcrdige Ereignisse und sogar einen mysteri\u00f6sen Kult nur noch umso verworrener wird.<\/p>\n\n\n\n<p><a href=\"https:\/\/paizo.com\/products\/btq024zk?Pathfinder-Society-Scenario-205-Balancing-the-Scales\">https:\/\/paizo.com\/products\/btq024zk?Pathfinder-Society-Scenario-205-Balancing-the-Scales<\/a><\/p>\n\n\n\n<p><\/p>\n\n\n\n<p><\/p>\n\n\n\n<h3 class=\"wp-block-heading\">PFS #2-S06: The Crashing Wave<\/h3>\n\n\n\n<div class=\"wp-block-image\"><figure class=\"alignright is-resized\"><img loading=\"lazy\" decoding=\"async\" src=\"https:\/\/cdn.paizo.com\/image\/product\/catalog\/PZOP\/PZOPFS0206E.jpg\" alt=\"\" width=\"240\" height=\"312\"\/><\/figure><\/div>\n\n\n\n<p><strong>Stufe <\/strong>3-6<\/p>\n\n\n\n<p><strong>Autor:<\/strong> Dustin Knight<\/p>\n\n\n\n<p><strong>Tags: <\/strong>Repeatable<\/p>\n\n\n\n<p>Auf einer Insel, kurz vor der K\u00fcste Jalmerays gelegen, treten die Kundschafter in Aktion. Die Freunde der Gesellschaft aus dem Kloster der Ungebrochenen Welle werden von einer Horse aus Seeteufeln bedroht, deren erkl\u00e4rtes Ziel es ist, den frisch errichteten Tempel nieder zu rei\u00dfen und das Land f\u00fcr sich selbst zu beanspruchen. Die Kundschafter treffen in dem Moment ein, wo die Invasion ihren H\u00f6hepunkt erreicht und m\u00fcssen um ihr Leben k\u00e4mpfen, um auch nur hoffen zu k\u00f6nnen, sich und ihre Verb\u00fcndeten zu sch\u00fctzen.<\/p>\n\n\n\n<p>Ver\u00f6ffentlichung am 28. Oktober 2020<\/p>\n\n\n\n<p><a href=\"https:\/\/paizo.com\/products\/btq024zl?Pathfinder-Society-Scenario-206-The-Crashing-Wave\">https:\/\/paizo.com\/products\/btq024zl?Pathfinder-Society-Scenario-206-The-Crashing-Wave<\/a><\/p>\n\n\n\n<p><\/p>\n\n\n\n<p><\/p>\n\n\n\n<h3 class=\"wp-block-heading\">PFS #2-S07: The Blakros Deception<\/h3>\n\n\n\n<div class=\"wp-block-image\"><figure class=\"alignright size-large is-resized\"><img loading=\"lazy\" decoding=\"async\" src=\"https:\/\/cdn.paizo.com\/image\/product\/catalog\/PZOP\/PZOPFS0207E.jpg\" alt=\"\" width=\"240\" height=\"312\"\/><\/figure><\/div>\n\n\n\n<p><strong>Stufe <\/strong>5-8<\/p>\n\n\n\n<p><strong>Autor:<\/strong> Charlie Knight<\/p>\n\n\n\n<p><strong>Tags: <\/strong>Grand Archive<\/p>\n\n\n\n<p>Nigel Aldain hat eine lange und st\u00fcrmische Beziehung mit der Gesellschaft der Kundschafter, was stark mit seiner Rolle als Kurator des Blakros Museums in Absalom zu tun hat. Die aktuellen Ereignisse lassen an der Bef\u00e4higung Aldains f\u00fcr diese Rolle zweifeln und die Kundschafter werden als unabh\u00e4ngige Berater hinzugezogen, um Aldain direkt zu untersuchen. W\u00e4hrend die verworrenen F\u00e4den versteckter Intrigen sich langsam entwirren m\u00fcssen die SC entscheiden, wer wirklich ein Freund, und wer nur ein Feind im Mantel des Freundes ist.<\/p>\n\n\n\n<p>Ver\u00f6ffentlichung am 18. November 2020<\/p>\n\n\n\n<p><a href=\"https:\/\/paizo.com\/products\/btq0251q?Pathfinder-Society-Scenario-207-The-Blakros-Deception\">https:\/\/paizo.com\/products\/btq0251q?Pathfinder-Society-Scenario-207-The-Blakros-Deception<\/a><\/p>\n\n\n\n<p><\/p>\n\n\n\n<p><\/p>\n\n\n\n<h3 class=\"wp-block-heading\">PFS #2-S08: A Frosty Mug<\/h3>\n\n\n\n<div class=\"wp-block-image\"><figure class=\"alignright size-large is-resized\"><img loading=\"lazy\" decoding=\"async\" src=\"https:\/\/cdn.paizo.com\/image\/product\/catalog\/PZOP\/PZOPFS0208E.jpg\" alt=\"\" width=\"240\" height=\"312\"\/><\/figure><\/div>\n\n\n\n<p><strong>Stufe <\/strong>5-8<\/p>\n\n\n\n<p><strong>Autor:<\/strong> Mikhail Rekun<\/p>\n\n\n\n<p><strong>Tags: <\/strong>Horizon Hunters<\/p>\n\n\n\n<p>In den L\u00e4ndern der Lindwurmk\u00f6nige sind sowohl die Kundschafter als auch die ulfischen Herrscher besorgt \u00fcber den Mangel an Informationen von der Grenze nach Irrisen. Eine Gruppe aus Kundschaftern wird ausgesandt um einen verborgenen Pass nach Irrisen zu finden und die Lage zu ersp\u00e4hen, aber sie finden weit mehr heraus, als sie sich in ihren k\u00fchnsten Tr\u00e4umen erwartet h\u00e4tten. Wo russische Soldaten, aus den Welten entr\u00fcckt, und finstere Winterhexen nach der Macht greifen &#8211; werden die SC hier einen frostigen Krug mit ihren Freunden heben oder sehen sie sich im eisigen Griff der machtvollen Feinde?<\/p>\n\n\n\n<p>Ver\u00f6ffentlichung am 18. November 2020<\/p>\n\n\n\n<p><a href=\"https:\/\/paizo.com\/products\/btq0251r?Pathfinder-Society-Scenario-208-A-Frosty-Mug\">https:\/\/paizo.com\/products\/btq0251r?Pathfinder-Society-Scenario-208-A-Frosty-Mug<\/a><\/p>\n\n\n\n<p><\/p>\n\n\n\n<h3 class=\"wp-block-heading\">PFS #2-S09: The Seven Secrets of Dacilane Academy<\/h3>\n\n\n\n<div class=\"wp-block-image\"><figure class=\"alignright size-large is-resized\"><img loading=\"lazy\" decoding=\"async\" src=\"https:\/\/cdn.paizo.com\/image\/product\/catalog\/PZOP\/PZOPFS0209E.jpg\" alt=\"\" width=\"240\" height=\"312\"\/><\/figure><\/div>\n\n\n\n<p><strong>Stufe <\/strong>1-4<\/p>\n\n\n\n<p><strong>Autor:<\/strong> Rigby Bendele<\/p>\n\n\n\n<p><strong>Tags: <\/strong>Keine<\/p>\n\n\n\n<p>Die Dacilane Akademie in der N\u00e4he der Gro\u00dfen Loge ist eine etablierte Institution, welche viele Kinder von weitgereisten Kundschaftern unterrichtet. Doch der G\u00f6nner der Akademie, J. Dacilane, hat vor kurzem von Ger\u00fcchten geh\u00f6rt, dass seine Sch\u00fcler merkw\u00fcrdige Ph\u00e4nomene auf dem Campus gesehen haben. Trotz seiner Zweifel, dass es sich hierbei nur um erdachte Hirngespinste handeln k\u00f6nnte, hat J einen Gefallen bei der Gesellschaft der Kundschafter eingefordert, damit diese sich der Sache annehmen &#8211; sowohl um seine Sch\u00fcler zu beruhigen als auch um durch einen Bericht der Gesellschaft \u00fcber die Schule die Reputation zu verbessern. Aber ist an diesen urbanen Mythen mehr dran, als es den Anschein hat?<\/p>\n\n\n\n<p>Ver\u00f6ffentlichung am 30. Dezember 2020<\/p>\n\n\n\n<p><a href=\"https:\/\/paizo.com\/products\/btq026i7?Pathfinder-Society-Scenario-209-The-Seven-Secrets-of-Dacilane-Academy\">https:\/\/paizo.com\/products\/btq026i7?Pathfinder-Society-Scenario-209-The-Seven-Secrets-of-Dacilane-Academy<\/a><\/p>\n\n\n\n<p><\/p>\n\n\n\n<h3 class=\"wp-block-heading\">PFS #2-S10: In Burning Dawn<\/h3>\n\n\n\n<div class=\"wp-block-image\"><figure class=\"alignright size-large is-resized\"><img loading=\"lazy\" decoding=\"async\" src=\"https:\/\/cdn.paizo.com\/image\/product\/catalog\/PZOP\/PZOPFS0210E.jpg\" alt=\"\" width=\"240\" height=\"312\"\/><\/figure><\/div>\n\n\n\n<p><strong>Stufe <\/strong>5-8<\/p>\n\n\n\n<p><strong>Autor:<\/strong> Steven Hammond<\/p>\n\n\n\n<p><strong>Tags: <\/strong>Envoy&#8217;s Alliance<\/p>\n\n\n\n<p>Die Festung Belkzen wandelt sich seitdem der Overlord Ardax Wei\u00dfhaar das Angebot des Whispernden Tyrannen ausgeschlagen hat. Berichte \u00fcber diese Entwicklungen und Briefe mit dem Ersuchen nach diplomatischen Verbindungen haben die Anf\u00fchrerin der Allianz der Gesandten, Fola Barun, erreicht. Diese sah, dass die Gesellschaft der Kundschafter bereits \u00fcber einen guten Stand bei der Fraktion der Brennenden Sonne hat, nachdem sie vor einigen Jahren dabei geholfen haben, wichtige Artefakte aus einer Kirchenruinen zu bergen. Als die Kundschafter aufbrechen, um sich mit dem Anf\u00fchrer der Brennenden Sonne zu treffen, stellen sie jedoch schnell fest, dass nicht alle Orks in Belkzen die Bestrebungen Wei\u00dfhaars nach Frieden teilen.<\/p>\n\n\n\n<p>Ver\u00f6ffentlichung am 30. Dezember 2020<\/p>\n\n\n\n<p><a href=\"https:\/\/paizo.com\/products\/btq026i8?Pathfinder-Society-Scenario-210-In-Burning-Dawn\">https:\/\/paizo.com\/products\/btq026i8?Pathfinder-Society-Scenario-210-In-Burning-Dawn<\/a><\/p>\n\n\n\n<p><\/p>\n\n\n\n<h3 class=\"wp-block-heading\">PFS #2-S11: The Pathfinder Trials<\/h3>\n\n\n\n<div class=\"wp-block-image\"><figure class=\"alignright size-large is-resized\"><img loading=\"lazy\" decoding=\"async\" src=\"https:\/\/cdn.paizo.com\/image\/product\/catalog\/PZOP\/PZOPFS0212E.jpg\" alt=\"\" width=\"240\" height=\"312\"\/><\/figure><\/div>\n\n\n\n<p><strong>Stufe <\/strong>1<\/p>\n\n\n\n<p><strong>Autor:<\/strong> Sean McGowan<\/p>\n\n\n\n<p><strong>Tags: <\/strong>Repeatable<\/p>\n\n\n\n<p>Jedes Jahr nimmt die Gesellschaft der Kundschafter neue Klassen an Rekruten in ihre Reihen auf. Die drei Dekane der Schulen der Gesellschaft (die Zauber, die Schriftrollen und die Schwerter) sind verantwortlich daf\u00fcr sicherzustellen, dass die neuen Rekruten \u00fcber die grundlegenden Kenntnisse und Erfahrung verf\u00fcgen, um im Feld bestehen zu k\u00f6nnen. SC welche an diesem Abenteuer teilnehmen werden die drei Dekane der Gesellschaft kennenlernen und sich ihren einzigartigen Herausforderungen unterziehen, um so ihren Wert und ihre Bereitschaft f\u00fcr die Gesellschaft der Kundschafter unter Beweis zu stellen. <\/p>\n\n\n\n<p>Ver\u00f6ffentlichung am 27. Januar 2021<\/p>\n\n\n\n<p><a href=\"https:\/\/paizo.com\/products\/btq023dg?Pathfinder-Society-Scenario-211-The-Pathfinder-Trials\">https:\/\/paizo.com\/products\/btq023dg?Pathfinder-Society-Scenario-211-The-Pathfinder-Trials<\/a><\/p>\n","protected":false},"excerpt":{"rendered":"<p>In der Staffel 2 der Pathfinder 2 Organized Play Kampagne geht es in Richtung der W\u00f6lfer von Iobaria, um dem Land seine uralten Geheimnisse zu entrei\u00dfen. Diese Order geht direkt vom Dezemvirat aus &#8211; und wir k\u00f6nnen gespannt sein, was man in den Ruinen finden wird. Spezielle Szenarien S02-SZ-00 &#8211; The King in Thorns \/ [&hellip;]<\/p>\n","protected":false},"author":1,"featured_media":0,"parent":42,"menu_order":2,"comment_status":"closed","ping_status":"closed","template":"","meta":{"footnotes":""},"class_list":["post-35","page","type-page","status-publish","hentry"],"_links":{"self":[{"href":"https:\/\/pfs2.talonzorch.de\/index.php?rest_route=\/wp\/v2\/pages\/35","targetHints":{"allow":["GET"]}}],"collection":[{"href":"https:\/\/pfs2.talonzorch.de\/index.php?rest_route=\/wp\/v2\/pages"}],"about":[{"href":"https:\/\/pfs2.talonzorch.de\/index.php?rest_route=\/wp\/v2\/types\/page"}],"author":[{"embeddable":true,"href":"https:\/\/pfs2.talonzorch.de\/index.php?rest_route=\/wp\/v2\/users\/1"}],"replies":[{"embeddable":true,"href":"https:\/\/pfs2.talonzorch.de\/index.php?rest_route=%2Fwp%2Fv2%2Fcomments&post=35"}],"version-history":[{"count":9,"href":"https:\/\/pfs2.talonzorch.de\/index.php?rest_route=\/wp\/v2\/pages\/35\/revisions"}],"predecessor-version":[{"id":515,"href":"https:\/\/pfs2.talonzorch.de\/index.php?rest_route=\/wp\/v2\/pages\/35\/revisions\/515"}],"up":[{"embeddable":true,"href":"https:\/\/pfs2.talonzorch.de\/index.php?rest_route=\/wp\/v2\/pages\/42"}],"wp:attachment":[{"href":"https:\/\/pfs2.talonzorch.de\/index.php?rest_route=%2Fwp%2Fv2%2Fmedia&parent=35"}],"curies":[{"name":"wp","href":"https:\/\/api.w.org\/{rel}","templated":true}]}}