{"id":366,"date":"2020-09-28T17:01:32","date_gmt":"2020-09-28T17:01:32","guid":{"rendered":"http:\/\/pfs2.talonzorch.de\/?page_id=366"},"modified":"2021-04-30T15:33:50","modified_gmt":"2021-04-30T15:33:50","slug":"0-inhaltsverzeichnis","status":"publish","type":"page","link":"https:\/\/pfs2.talonzorch.de\/?page_id=366","title":{"rendered":"0 &#8211; Season II Guide [Deutsch]"},"content":{"rendered":"\n<blockquote class=\"wp-block-quote has-text-align-center is-layout-flow wp-block-quote-is-layout-flow\"><p><strong><em>ACHTUNG: Bei Unklarheiten oder zur Beilegung von Streitigkeiten gilt in jedem Fall der Englische Guide. Dieser Disclaimer steht aktiv auf jeder Seite. Solltet ihr eine solche Unklarheit finden, kontaktiert mich bitte, damit ich einen entsprechenden Vermerk eintragen kann.<\/em><\/strong><\/p><cite>Disclaimer f\u00fcr den Guide<\/cite><\/blockquote>\n\n\n\n<p>Quelle: <a href=\"http:\/\/www.organizedplayfoundation.org\/paizo\/guides\/pfs2guide-en\">http:\/\/www.organizedplayfoundation.org\/paizo\/guides\/pfs2guide-en<\/a><\/p>\n\n\n\n<h3 class=\"wp-block-heading\">Wichtige \u00c4nderungen im Vergleich zum Guide der 1. Season:<\/h3>\n\n\n\n<ul class=\"wp-block-list\"><li>Die Standard Fraktion, solltet ihr euch keine beim Reporting Sheet eintragen, ist f\u00fcr diese Season die Fraktion der J\u00e4ger des Horizonts (Horizon Hunters)<\/li><li>In den Standards und Erwartungen an die Community ist jetzt klar gestellt, dass erwiesenes Mogeln zum Ausschluss von &#8220;allen&#8221; Paizo Veranstaltungen f\u00fchren kann.<\/li><li>Die Buchf\u00fchrung muss jetzt nicht mehr auf Chronikb\u00f6gen geschehen, sondern kann auch auf andere, ad\u00e4quate Methoden wie Excel Dokumente, Kladden oder \u00e4hnliches ausgelagert werden.<\/li><li>Sollte PvP durchgef\u00fchrt werden, vergibt dies Ruchlosigkeit (Infamy) Punkte.<\/li><li>Pathfinder Society Bounties (Abenteuer f\u00fcr die 1. Stufe) generieren KEINE Auszeit (Downtime)<\/li><li>Die zul\u00e4ssige Tischgr\u00f6\u00dfe betr\u00e4gt jetzt auch final im Guide verankert 6 Spieler.<\/li><li>Charaktere, welche in Play-by-Post Abenteuern spielen, d\u00fcrfen w\u00e4hrend dessen keine anderen Society Abenteuer spielen.<\/li><li>Man erh\u00e4lt jetzt nur noch EINEN Verbrauchsgegenstand durch die Pathfinder Schulen &#8211; nicht mehr zwei. Sollte der Spieler keinen Verbrauchsgegenstand aktiv w\u00e4hlen, gibt es einen Default Eintrag was er dann eingepackt hat.<\/li><li>Im Vorfeld bekam man durch die Schulen eine Bonus Kenntnis und ein Bonus Talent. Das wurde jetzt erweitert, so dass mehr Kenntnisse und Talente zur Verf\u00fcgung stehen, ebenso kann man sich als Generalist oder als Feldbef\u00f6rderter Charakter ebenfalls Kenntnisse und Talente w\u00e4hlen.<\/li><li>Ruhm (Fame) wurde als Ressource abgeschafft. Man kann seine bisherigen Ruhmpunkte noch regul\u00e4r verwenden, jedoch werden diese mittelfristig durch ein komplett neues System ersetzt (was die bestehenden Wahlen aber implementieren soll)<\/li><li>Es gab \u00c4nderungen an den ehemaligen Vorteilen (Boons): <ul><li>Champion (weggefallen)<\/li><li>Heimatregion (weggefallen)<\/li><li>Heldenhafte Wiederauferstehung (Bonus wird auf +2 festgesetzt)<\/li><li>Werkstatt (\u00c4nderung von -4 Tagen auf -3 Tage Handwerkszeit, Der Boon kann entfernt werden)<\/li><li>Mietling (Komplexe \u00c4nderungen, nur ein Mietling pro Abenteuer)<\/li><\/ul><\/li><li>Es gibt jetzt festgeschriebene Regelungen, um als Spielleiter die 5. Glyphe zu erlangen. Dies beinhaltet mehrere Evaluationsspiele.<\/li><li>Es gibt eine genaue Tabelle, wie viele Pregens einem Abenteuer hinzugef\u00fcgt werden und wie dies die Herausforderungspunkte (Challenge Points) ver\u00e4ndert bei Tischen mit weniger als 4 Spielern.<\/li><li>Die Tischvariationen wurden noch einmal weit stringenter zusammengefasst und listen genau auf, was ein SL darf, was er sollte und was er nicht darf.<\/li><li>Die Auszeitregeln wurden noch einmal klarer zusammengefasst.<\/li><li>Die Handwerksregeln wurden \u00fcberarbeitet.<\/li><li>Das Chronikbogenformat wird ver\u00e4ndert werde um weniger Buchhaltung zu erzeugen und gleichzeitig daf\u00fcr zu sorgen, dass die Chronikb\u00f6gen dem Datenschutz besser gen\u00fcgen.<\/li><\/ul>\n\n\n\n<p><\/p>\n\n\n\n<h3 class=\"wp-block-heading\">Der Guide zur 2. Season<\/h3>\n\n\n\n<p><strong>1. Loslegen<\/strong><\/p>\n\n\n\n<p>1.1 <a href=\"http:\/\/pfs2.talonzorch.de\/?page_id=235\" data-type=\"page\" data-id=\"235\">Willkommen zur Gesellschaft der Kundschafter<\/a><\/p>\n\n\n\n<p>1.2 <a href=\"http:\/\/pfs2.talonzorch.de\/?page_id=237\" data-type=\"page\" data-id=\"237\">Die Welt von Golarion<\/a><\/p>\n\n\n\n<p>1.3 <a href=\"http:\/\/pfs2.talonzorch.de\/?page_id=239\" data-type=\"page\" data-id=\"239\">Standards und Erwartungen an die Community<\/a><\/p>\n\n\n\n<p><strong>2. Spieler<\/strong><\/p>\n\n\n\n<p>2.1 <a href=\"http:\/\/pfs2.talonzorch.de\/?page_id=242\" data-type=\"page\" data-id=\"242\">Grundlagen f\u00fcr Spieler<\/a><\/p>\n\n\n\n<p>2.2 <a href=\"http:\/\/pfs2.talonzorch.de\/?page_id=244\" data-type=\"page\" data-id=\"244\">Charaktererschaffung<\/a><\/p>\n\n\n\n<p>2.3 <a href=\"http:\/\/pfs2.talonzorch.de\/?page_id=247\" data-type=\"page\" data-id=\"247\">Belohnungen f\u00fcr Spieler<\/a><\/p>\n\n\n\n<p>2.3.1 <a href=\"http:\/\/pfs2.talonzorch.de\/?page_id=249\" data-type=\"page\" data-id=\"249\">Legacy Backgrounds<\/a><\/p>\n\n\n\n<p>2.3.2 <a href=\"http:\/\/pfs2.talonzorch.de\/?page_id=251\" data-type=\"page\" data-id=\"251\">Ehemalige Vorteile<\/a><\/p>\n\n\n\n<p>2.3.3 <a href=\"http:\/\/pfs2.talonzorch.de\/?page_id=434\" data-type=\"page\" data-id=\"434\">Reputationsbelohnungen<\/a><\/p>\n\n\n\n<p><strong>3. Spielleiter <\/strong><\/p>\n\n\n\n<p>3.1 <a href=\"http:\/\/pfs2.talonzorch.de\/?page_id=255\" data-type=\"page\" data-id=\"255\">Grundlagen f\u00fcr Spielleiter<\/a><\/p>\n\n\n\n<p>3.2 <a href=\"http:\/\/pfs2.talonzorch.de\/?page_id=257\" data-type=\"page\" data-id=\"257\">Belohnungen f\u00fcr den Spielleiter<\/a><\/p>\n\n\n\n<p>3.3 <a href=\"http:\/\/pfs2.talonzorch.de\/?page_id=259\" data-type=\"page\" data-id=\"259\">Fr\u00fche Szenarien konvertieren<\/a><\/p>\n\n\n\n<p>3.4 <a href=\"http:\/\/pfs2.talonzorch.de\/?page_id=261\" data-type=\"page\" data-id=\"261\">Tischvarianten und kreative L\u00f6sungen<\/a><\/p>\n\n\n\n<p>3.5 <a href=\"http:\/\/pfs2.talonzorch.de\/?page_id=263\" data-type=\"page\" data-id=\"263\">Mit dem Unerwarteten umgehen<\/a><\/p>\n\n\n\n<p><strong>4. Freiwillige<\/strong><\/p>\n\n\n\n<p>4.1 <a href=\"http:\/\/pfs2.talonzorch.de\/?page_id=337\" data-type=\"page\" data-id=\"337\">Grundlagen f\u00fcr den Event Organisator<\/a><\/p>\n\n\n\n<p>4.2 <a href=\"http:\/\/pfs2.talonzorch.de\/?page_id=267\" data-type=\"page\" data-id=\"267\">Informationen f\u00fcr Freiwillige bei Conventions<\/a><\/p>\n\n\n\n<p>4.3 <a href=\"http:\/\/pfs2.talonzorch.de\/?page_id=269\" data-type=\"page\" data-id=\"269\">Freiwilligenkoordinatoren<\/a><\/p>\n\n\n\n<p><\/p>\n\n\n\n<h4 class=\"wp-block-heading\">Changelog<\/h4>\n\n\n\n<p>Hier werden die \u00c4nderungen am Guide nach Erscheinen aufgelistet. Aktuell ist der Status des Guides vom 29.12.2020. <\/p>\n\n\n\n<p><strong>29.12.2020<\/strong><\/p>\n\n\n\n<p id=\"block-4b000015-95ea-42ae-a9bd-26f8b75b6546\"><strong>1.1 &#8211; Willkommen in der Pathfinder Society<\/strong><\/p>\n\n\n\n<ul class=\"wp-block-list\" id=\"block-5c006a2e-46e2-435f-b6a9-1a803bf7ea94\"><li>keine \u00c4nderungen<\/li><\/ul>\n\n\n\n<p id=\"block-c0ad96d5-0d37-4bb3-97b0-068749e9584b\"><strong>1.2 &#8211; Die Welt Golarion<\/strong><\/p>\n\n\n\n<ul class=\"wp-block-list\" id=\"block-349e7b5b-a259-44f9-9822-975f7c1711e4\"><li>1.2.3.1.3: Fluff Text zu den Horizon Hunters hinzugef\u00fcgt<\/li><\/ul>\n\n\n\n<p id=\"block-6104bcfd-e2cd-4a66-a2c8-19318f24b90f\"><strong>1.3 &#8211; Standards und Erwartungen an die Community<\/strong><\/p>\n\n\n\n<ul class=\"wp-block-list\" id=\"block-55690c52-bc59-4132-989d-42449ab371bf\"><li>keine \u00c4nderungen<\/li><\/ul>\n\n\n\n<p id=\"block-fae0044f-86a0-49df-8fb8-0b0f15177f3a\"><strong>2.1 &#8211; Grundlagen f\u00fcr Spieler<\/strong><\/p>\n\n\n\n<ul class=\"wp-block-list\" id=\"block-f5c63a76-4290-4ed3-99b1-cec88cae2805\"><li>keine \u00c4nderungen<\/li><\/ul>\n\n\n\n<p id=\"block-4b06e38f-8b9a-42d1-b7df-83ef06ec8724\"><strong>2.2 &#8211; Charaktererschaffung<\/strong><\/p>\n\n\n\n<ul class=\"wp-block-list\" id=\"block-aabdf153-552f-40b7-9203-5a1ff1d003ac\"><li>Keine \u00c4nderungen<\/li><\/ul>\n\n\n\n<p id=\"block-6cc4334b-b619-45aa-bff6-f5e49db58f44\"><strong>2.3 &#8211; Belohnungen f\u00fcr Spieler<\/strong><\/p>\n\n\n\n<ul class=\"wp-block-list\" id=\"block-92c742a4-3fe0-4f39-88ff-86726a92335b\"><li>Keine \u00c4nderungen<\/li><\/ul>\n\n\n\n<p id=\"block-80ab2f54-1456-422f-92a5-6090155a34d7\"><strong>2.3.1 &#8211; Legacy Backgrounds<\/strong><\/p>\n\n\n\n<ul class=\"wp-block-list\" id=\"block-b5d17e8c-b849-45df-87ac-bb181699f123\"><li>keine \u00c4nderungen<\/li><\/ul>\n\n\n\n<p id=\"block-6b25118e-9357-4c7a-99fa-12eb82dea4fe\"><strong>2.3.2 &#8211; Ehemalige Vorteile<\/strong><\/p>\n\n\n\n<ul class=\"wp-block-list\" id=\"block-07e3dc82-cd56-488e-8963-c0707a51de20\"><li>keine \u00c4nderungen<\/li><\/ul>\n\n\n\n<p id=\"block-9083462c-2367-4c25-b597-cb2dea76d957\"><strong>2.3.3. &#8211; Reputationsbelohnungen<\/strong><\/p>\n\n\n\n<ul class=\"wp-block-list\" id=\"block-ce29699e-804c-4218-a1d7-026bba99f10f\"><li>keine \u00c4nderungen<\/li><\/ul>\n\n\n\n<p id=\"block-03b1d707-6be2-4001-9fc5-7de473efa932\"><strong>3.1 &#8211; Grundlagen f\u00fcr den Spielleiter<\/strong><\/p>\n\n\n\n<ul class=\"wp-block-list\" id=\"block-806cb6b0-7db3-4a16-8ec7-5866ff1e039c\"><li>3.1.3: Typo war schon korrigiert.<\/li><\/ul>\n\n\n\n<p id=\"block-58370c85-e267-401f-8cbe-995cc2eaa17a\"><strong>3.2 &#8211; Belohnungen f\u00fcr den Spielleiter<\/strong><\/p>\n\n\n\n<ul class=\"wp-block-list\" id=\"block-47c0261a-8503-42ec-bab2-aac4908fc47a\"><li>keine \u00c4nderungen<\/li><\/ul>\n\n\n\n<p id=\"block-5a2ba45c-fb5d-40e8-b43a-c408b9b4efcd\"><strong>3.3 &#8211; Fr\u00fche Szenarien konvertieren<\/strong><\/p>\n\n\n\n<ul class=\"wp-block-list\" id=\"block-284baabd-bc28-48a6-912f-076138a013ea\"><li>keine \u00c4nderungen<\/li><\/ul>\n\n\n\n<p id=\"block-fa62d34a-579b-4231-be16-81a692b0bb76\"><strong>3.4 &#8211; Tischvariationen und kreative L\u00f6sungen<\/strong><\/p>\n\n\n\n<ul class=\"wp-block-list\" id=\"block-87c48cd6-48f7-4adf-a38f-3d7b34f0c196\"><li>keine \u00c4nderungen<\/li><\/ul>\n\n\n\n<p id=\"block-dfed94ca-a9ca-4d7a-a7b8-c6d050fadd4e\"><strong>3.5 &#8211; Mit dem Unerwarteten umgehen<\/strong><\/p>\n\n\n\n<ul class=\"wp-block-list\" id=\"block-453822a1-7ce2-4fab-ad11-632757cdf30d\"><li>keine \u00c4nderungen<\/li><\/ul>\n\n\n\n<p id=\"block-878d8637-a61f-44d9-a241-533564502e1b\"><strong>4.1 &#8211; Grundlagen f\u00fcr den Event-Organisator<\/strong><\/p>\n\n\n\n<ul class=\"wp-block-list\" id=\"block-426f2341-8028-47b0-97d0-c7370ed7d4a2\"><li>keine \u00c4nderungen<\/li><\/ul>\n\n\n\n<p><\/p>\n\n\n\n<h5 class=\"wp-block-heading\"><strong>27.10.2020<\/strong><\/h5>\n\n\n\n<p><strong>1.1 &#8211; Willkommen in der Pathfinder Society<\/strong><\/p>\n\n\n\n<ul class=\"wp-block-list\"><li>keine \u00c4nderungen<\/li><\/ul>\n\n\n\n<p><strong>1.2 &#8211; Die Welt Golarion<\/strong><\/p>\n\n\n\n<ul class=\"wp-block-list\"><li>1.2.3.1.3: Fluff Text zu den Horizon Hunters hinzugef\u00fcgt<\/li><\/ul>\n\n\n\n<p><strong>1.3 &#8211; Standards und Erwartungen an die Community<\/strong><\/p>\n\n\n\n<ul class=\"wp-block-list\"><li>keine \u00c4nderungen<\/li><\/ul>\n\n\n\n<p><strong>2.1 &#8211; Grundlagen f\u00fcr Spieler<\/strong><\/p>\n\n\n\n<ul class=\"wp-block-list\"><li>2.1.5.7.2: \u00c4nderung am Zuweisen von Chronikb\u00f6gen, welche mit vorgenerierten Charakteren erhalten wurden. Chroniken k\u00f6nnen sofort auf brandneue Charaktere oder auf Charaktere der 1. Stufe angewandt werden oder man wartet damit, bis der Charakter die Stufe des Vorgenerierten Charakters, welcher den Chronikbogen erlangt hat, erreicht hat. Chronikb\u00f6gen, welche einem Charakter \u00fcber der 1. Stufe zugewiesen werden sollen, d\u00fcrfen erst zugewiesen werden, wenn der Charakter mindestens die Stufe des Vorgenerieten Charakters aufweist.<\/li><\/ul>\n\n\n\n<p><strong>2.2 &#8211; Charaktererschaffung<\/strong><\/p>\n\n\n\n<ul class=\"wp-block-list\" id=\"block-b38aedae-84ad-4ecf-8a51-848ec783aef3\"><li>2.2.3.10.4: &#8220;Die Welt der Pathfinder Society&#8221; ge\u00e4ndert in &#8220;Die Welt Golarion&#8221;.<\/li><li>Zwei \u00c4nderungen von Typos, welche bereits in der deutschen Version korrigiert waren.<\/li><\/ul>\n\n\n\n<p><strong>2.3 &#8211; Belohnungen f\u00fcr Spieler<\/strong><\/p>\n\n\n\n<ul class=\"wp-block-list\" id=\"block-1382ac8a-e953-4031-aa4f-2166d127f716\"><li>2.3.1.1: Typo war schon korrigiert.<\/li><li>2.3.5. Belohnungen in Reputationsbelohnungen umbenannt<\/li><\/ul>\n\n\n\n<p><strong>2.3.1 &#8211; Legacy Backgrounds<\/strong><\/p>\n\n\n\n<ul class=\"wp-block-list\"><li>keine \u00c4nderungen<\/li><\/ul>\n\n\n\n<p><strong>2.3.2 &#8211; Ehemalige Vorteile<\/strong><\/p>\n\n\n\n<ul class=\"wp-block-list\"><li>2.3.2.4: <s>Die Belohnungen nehmen die Form von Vorteilen an, welche den Regeln unter 5.1 Vorteil Pl\u00e4tze unterworfen sind.<\/s> Gestrichen<\/li><\/ul>\n\n\n\n<p><strong>2.3.3. &#8211; Reputationsbelohnungen<\/strong><\/p>\n\n\n\n<ul class=\"wp-block-list\"><li>Seite neu eingef\u00fcgt<\/li><li>Mentor, Kampf<br>Hier wurde der Bonus auf Zauberangriffsw\u00fcrfe gestrichen<\/li><li>Wegweiser<br>Die einzelnen Wegweiser-Modifikationen der einzelnen Fraktionen sind jetzt kumulativ auf einem Wegweiser.<\/li><\/ul>\n\n\n\n<p><strong>3.1 &#8211; Grundlagen f\u00fcr den Spielleiter<\/strong><\/p>\n\n\n\n<ul class=\"wp-block-list\"><li>3.1.3: Typo war schon korrigiert.<\/li><\/ul>\n\n\n\n<p><strong>3.2 &#8211; Belohnungen f\u00fcr den Spielleiter<\/strong><\/p>\n\n\n\n<ul class=\"wp-block-list\"><li>keine \u00c4nderungen<\/li><\/ul>\n\n\n\n<p><strong>3.3 &#8211; Fr\u00fche Szenarien konvertieren<\/strong><\/p>\n\n\n\n<ul class=\"wp-block-list\"><li>keine \u00c4nderungen<\/li><\/ul>\n\n\n\n<p><strong>3.4 &#8211; Tischvariationen und kreative L\u00f6sungen<\/strong><\/p>\n\n\n\n<ul class=\"wp-block-list\"><li>keine \u00c4nderungen<\/li><\/ul>\n\n\n\n<p><strong>3.5 &#8211; Mit dem Unerwarteten umgehen<\/strong><\/p>\n\n\n\n<ul class=\"wp-block-list\"><li>keine \u00c4nderungen<\/li><\/ul>\n\n\n\n<p><strong>4.1 &#8211; Grundlagen f\u00fcr den Event-Organisator<\/strong><\/p>\n\n\n\n<ul class=\"wp-block-list\"><li>keine \u00c4nderungen<\/li><\/ul>\n\n\n\n<p><strong>30.04.2021<\/strong><\/p>\n\n\n\n<ul class=\"wp-block-list\"><li>Alles aktuell &#8211; keine \u00c4nderungen<\/li><\/ul>\n","protected":false},"excerpt":{"rendered":"<p>ACHTUNG: Bei Unklarheiten oder zur Beilegung von Streitigkeiten gilt in jedem Fall der Englische Guide. Dieser Disclaimer steht aktiv auf jeder Seite. Solltet ihr eine solche Unklarheit finden, kontaktiert mich bitte, damit ich einen entsprechenden Vermerk eintragen kann. Disclaimer f\u00fcr den Guide Quelle: http:\/\/www.organizedplayfoundation.org\/paizo\/guides\/pfs2guide-en Wichtige \u00c4nderungen im Vergleich zum Guide der 1. Season: Die Standard [&hellip;]<\/p>\n","protected":false},"author":1,"featured_media":0,"parent":232,"menu_order":0,"comment_status":"closed","ping_status":"closed","template":"","meta":{"footnotes":""},"class_list":["post-366","page","type-page","status-publish","hentry"],"_links":{"self":[{"href":"https:\/\/pfs2.talonzorch.de\/index.php?rest_route=\/wp\/v2\/pages\/366","targetHints":{"allow":["GET"]}}],"collection":[{"href":"https:\/\/pfs2.talonzorch.de\/index.php?rest_route=\/wp\/v2\/pages"}],"about":[{"href":"https:\/\/pfs2.talonzorch.de\/index.php?rest_route=\/wp\/v2\/types\/page"}],"author":[{"embeddable":true,"href":"https:\/\/pfs2.talonzorch.de\/index.php?rest_route=\/wp\/v2\/users\/1"}],"replies":[{"embeddable":true,"href":"https:\/\/pfs2.talonzorch.de\/index.php?rest_route=%2Fwp%2Fv2%2Fcomments&post=366"}],"version-history":[{"count":16,"href":"https:\/\/pfs2.talonzorch.de\/index.php?rest_route=\/wp\/v2\/pages\/366\/revisions"}],"predecessor-version":[{"id":538,"href":"https:\/\/pfs2.talonzorch.de\/index.php?rest_route=\/wp\/v2\/pages\/366\/revisions\/538"}],"up":[{"embeddable":true,"href":"https:\/\/pfs2.talonzorch.de\/index.php?rest_route=\/wp\/v2\/pages\/232"}],"wp:attachment":[{"href":"https:\/\/pfs2.talonzorch.de\/index.php?rest_route=%2Fwp%2Fv2%2Fmedia&parent=366"}],"curies":[{"name":"wp","href":"https:\/\/api.w.org\/{rel}","templated":true}]}}