{"id":37,"date":"2020-07-26T12:53:02","date_gmt":"2020-07-26T12:53:02","guid":{"rendered":"http:\/\/pfs2.talonzorch.de\/?page_id=37"},"modified":"2020-10-05T17:00:02","modified_gmt":"2020-10-05T17:00:02","slug":"pathfinder-ii-society-im-deutschen-raum-anlaufstellen","status":"publish","type":"page","link":"https:\/\/pfs2.talonzorch.de\/?page_id=37","title":{"rendered":"Spiele finden (PFSII)"},"content":{"rendered":"\n<p>Man findet in vielen Regionen Deutschlands regelm\u00e4\u00dfig Spiele. Wenn ihr einen FLGS (Freundlicher, lokaler Spieleladen) bei euch habt, fragt dort einmal nach, ob dort Pathfinder Society gespielt wird. Die Gruppen sind immer offen f\u00fcr neue Mitspieler und freuen sich \u00fcber Interesse.<\/p>\n\n\n\n<p>Weiterhin findet man auf vielen Conventions Pathfinder Society Runden. Geht einfach da hin, und lasst euch das Spiel einmal zeigen. Es sind immer gen\u00fcgend vorbereitete Charaktere vorhanden, als dass ihr euch das Society Spiel mit den ikonischen Charakteren ansehen k\u00f6nnt &#8211; und wenn es euch  gef\u00e4llt, wird man euch gewiss auch helfen, einen Charakter zu erstellen.<\/p>\n\n\n\n<p>In den Online Bereichen finden sich auch immer wieder recht viele Spiele. Diese werden meistens \u00fcber &#8220;Warhorn&#8221; ausgeschrieben. Wenn ihr euch dort f\u00fcr ein Event anmeldet, k\u00f6nnt ihr online teilnehmen (was gerade in den Zeiten von globalen Pandemien der einzige Weg sein kann). <\/p>\n\n\n\n<p>Ich habe versucht auf dieser Website einige Punkte aufzuschreiben, wo man Spiele finden kann. Der erste Warhorn Link f\u00fchrt euch zu meiner eigenen Warhorn Seite, wo ich alle 2 Wochen Mittwochs Szenarien leite. Die anderen Seiten listen auch Online Events und teils auch Offline Events. <\/p>\n\n\n\n<p>Ihr kennt noch eine weitere Seite oder Plattform? Sendet mir doch eine Mail oder schreibt mich via Discord an (Talon_Zorch#9052).<\/p>\n\n\n\n<h2 class=\"wp-block-heading\">Warhorn<\/h2>\n\n\n\n<p><a href=\"https:\/\/warhorn.net\/events\/tz-online-society-play\">https:\/\/warhorn.net\/events\/tz-online-society-play<\/a> &lt;&#8211; Mein Warhorn<br><a href=\"https:\/\/warhorn.net\/events\/rhein-main-pfs\">https:\/\/warhorn.net\/events\/rhein-main-pfs<\/a> &lt;&#8211; Rhein \/ Main<br><a href=\"https:\/\/warhorn.net\/events\/maggus-roll20-onlinerunden\">https:\/\/warhorn.net\/events\/maggus-roll20-onlinerunden<\/a> &lt;&#8211; D\/A\/CH<br><a href=\"https:\/\/warhorn.net\/events\/nordlicht-pfs\">https:\/\/warhorn.net\/events\/nordlicht-pfs<\/a> &lt;&#8211; Norddeutschland<br><a href=\"https:\/\/warhorn.net\/events\/mage-store-pfs\">https:\/\/warhorn.net\/events\/mage-store-pfs<\/a> &lt;&#8211; Rhein-Ruhr<br><a href=\"https:\/\/warhorn.net\/events\/ulm-pfs\">https:\/\/warhorn.net\/events\/ulm-pfs<\/a> &lt;&#8211; Ulm<br><a href=\"https:\/\/warhorn.net\/events\/dutch-german-pfs-sfs-online\">https:\/\/warhorn.net\/events\/dutch-german-pfs-sfs-online<\/a> &lt;&#8211; Dutch \/ German (Wird in englisch gespielt)<br><a href=\"https:\/\/warhorn.net\/events\/eledriels-pfs-orgplay\">https:\/\/warhorn.net\/events\/eledriels-pfs-orgplay<\/a> &lt;&#8211; Eledriel<br><a href=\"https:\/\/warhorn.net\/events\/sunrise-lodge\">https:\/\/warhorn.net\/events\/sunrise-lodge<\/a> &lt;&#8211; Sunrise Lodge von Dr. Thod (Englisch)<\/p>\n\n\n\n<h3 class=\"wp-block-heading\">Play by Post<\/h3>\n\n\n\n<p>Das Spielen im Bereich Play by Post bedeutet, dass man asynchron spielt. In einer Chatoberfl\u00e4che oder einem Forum beschreibt man schriftlich, was sein Charakter tut, w\u00fcrfelt, interagiert mit der Umwelt und den NSC. Das ist ein &#8220;anderes&#8221; Spiel &#8211; und es braucht auch weit l\u00e4nger, als ein normales Szenario &#8211; daf\u00fcr kann man aber immer dann spielen, wenn man Zeit hat. Typischerweise schreibt jeder Spieler ca. alle 2 Tage einen Beitrag. Da kann man sich ausmalen, dass es &#8220;etwas&#8221; l\u00e4nger dauert. <\/p>\n\n\n\n<p>Im deutschsprachigen Raum habe ich das noch nicht gefunden, im englischsprachigen Raum ist die f\u00fcr mich offensichtlichste Quelle f\u00fcr diese Spiele der Discord von &#8220;<a href=\"http:\/\/rollforcombat.com\/\">Roll for Combat<\/a>&#8220;. Dort laufen immer etliche Play by Post Spiele gleichzeitig. <\/p>\n\n\n\n<p><a href=\"https:\/\/discord.gg\/EZ5PjjR\">https:\/\/discord.gg\/EZ5PjjR<\/a><\/p>\n\n\n\n<h2 class=\"wp-block-heading\">Discord<\/h2>\n\n\n\n<p><a href=\"https:\/\/discord.gg\/MV4Msjz\">https:\/\/discord.gg\/MV4Msjz<\/a> &lt;- Pathfinder \/ Starfinder Society DE\/AU\/CH<br><a href=\"https:\/\/discord.gg\/w5QqJ5D\">https:\/\/discord.gg\/w5QqJ5D<\/a> &lt;- Pathfinder Society Hamburg<br><a href=\"https:\/\/discord.gg\/96fvfKQ\">https:\/\/discord.gg\/96fvfKQ<\/a> &lt;&#8211; Pathfinder &#8211; DE\/AT\/CH (ohne gro\u00dfen Societybezug)<br><a href=\"https:\/\/discord.gg\/QDQFGNd\">https:\/\/discord.gg\/QDQFGNd<\/a> &lt;&#8211; Starfinder Germany<\/p>\n\n\n\n<h2 class=\"wp-block-heading\">Facebook<\/h2>\n\n\n\n<p><a href=\"https:\/\/www.facebook.com\/groups\/28750893996\/\">https:\/\/www.facebook.com\/groups\/28750893996\/<\/a> &lt;&#8211; Englischsprachige Facebook Seite der Society<br><a href=\"https:\/\/www.facebook.com\/groups\/275242712621378\/?ref=bookmarks\">https:\/\/www.facebook.com\/groups\/275242712621378\/?ref=bookmarks<\/a> &lt;&#8211; Deutsche Pathfinder &amp; Starfinder Society facebook Seite<br><a href=\"https:\/\/www.facebook.com\/groups\/951150828254646\/?ref=bookmarks\">https:\/\/www.facebook.com\/groups\/951150828254646\/?ref=bookmarks<\/a> &lt;&#8211; Deutsche Pathfinder Rollenspiel Facebook Seite<\/p>\n\n\n\n<h2 class=\"wp-block-heading\">Websites<\/h2>\n\n\n\n<p><a href=\"https:\/\/pathfindersocietyulm.wordpress.com\/category\/abenteuer\/\">https:\/\/pathfindersocietyulm.wordpress.com\/category\/abenteuer\/<\/a> &lt;&#8211; Pathfinder Society Ulm<\/p>\n\n\n\n<h2 class=\"wp-block-heading\">Guides<\/h2>\n\n\n\n<p><a href=\"http:\/\/www.organizedplayfoundation.org\/encyclopedia\/pfs2guide\/\">http:\/\/www.organizedplayfoundation.org\/encyclopedia\/pfs2guide\/<\/a> &lt;&#8211; Englische Guide f\u00fcr Pathfinder Society II<br><a href=\"http:\/\/pfs2.talonzorch.de\/\">http:\/\/pfs2.talonzorch.de\/<\/a> &lt;&#8211; Deutsche Heimat f\u00fcr den Pathfinder Society II Guide (sobald ich das Go von Paizo bekommen habe)<\/p>\n\n\n\n<h2 class=\"wp-block-heading\">Ansprechpartner<\/h2>\n\n\n\n<p><strong>Venture Captain f\u00fcr die Region Zentraleuropa: <\/strong>Nils Janson (Email: pfs.rvc.centraleurope@gmail.com) <br>Zust\u00e4ndig f\u00fcr die Bereiche: Austria, Czech Republic, Germany, Hungary, Poland, Slovakia, Slovenia und Ukraine.<\/p>\n\n\n\n<p><strong>Venture Captain f\u00fcr die Region Online: <\/strong>Jesse Davis (Email: Jesse@PathfinderSocietyOnline.com)<br>Zust\u00e4ndig f\u00fcr virtual table-tops (VTT), play-by-post(PbP), Discord<\/p>\n","protected":false},"excerpt":{"rendered":"<p>Man findet in vielen Regionen Deutschlands regelm\u00e4\u00dfig Spiele. Wenn ihr einen FLGS (Freundlicher, lokaler Spieleladen) bei euch habt, fragt dort einmal nach, ob dort Pathfinder Society gespielt wird. Die Gruppen sind immer offen f\u00fcr neue Mitspieler und freuen sich \u00fcber Interesse. Weiterhin findet man auf vielen Conventions Pathfinder Society Runden. Geht einfach da hin, und [&hellip;]<\/p>\n","protected":false},"author":1,"featured_media":0,"parent":0,"menu_order":0,"comment_status":"closed","ping_status":"closed","template":"","meta":{"footnotes":""},"class_list":["post-37","page","type-page","status-publish","hentry"],"_links":{"self":[{"href":"https:\/\/pfs2.talonzorch.de\/index.php?rest_route=\/wp\/v2\/pages\/37","targetHints":{"allow":["GET"]}}],"collection":[{"href":"https:\/\/pfs2.talonzorch.de\/index.php?rest_route=\/wp\/v2\/pages"}],"about":[{"href":"https:\/\/pfs2.talonzorch.de\/index.php?rest_route=\/wp\/v2\/types\/page"}],"author":[{"embeddable":true,"href":"https:\/\/pfs2.talonzorch.de\/index.php?rest_route=\/wp\/v2\/users\/1"}],"replies":[{"embeddable":true,"href":"https:\/\/pfs2.talonzorch.de\/index.php?rest_route=%2Fwp%2Fv2%2Fcomments&post=37"}],"version-history":[{"count":7,"href":"https:\/\/pfs2.talonzorch.de\/index.php?rest_route=\/wp\/v2\/pages\/37\/revisions"}],"predecessor-version":[{"id":397,"href":"https:\/\/pfs2.talonzorch.de\/index.php?rest_route=\/wp\/v2\/pages\/37\/revisions\/397"}],"wp:attachment":[{"href":"https:\/\/pfs2.talonzorch.de\/index.php?rest_route=%2Fwp%2Fv2%2Fmedia&parent=37"}],"curies":[{"name":"wp","href":"https:\/\/api.w.org\/{rel}","templated":true}]}}