{"id":447,"date":"2020-10-28T11:18:42","date_gmt":"2020-10-28T11:18:42","guid":{"rendered":"http:\/\/pfs2.talonzorch.de\/?page_id=447"},"modified":"2020-10-29T13:26:12","modified_gmt":"2020-10-29T13:26:12","slug":"pfs-ii-season-0-the-year-of-playtest","status":"publish","type":"page","link":"https:\/\/pfs2.talonzorch.de\/?page_id=447","title":{"rendered":"PFS II \u2013 Season 0 \u2013 The Year of Playtest"},"content":{"rendered":"\n<p>Hier finden sich die Szenarien aus dem Playtest. Diese Szenarien stehen auf der Paizo Seite kostenfrei zur Verf\u00fcgung.<\/p>\n\n\n\n<p>Man erh\u00e4lt jedoch keine Chronikb\u00f6gen mehr f\u00fcr das Spielen dieser Szenarien. Ebenso sind die Regeln dort noch nicht komplett auf die 2. Edition gem\u00fcnzt, so dass der Spielleiter sie entweder nach dem Playtest Regelwerk, oder abgewandelt nach den Regeln der 2. Edition leitet. <\/p>\n\n\n\n<p><\/p>\n\n\n\n<h3 class=\"wp-block-heading\">PFS #00-S01: The Rose Street Revenge<\/h3>\n\n\n\n<div class=\"wp-block-image\"><figure class=\"alignright size-large is-resized\"><img loading=\"lazy\" decoding=\"async\" src=\"https:\/\/cdn.paizo.com\/image\/product\/catalog\/PZOP\/PZOPSSTPT01E.jpg\" alt=\"\" width=\"240\" height=\"312\"\/><\/figure><\/div>\n\n\n\n<p><strong>Stufe <\/strong>1<\/p>\n\n\n\n<p><strong>Autor:<\/strong> Leo Glass, Thurston Hillman, Joe Pasini, Linda Zayas-Palmer<\/p>\n\n\n\n<p><strong>Tags: <\/strong>Playtest<\/p>\n\n\n\n<p>Eine Reihe kleinerer Quests der Pathfinder Society f\u00fcr SC&#8217;s der 1. Stufe.<\/p>\n\n\n\n<p>Weniger als ein Jahr ist seit der Scheusalbelagerung vergangen, in dessen Verlauf Absalom eine einfallende Koalition aus D\u00e4monenfleisch-konstrukten und lebendigen Toten abwehren musste. Der Belagerungsf\u00fcrst bot jedem Sklaven in Absalom die Freiheit an, wenn er sich bereit erkl\u00e4re, die Stadt zu verteidigen, und seit diesem Ereignis ist der Sklavenhandel nahezu komplett aus Absalom verschwunden. Die Gesellschaft der Kundschafter ist eine der vielen Oranisationen, welche ihre T\u00fcren f\u00fcr die neuesten B\u00fcrger Absaloms ge\u00f6ffnet hat. Dennoch tauchen immer mehr ehemalige Sklaven tot auf oder verschwinden komplett. Die Gesellschaft untersucht nicht oft Serienmorde, aber einer der neuesten Rekruten der Gesellschaft z\u00e4hlt zu den letzten Opfern. Jetzt ist die Zeit f\u00fcr eine Gruppe aus Kundschaftern gekommen, den Hinweisen zu folgen, diese Verbrechen aufzudecken und die Bedrohung aufzuhalten.<\/p>\n\n\n\n<p>Die Rose Street Revenge ist eine Serie aus vier Quests, welche jeweils 40-60 Minuten lang laufen und die Pathfinder Second Edition Regeln pr\u00e4sentieren. Drei der Quests k\u00f6nnen in beliebiger Reihenfolge gespielt werden und f\u00fchren dann zum Finale.<\/p>\n\n\n\n<p>Ver\u00f6ffentlichung am 07. August 2018<\/p>\n\n\n\n<p><a href=\"https:\/\/paizo.com\/products\/btpya1y3?Pathfinder-Society-Playtest-Scenario-1-The-Rose-Street-Revenge\">https:\/\/paizo.com\/products\/btpya1y3?Pathfinder-Society-Playtest-Scenario-1-The-Rose-Street-Revenge<\/a><\/p>\n\n\n\n<p><\/p>\n\n\n\n<h3 class=\"wp-block-heading\">PFS #00-S02: Raiders of Shrieking Peak<\/h3>\n\n\n\n<div class=\"wp-block-image\"><figure class=\"alignright size-large is-resized\"><img loading=\"lazy\" decoding=\"async\" src=\"https:\/\/cdn.paizo.com\/image\/product\/catalog\/PZOP\/PZOPSSTPT02E.jpg\" alt=\"\" width=\"240\" height=\"312\"\/><\/figure><\/div>\n\n\n\n<p><strong>Stufe <\/strong>5<\/p>\n\n\n\n<p><strong>Autor:<\/strong> Luis Loza<\/p>\n\n\n\n<p><strong>Tags: <\/strong>Playtest<\/p>\n\n\n\n<p>Auch wenn die meisten Entdeckungen der Gesellschaft der Kundschafter aus weit entfernten Landen stammen und Absalom \u00fcber den Hafen erreichen, tauchen doch auch einige der gr\u00f6\u00dften Entdeckungen direkt im Hinterhof der Metropole auf. Als ein au\u00dfergew\u00f6hnliches Relikt nahe der Stadt Diobel auftaucht entsendet die Gesellschaft der Kundschafter einen Feldforscher um es zu bergen und zur Gro\u00dfen Loge zur\u00fcck zu bringen. Leider war das ein Fehlschlag, denn der Feldforscher verschwand irgendwo auf der Stra\u00dfe nach Diobel. Die Kundschafter m\u00fcssen herausfinden, was ihrem Kollegen zugesto\u00dfen ist und m\u00fcssen die verloren gegangene Lieferung bergen &#8211; eine Aufgabe, welche sie in die gef\u00e4hrlichen Weiten des Inselinlandes bringt.<\/p>\n\n\n\n<p>Ver\u00f6ffentlichung am 07. August 2018<\/p>\n\n\n\n<p><a href=\"https:\/\/paizo.com\/products\/btpya1y4?Pathfinder-Society-Playtest-Scenario-2-Raiders-of-Shrieking-Peak\">https:\/\/paizo.com\/products\/btpya1y4?Pathfinder-Society-Playtest-Scenario-2-Raiders-of-Shrieking-Peak<\/a><\/p>\n\n\n\n<p><\/p>\n\n\n\n<h3 class=\"wp-block-heading\">PFS #00-S03: Arclord&#8217;s Envy<\/h3>\n\n\n\n<div class=\"wp-block-image\"><figure class=\"alignright size-large is-resized\"><img loading=\"lazy\" decoding=\"async\" src=\"https:\/\/cdn.paizo.com\/image\/product\/catalog\/PZOP\/PZOPSSTPT03E.jpg\" alt=\"\" width=\"240\" height=\"312\"\/><\/figure><\/div>\n\n\n\n<p><strong>Stufe <\/strong>5<\/p>\n\n\n\n<p><strong>Autor:<\/strong> Lyz Liddell<\/p>\n\n\n\n<p><strong>Tags: <\/strong>Playtest<\/p>\n\n\n\n<p>Nex ist einer der gr\u00f6\u00dften Erzmagiern der Geschichte Golarions und er erschuf ein arkanes K\u00f6nigreich, welches seinen Namen tr\u00e4gt und bis heute Bestand hat. Auch wenn der Erzmagier vor Jahrtausenden unter mysteri\u00f6sen Umst\u00e4nden verschwand, folgen seine Sch\u00fcler weiterhin seinen Visionen, oder dem, was sie aus seinen Unterlagen rekonstruiert daf\u00fcr halten. Die Hauptstadt Quantium ist in heller Aufruhr, da die Kunde umgeht, dass neue Texte von Nex gefunden wurde und der Besitzer bereits unter mysteri\u00f6sen Umst\u00e4nden ums Leben kam. In der Hoffnung, eine politische Katastrophe abzuwenden in deren Verlauf etliche der Hohen Gebieter gegeneinander um den Besitz des Textes k\u00e4mpfen, haben die \u00f6rtliche Beh\u00f6rden die Gesellschaft der Kundschafter damit beauftragt, die Situation als unbeteiligte Beobachter zu kl\u00e4ren. <\/p>\n\n\n\n<p>Ver\u00f6ffentlichung am 07. August 2018<\/p>\n\n\n\n<p><a href=\"https:\/\/paizo.com\/products\/btpya1y5?Pathfinder-Society-Playtest-Scenario-3-Arclords-Envy\">https:\/\/paizo.com\/products\/btpya1y5?Pathfinder-Society-Playtest-Scenario-3-Arclords-Envy<\/a><\/p>\n\n\n\n<p><\/p>\n\n\n\n<h3 class=\"wp-block-heading\">PFS #00-S04: The Frozen Oath<\/h3>\n\n\n\n<div class=\"wp-block-image\"><figure class=\"alignright size-large is-resized\"><img loading=\"lazy\" decoding=\"async\" src=\"https:\/\/cdn.paizo.com\/image\/product\/catalog\/PZOP\/PZOPSSTPT04E.jpg\" alt=\"\" width=\"240\" height=\"312\"\/><\/figure><\/div>\n\n\n\n<p><strong>Stufe <\/strong>10<\/p>\n\n\n\n<p><strong>Autor:<\/strong> Ron Lundeen<\/p>\n\n\n\n<p><strong>Tags: <\/strong>Playtest<\/p>\n\n\n\n<p>Die Gesellschaft der Kundschafter hat einige Gruppen aus Goblins angeheuert, um weit abgelegene Regionen zu erforschen und der einzige \u00dcberlebende einer Frostfellgoblin Expedition kehrte k\u00fcrzlich von der Krone der Welt mit einer Steintafel, einer krude gezeichneten Karte und unglaublichen Erz\u00e4hlungen zur\u00fcck. Doch die Geschichten und die Artefakten deuten nicht nur auf die Taten des legend\u00e4ren Aganhei hin &#8211; dem Tien Forscher, der ber\u00fchmt daf\u00fcr war, dass er einen Weg durch die Arktischen Regionen zwischen Tian Xia und der Region der Inneren See gefunden hat &#8211; sondern auch auf den m\u00e4chtigen Frostriesengott Thremyr hin. Die SC sollen die Schritte des Goblins nachverfolgen und eine merkw\u00fcrdige St\u00e4tte untersuchen, welche f\u00fcr das Verst\u00e4ndnis der Geschichte der n\u00f6rdlichen Regionen absolut notwendig ist. <\/p>\n\n\n\n<p>Ver\u00f6ffentlichung am 07. August 2018<\/p>\n\n\n\n<p><a href=\"https:\/\/paizo.com\/products\/btpzgd7o?Pathfinder-Society-Playtest-Scenario-4-The-Frozen-Oath\">https:\/\/paizo.com\/products\/btpzgd7o?Pathfinder-Society-Playtest-Scenario-4-The-Frozen-Oath<\/a><\/p>\n","protected":false},"excerpt":{"rendered":"<p>Hier finden sich die Szenarien aus dem Playtest. Diese Szenarien stehen auf der Paizo Seite kostenfrei zur Verf\u00fcgung. Man erh\u00e4lt jedoch keine Chronikb\u00f6gen mehr f\u00fcr das Spielen dieser Szenarien. Ebenso sind die Regeln dort noch nicht komplett auf die 2. Edition gem\u00fcnzt, so dass der Spielleiter sie entweder nach dem Playtest Regelwerk, oder abgewandelt nach [&hellip;]<\/p>\n","protected":false},"author":1,"featured_media":0,"parent":42,"menu_order":0,"comment_status":"closed","ping_status":"closed","template":"","meta":{"footnotes":""},"class_list":["post-447","page","type-page","status-publish","hentry"],"_links":{"self":[{"href":"https:\/\/pfs2.talonzorch.de\/index.php?rest_route=\/wp\/v2\/pages\/447","targetHints":{"allow":["GET"]}}],"collection":[{"href":"https:\/\/pfs2.talonzorch.de\/index.php?rest_route=\/wp\/v2\/pages"}],"about":[{"href":"https:\/\/pfs2.talonzorch.de\/index.php?rest_route=\/wp\/v2\/types\/page"}],"author":[{"embeddable":true,"href":"https:\/\/pfs2.talonzorch.de\/index.php?rest_route=\/wp\/v2\/users\/1"}],"replies":[{"embeddable":true,"href":"https:\/\/pfs2.talonzorch.de\/index.php?rest_route=%2Fwp%2Fv2%2Fcomments&post=447"}],"version-history":[{"count":3,"href":"https:\/\/pfs2.talonzorch.de\/index.php?rest_route=\/wp\/v2\/pages\/447\/revisions"}],"predecessor-version":[{"id":453,"href":"https:\/\/pfs2.talonzorch.de\/index.php?rest_route=\/wp\/v2\/pages\/447\/revisions\/453"}],"up":[{"embeddable":true,"href":"https:\/\/pfs2.talonzorch.de\/index.php?rest_route=\/wp\/v2\/pages\/42"}],"wp:attachment":[{"href":"https:\/\/pfs2.talonzorch.de\/index.php?rest_route=%2Fwp%2Fv2%2Fmedia&parent=447"}],"curies":[{"name":"wp","href":"https:\/\/api.w.org\/{rel}","templated":true}]}}