{"id":546,"date":"2022-01-22T13:28:32","date_gmt":"2022-01-22T13:28:32","guid":{"rendered":"https:\/\/pfs2.talonzorch.de\/?page_id=546"},"modified":"2022-01-22T13:28:32","modified_gmt":"2022-01-22T13:28:32","slug":"warhorn-wie-bediene-ich-die-plattform","status":"publish","type":"page","link":"https:\/\/pfs2.talonzorch.de\/?page_id=546","title":{"rendered":"Warhorn &#8211; wie bediene ich die Plattform"},"content":{"rendered":"\n<p>Moin!<\/p>\n\n\n\n<p>Warhorn ist die Plattform, \u00fcber welche viele Online Spielrunden verwaltet, angemeldet und den Spielern bereitgestellt werden. Das ist ungef\u00e4hr mit der gro\u00dfen Pinnwand auf einer echten Convention vergleichbar, an welcher man die stattfindenden Runden sieht. Wo man jedoch auf der Convention im Meatspace seinen Namen auf den Zettel schreibt, um an der Runde teilnehmen zu k\u00f6nnen, wird das bei Warhorn digital abgehandelt. <\/p>\n\n\n\n<p>Dieser Prozess kann etwas komplex sein, weswegen ich hier einmal kurz den Registrierungsprozess beschreibe. Keine Sorge &#8211; durch die ganze Registrierung musst du dich nur einmal durchk\u00e4mpfen, danach geht alles viel schneller. Und wichtig: Warhorn kostet kein Geld. Das Nutzen von Warhorn ist kostenfrei. Es gibt die M\u00f6glichkeit von Premium Abos mit weiteren Features, die sind aber in der Regel nicht notwendig.<\/p>\n\n\n\n<ol class=\"wp-block-list\"><li>Schritt: Wir rufen Warhorn auf. Die Website <a href=\"https:\/\/warhorn.net\/\">https:\/\/warhorn.net\/<\/a> ist englischsprachig, aber das macht nichtst. Wenn ihr auf der Seite seit, d\u00fcrfte das ungef\u00e4hr so aussehen:<\/li><\/ol>\n\n\n\n<figure class=\"wp-block-image size-large\"><img decoding=\"async\" src=\"http:\/\/sr.talonzorch.de\/wp-content\/uploads\/2022\/01\/image-1024x502.png\" alt=\"\" class=\"wp-image-387\"\/><figcaption>Warhorn Startseite<\/figcaption><\/figure>\n\n\n\n<p>2. Schritt: Klicke auf Sign Up Now. Entweder auf den blauen Knopf oder rechts oben in der Ecke. Danach siehst du grob folgende Seite: <\/p>\n\n\n\n<figure class=\"wp-block-image size-large\"><img decoding=\"async\" src=\"http:\/\/sr.talonzorch.de\/wp-content\/uploads\/2022\/01\/image-1-1024x483.png\" alt=\"\" class=\"wp-image-388\"\/><figcaption>Registrierungsseite<\/figcaption><\/figure>\n\n\n\n<p>3. Schritt. Gib deine Mail Adresse, deinen Namen und ein Passwort ein. Best\u00e4tige das Passwort in dem Feld &#8220;Confirm Password&#8221;. Ganz wichtig: Schreibe dir diese Daten auf, speichere sie dir ab oder &#8211; die beste L\u00f6sung &#8211; \u00fcbertrage sie in deinen externen Password Manager. Diese Logindaten brauchst du. Ich rate an dieser Stelle aktiv vom Facebook Sign Up ab, da man damit nicht dauerhaft eingeloggt bleiben kann.  Dann dr\u00fccke auf &#8220;Create Account&#8221;. Du siehst jetzt dieses (oder ein \u00e4hnliches) Bild:<\/p>\n\n\n\n<figure class=\"wp-block-image size-large\"><img decoding=\"async\" src=\"http:\/\/sr.talonzorch.de\/wp-content\/uploads\/2022\/01\/image-2-1024x486.png\" alt=\"\" class=\"wp-image-389\"\/><figcaption>E-Mail best\u00e4tigen<\/figcaption><\/figure>\n\n\n\n<p>4. Schritt: Dr\u00fccke in dem gelben Feld auf den &#8220;Confirm&#8221; Button. Daraufhin erh\u00e4ltst du eine E-Mail. In dieser dr\u00fcckst du auf &#8220;Confirm your Account&#8221;, was deinen Account mit deiner E-Mail Adresse verkn\u00fcpft (was f\u00fcr sp\u00e4ter immer wichtig ist)<\/p>\n\n\n\n<figure class=\"wp-block-image size-large\"><img decoding=\"async\" src=\"http:\/\/sr.talonzorch.de\/wp-content\/uploads\/2022\/01\/image-3-1024x457.png\" alt=\"\" class=\"wp-image-390\"\/><figcaption>E-Mail zum Best\u00e4tigen<\/figcaption><\/figure>\n\n\n\n<p>5. Schritt: Du kommst wieder auf die Warhorn Seite und siehst oben, dass dein Account best\u00e4tigt ist. Das ist gr\u00fcn hinterlegt. <\/p>\n\n\n\n<figure class=\"wp-block-image size-large\"><img decoding=\"async\" src=\"http:\/\/sr.talonzorch.de\/wp-content\/uploads\/2022\/01\/image-4-1024x492.png\" alt=\"\" class=\"wp-image-391\"\/><figcaption>Account best\u00e4tigt<\/figcaption><\/figure>\n\n\n\n<p><\/p>\n\n\n\n<p>Jetzt hast du einen Warhorn Account. Das ist ungef\u00e4hr damit zu vergleichen, dass du das Ticket f\u00fcr die Convention gebucht hast. Jetzt willst du nat\u00fcrlich noch zu einer Pinnwand, wo die ganzen Spiele zu finden sind. Daf\u00fcr gibt es in Warhorn zum einen verschiedene \u00fcbergeordnete Verzeichnisse, welche &#8220;alle&#8221; angebotenen Runden auflisten. Das ist etwas zu un\u00fcbersichtlich f\u00fcr unseren Zweck. Wir gehen direkt an unsere Pinnwand.<\/p>\n\n\n\n<p>F\u00fcr Shadowrun Missions klicke auf diesen Link: <a href=\"https:\/\/warhorn.net\/events\/tz-shadowrun-missions\">https:\/\/warhorn.net\/events\/tz-shadowrun-missions<\/a><\/p>\n\n\n\n<p>F\u00fcr Pathfinder 2 Society klicke auf diesen Link: <a href=\"https:\/\/warhorn.net\/events\/tz-online-society-play\">https:\/\/warhorn.net\/events\/tz-online-society-play<\/a><\/p>\n\n\n\n<p><\/p>\n\n\n\n<p>Ich zeige das jetzt exemplarisch f\u00fcr den Shadowrun Missions Warhorn. <\/p>\n\n\n\n<figure class=\"wp-block-image size-large\"><img decoding=\"async\" src=\"http:\/\/sr.talonzorch.de\/wp-content\/uploads\/2022\/01\/image-6-1024x492.png\" alt=\"\" class=\"wp-image-393\"\/><figcaption>Die Website der Shadowrun Missione<\/figcaption><\/figure>\n\n\n\n<p>Hier dr\u00fcckst du oben als erstes auf &#8220;Follow&#8221; und dann auf &#8220;Register&#8221; <\/p>\n\n\n\n<p>Jetzt taucht eine Website auf, mit welcher du dich bei diesem Event &#8211; in diesem Fall also meinen Shadowrun Missions &#8211; als Spieler registrieren kannst. Das hat noch nichts mit der eigentlichen Anmeldung f\u00fcr eine Runde zu tun, muss aber geschehen. Hier hast du die M\u00f6glichkeit, dein Discord mit Warhorn zu koppeln, was bei ausgebuchten Runden helfen kann, um klar zu stellen, wer wer ist. Unten hast du ein Comments Feld. Dort kannst du etwas eintragen. Die einzige Person, die das dann sieht, ist der Verwalter des jeweiligen Warhorn Bereiches &#8211; also in diesem Fall ich. <\/p>\n\n\n\n<p>Meine beiden Warhorns sind auf automatisches annehmen eingestellt. Bedeutet, sobald du &#8220;Register&#8221; dr\u00fcckst, z\u00e4hlst du als registriert, ohne dass ein Mensch das noch vorher best\u00e4tigen muss. <\/p>\n\n\n\n<figure class=\"wp-block-image size-large\"><img decoding=\"async\" src=\"http:\/\/sr.talonzorch.de\/wp-content\/uploads\/2022\/01\/image-7-1024x499.png\" alt=\"\" class=\"wp-image-394\"\/><figcaption>Die Warhorn Registrierungsseite<\/figcaption><\/figure>\n\n\n\n<p>Sobald du den Button gedr\u00fcckt hast, sieht deine Seite ungef\u00e4hr so aus:<\/p>\n\n\n\n<figure class=\"wp-block-image size-large\"><img decoding=\"async\" src=\"http:\/\/sr.talonzorch.de\/wp-content\/uploads\/2022\/01\/image-8-1024x488.png\" alt=\"\" class=\"wp-image-395\"\/><figcaption>Registrierung erfolgreich<\/figcaption><\/figure>\n\n\n\n<p><\/p>\n\n\n\n<p>Jetzt clickst du oben rechts auf &#8220;Schedule&#8221; und im darauf aufgehenden Men\u00fc auf &#8220;Calendar&#8221;.  Dort siehst du jetzt die angemeldeten Events in diesem Warhorn. Dort dr\u00fcckst du zerst oben auf &#8220;Switch to this Events Timezone&#8221;, damit du die Daten und Uhrzeiten auch korrekt angezeigt bekommst mit GMT +01<\/p>\n\n\n\n<figure class=\"wp-block-image size-large\"><img decoding=\"async\" src=\"http:\/\/sr.talonzorch.de\/wp-content\/uploads\/2022\/01\/image-9-1024x495.png\" alt=\"\" class=\"wp-image-396\"\/><figcaption>Switch Timezone<\/figcaption><\/figure>\n\n\n\n<p>Wenn du dann eine Runde gefunden hast, bei der du mitspielen willst (in diesem Fall w\u00e4re das also S09-M04 &#8211; Neo Tokyo Drift) klickst du auf die Runde.  Es \u00f6ffnet sich dann eine Seite f\u00fcr die entsprechende Spielrunde. Hier stehen immer einige Details zu dem Spiel. Den wichtigen Bereich siehst du, wenn du bei der Website runterscrollst:<\/p>\n\n\n\n<figure class=\"wp-block-image size-full\"><img decoding=\"async\" src=\"http:\/\/sr.talonzorch.de\/wp-content\/uploads\/2022\/01\/image-10.png\" alt=\"\" class=\"wp-image-397\"\/><figcaption>Sign Up to Play<\/figcaption><\/figure>\n\n\n\n<p>Wenn du mitspielen willst, dr\u00fcckst auf auf &#8220;Sign Up to Play&#8221;. Es kommt eine Sicherheitsabfrage. <\/p>\n\n\n\n<figure class=\"wp-block-image size-full\"><img decoding=\"async\" src=\"http:\/\/sr.talonzorch.de\/wp-content\/uploads\/2022\/01\/image-11.png\" alt=\"\" class=\"wp-image-398\"\/><figcaption>Sicherheitsabfrage<\/figcaption><\/figure>\n\n\n\n<p>Best\u00e4tige hier mittels &#8220;Save&#8221; das du mitspielen willst. Und daraufhin siehst du dich unten in der Liste der Spielenden!<\/p>\n\n\n\n<p>Dann solltest du zum Spieltermin im Discord sein und schon kann es losgehen!<\/p>\n\n\n\n<p>Discord f\u00fcr Events bei TalonZorch: <a href=\"https:\/\/discord.gg\/HSybEq6zZf\">https:\/\/discord.gg\/HSybEq6zZf<\/a><\/p>\n\n\n\n<p><\/p>\n\n\n\n<p>Nimm im Optimalfall Kontakt zu deinem Spielleiter auf und informiere ihn, was du f\u00fcr einen Charakter spielen wirst. Im Normalfall erh\u00e4ltst du dann den Link zu einem Spieltisch, in welchen du deinen Charakter eintragen kannst, oder der Spielleiter fordert bestimmte Daten bei dir an, damit er deinen Charakter importieren kann.<\/p>\n\n\n\n<p><\/p>\n\n\n\n<p>Und jetzt bist du ready to go f\u00fcr Spiele mittels Warhorn!<\/p>\n","protected":false},"excerpt":{"rendered":"<p>Moin! Warhorn ist die Plattform, \u00fcber welche viele Online Spielrunden verwaltet, angemeldet und den Spielern bereitgestellt werden. Das ist ungef\u00e4hr mit der gro\u00dfen Pinnwand auf einer echten Convention vergleichbar, an welcher man die stattfindenden Runden sieht. Wo man jedoch auf der Convention im Meatspace seinen Namen auf den Zettel schreibt, um an der Runde teilnehmen [&hellip;]<\/p>\n","protected":false},"author":1,"featured_media":0,"parent":0,"menu_order":0,"comment_status":"closed","ping_status":"closed","template":"","meta":{"footnotes":""},"class_list":["post-546","page","type-page","status-publish","hentry"],"_links":{"self":[{"href":"https:\/\/pfs2.talonzorch.de\/index.php?rest_route=\/wp\/v2\/pages\/546","targetHints":{"allow":["GET"]}}],"collection":[{"href":"https:\/\/pfs2.talonzorch.de\/index.php?rest_route=\/wp\/v2\/pages"}],"about":[{"href":"https:\/\/pfs2.talonzorch.de\/index.php?rest_route=\/wp\/v2\/types\/page"}],"author":[{"embeddable":true,"href":"https:\/\/pfs2.talonzorch.de\/index.php?rest_route=\/wp\/v2\/users\/1"}],"replies":[{"embeddable":true,"href":"https:\/\/pfs2.talonzorch.de\/index.php?rest_route=%2Fwp%2Fv2%2Fcomments&post=546"}],"version-history":[{"count":1,"href":"https:\/\/pfs2.talonzorch.de\/index.php?rest_route=\/wp\/v2\/pages\/546\/revisions"}],"predecessor-version":[{"id":547,"href":"https:\/\/pfs2.talonzorch.de\/index.php?rest_route=\/wp\/v2\/pages\/546\/revisions\/547"}],"wp:attachment":[{"href":"https:\/\/pfs2.talonzorch.de\/index.php?rest_route=%2Fwp%2Fv2%2Fmedia&parent=546"}],"curies":[{"name":"wp","href":"https:\/\/api.w.org\/{rel}","templated":true}]}}