{"id":57,"date":"2020-07-26T20:21:41","date_gmt":"2020-07-26T20:21:41","guid":{"rendered":"http:\/\/pfs2.talonzorch.de\/?page_id=57"},"modified":"2020-08-27T14:55:49","modified_gmt":"2020-08-27T14:55:49","slug":"schnellstart-quick-start-guide","status":"publish","type":"page","link":"https:\/\/pfs2.talonzorch.de\/?page_id=57","title":{"rendered":"1. Schnellstart (Quick Start Guide)"},"content":{"rendered":"\n<blockquote class=\"wp-block-quote has-text-align-center is-layout-flow wp-block-quote-is-layout-flow\"><p><strong><em>ACHTUNG: Bei Unklarheiten oder zur Beilegung von Streitigkeiten gilt in jedem Fall der Englische Guide. Dieser Disclaimer steht aktiv auf jeder Seite. Solltet ihr eine solche Unklarheit finden, kontaktiert mich bitte, damit ich einen entsprechenden Vermerk eintragen kann.<\/em><\/strong><\/p><cite>Disclaimer f\u00fcr den Guide<\/cite><\/blockquote>\n\n\n\n<p>Quelle f\u00fcr diese Seite: <a href=\"http:\/\/www.organizedplayfoundation.org\/encyclopedia\/pathfinder-2-0-organized-play-basics\/\"><a href=\"http:\/\/www.organizedplayfoundation.org\/encyclopedia\/pathfinder-2-0-quick-start-guide\/\">http:\/\/www.organizedplayfoundation.org\/encyclopedia\/pathfinder-2-0-quick-start-guide\/<\/a><\/a><\/p>\n\n\n\n<h3 class=\"wp-block-heading\">1.1 Wie registriere ich mich f\u00fcr Organisiertes Spiel<\/h3>\n\n\n\n<p>Um sicherzustellen, dass du Zugang zu allen Werkzeugen und Vorteilen unserer Spieler hast, ben\u00f6tigst du einen<strong> paizo.com<\/strong> Account  f\u00fcr das Organisierte Spiel. Wenn dui noch keinen Account hast, kannst du dir diesen auf <a href=\"http:\/\/www.paizo.com\">www.paizo.com<\/a> erstellen indem du oben rechts auf &#8220;Sign In&#8221; klickst. Danach dr\u00fcckst du auf &#8220;Create New Account&#8221; und folgst den Anweisungen der kommenden Seiten.<\/p>\n\n\n\n<p>Sobald du deinen <strong>paizo.com<\/strong> Account hast, logge dich ein und halte deine Maus \u00fcber dem &#8220;My Account&#8221; Men\u00fceintrag in der oberen rechten Ecke des Bildschirms. W\u00e4hle dann im Dropdown Men\u00fc &#8220;Organized Play&#8221; aus (Vom Mobiltelefon aus musst du einmal &#8220;My Account&#8221; anklicken, damit das Men\u00fc erscheint). Dies bringt dich auf deine personalisierte Paizo Organized Play Seite. Hier kannst du dir eine Kopie deiner Organized Play ID Karte herunterladen, deine Charaktere ansehen und aktualisieren, neue Charaktere registrieren und deine gespielten Spiele ansehen.<\/p>\n\n\n\n<p>Um einen <strong>neuen Charakter zu registrieren<\/strong>, dr\u00fcckst du auf &#8220;Register a New Pathfinder Society (2nd edition) Character&#8221; am unteren Rand der Seite.<\/p>\n\n\n\n<p><strong>Wenn du dich vor deinem ersten Spiel noch nicht registrieren konntest,<\/strong> wird dein Spielleiter (SL \/ GM) dir eine Organized Play ID Nummer geben, welche du dort eingeben kannst, damit dir das Spiel gutgeschrieben wird.<\/p>\n\n\n\n<h3 class=\"wp-block-heading\">1.2 Lerne die Community Richtlinien<\/h3>\n\n\n\n<p>Alle Teilnehmer des Organisierten Spiels m\u00fcssen sich an die <a href=\"http:\/\/pfs2.talonzorch.de\/?page_id=60\">Community Richtlinien<\/a> halten. Lies sie durch und befolge sie stets bei Events des Organisierten Spiels.<\/p>\n\n\n\n<h3 class=\"wp-block-heading\">1.3 Charaktere<\/h3>\n\n\n\n<p>Als n\u00e4chstes brauchst du einen Charakter zum Spielen. Du kannst entweder einen vorgenerierten Charakter einsetzen oder deinen eigenen Charakter erstellen. <\/p>\n\n\n\n<h4 class=\"wp-block-heading\">1.3.1 Einen Vorgefertigten Charakter nutzen<\/h4>\n\n\n\n<p>Wenn dir die Zeit fehlt, einen neuen Charakter zu erstellen oder du einfach eine andere Klasse ausprobieren willst, kannst du einen der vorgenerierten Charaktere verwenden. Diese werden auch \u201ePregens\u201c genannt. Die Pathfinder Society Rollenspielgilde bietet anhand der Ikonischen Charaktere von Pathfinder vorgenerierte Charaktere an, welche auf paizo.com zum Download bereitstehen \u2013 und nat\u00fcrlich auch von deinem \u00f6rtlichen Event Koordinator bereitgestellt werden. Die folgenden Regeln finden Anwendung, wenn du einen vorgenerierten Charakter verwendest.<\/p>\n\n\n\n<figure class=\"wp-block-table\"><table><tbody><tr><td><strong>Name<\/strong><\/td><td><strong>Klasse<\/strong><\/td><td><strong>Rasse<\/strong><\/td><td><strong>Verf\u00fcgbare Stufen<\/strong><\/td><\/tr><tr><td>Amiri<\/td><td>Barbar<\/td><td>Mensch<\/td><td>Stufe 1 \/ 5<\/td><\/tr><tr><td>Ezren<\/td><td>Magier<\/td><td>Mensch<\/td><td>Stufe 1 \/ 5<\/td><\/tr><tr><td>Fumbus<\/td><td>Alchemist<\/td><td>Goblin<\/td><td>Stufe 1 \/ 5<\/td><\/tr><tr><td>Harsk<\/td><td>Waldl\u00e4ufer<\/td><td>Zwerg<\/td><td>Stufe 1<\/td><\/tr><tr><td>Kyra<\/td><td>Kleriker<\/td><td>Mensch<\/td><td>Stufe 1 \/ 5<\/td><\/tr><tr><td>Lem<\/td><td>Barde<\/td><td>Halbling<\/td><td>Stufe 1 \/ 5<\/td><\/tr><tr><td>Lini<\/td><td>Druide<\/td><td>Gnom<\/td><td>Stufe 1<\/td><\/tr><tr><td>Merisiel<\/td><td>Schurke<\/td><td>Elf<\/td><td>Stufe 1 \/ 5<\/td><\/tr><tr><td>Sajan<\/td><td>M\u00f6nch<\/td><td>Mensch<\/td><td>Stufe 1<\/td><\/tr><tr><td>Seelah<\/td><td>Streiter<\/td><td>Mensch<\/td><td>Stufe 1<\/td><\/tr><tr><td>Seoni<\/td><td>Zauberer<\/td><td>Mensch<\/td><td>Stufe 1<\/td><\/tr><tr><td>Valeros<\/td><td>K\u00e4mpfer<\/td><td>Mensch<\/td><td>Stufe 1 \/ 5<\/td><\/tr><\/tbody><\/table><\/figure>\n\n\n\n<p>[[[xxx todo: Advanced Players Guide Pregens einf\u00fcgen]]<\/p>\n\n\n\n<h4 class=\"wp-block-heading\">1.3.2 Einen Charakter erstellen<\/h4>\n\n\n\n<p>Die Charaktererstellung f\u00fcr Pathfinder Society folgt den Richtlinien des Pathfinder Grundregelwerks mit einigen zus\u00e4tzlichen besonderen Regeln und Vorteilen. Im Kapitel [[TODO xxx Charaktererschaffungxxx]] findest du eine Schritt-f\u00fcr-Schritt Anleitung um dir dabei zu helfen, deinen eigenen Charakter zu erstellen. Ebenso werden dir dort die besonderen Regeln und Vorteile des organisierten Spiels n\u00e4her gebracht. Lies die Regeln des Kapitels durch um sicherzustellen, dass dein Charakter f\u00fcr das Organisierte Spiel geeignet ist. Alle Pathfinder Society Charaktere m\u00fcssen auf der 1. Stufe starten.<\/p>\n\n\n\n<p><strong>Charakter Optionen: <\/strong>Alle Herk\u00fcnfte, Hintergr\u00fcnde und Klassen aus dem Grundregelwerk stehen zur Erschaffung des Charakters zur Verf\u00fcgung. Du kannst sp\u00e4ter auch Achievement Punkte [[xxxLINKxxx]] ausgeben, um dir weitere Herk\u00fcnfte und Optionen aus anderen B\u00fcchern freizuschalten, um diese im organisierten Spiel einsetzen zu k\u00f6nnen. Weitere Informationen dazu findest du unter [[xxxLINK Charakter Optionen]].<\/p>\n\n\n\n<h3 class=\"wp-block-heading\">1.4 Vor dem Abenteuer<\/h3>\n\n\n\n<p>Wenn ihr euch hinsetzt, um an einem Spiel teil zunehmen, stellt euch vor und entscheidet euch, welchen eurer Charaktere ihr f\u00fcr das Spiel nutzen wollt. Der SL wird einen Anmeldebogen herumreichen, wo ihr eure Informationen eintragen sollt. Das beinhaltet zum Beispiel dein Charakternamen, die Organized Play ID, die Nummer eures Charakters, die Stufe und gew\u00e4hlte Fraktion. Zu dem Zeitpunkt entscheidet du dich auch, ob du die [[xxxTODOLINK]] Standard- oder Langsame Aufstiegsgeschwindigkeit nutzen m\u00f6chtest. <\/p>\n\n\n\n<h3 class=\"wp-block-heading\">1.5 W\u00e4hrend des Abenteuers<\/h3>\n\n\n\n<p>Zus\u00e4tzlich zu den Regeln des Grundregelwerks nutzt das Pathfinder Society Spiel noch einige weitere Regeln f\u00fcr das Spiel. Die folgenden Beiden sind die wichtigsten:<\/p>\n\n\n\n<h4 class=\"wp-block-heading\">1.5.1 Ein Charakter pro Abenteuer<\/h4>\n\n\n\n<p>Du kannst in der Pathfinder Society so viele aktive Charaktere haben wie du m\u00f6chtest. Pro Abenteuer kannst du aber immer nur einen deiner Charaktere spielen. Wenn ein vierter Charakter ben\u00f6tigt wird um die Mindestanzahl an Charakteren pro Tisch zu stellen, muss der vierte Charakter ein vorgefertigter ikonischer Charakter sein. Der Spielleiter kann auch einem Spieler den ikonischen zuweisen, damit dieser ihn und seinen normalen Charakter spielt, oder die Gruppe als Ganze kann die Entscheidungen des ikonischen Charakters bestimmen.<\/p>\n\n\n\n<h4 class=\"wp-block-heading\">1.5.2 Kein Kampf Charakter gegen Charakter<\/h4>\n\n\n\n<p>Das Motto der Pathfinder Society ist \u201eErforschen, Berichten, Zusammenarbeiten\u201c. Um bei dem Zusammenarbeiten Thema zu bleiben greifen die Charaktere sich nicht gegenseitig an. Versehentliches Friendly Fire kann passieren (durch fehlgeschlagene Angriffsw\u00fcrfe oder andere Faktoren) aber die Spieler m\u00fcssen das Einverst\u00e4ndnis der anderen Spieler haben, wenn sie deren Charaktere absichtlich in sch\u00e4digenden Effekten einschlie\u00dfen wollen. In diesem Fall sollte der Verursacher dem Opfer bei den Heilungskosten helfen. Diese Regel findet keine Anwendung in Situationen, in denen der Charakter nicht mit freiem Willen agiert \u2013 wenn sie beispielsweise mittels Gedankenkontrolle beherrscht werden.<\/p>\n\n\n\n<h3 class=\"wp-block-heading\">1.6 Nach dem Abenteuer<\/h3>\n\n\n\n<p>Nach dem Abschluss des Abenteuers erh\u00e4ltst du einen Chronikbogen vom Spielleiter. Dieser Bogen fasst noch einmal das Abenteuer zusammen und gibt Auskunft \u00fcber deine Erfolge. Du findest hier deine erhaltenen Erfahrungspunkte, den Zugang zu Sch\u00e4tzen, erhaltenen Reichtum sowie in manchen F\u00e4llen Zugang zu einem besonderen Vorteil, welcher die Erfahrungen deines Charakters in diesem Abenteuer darstellt. Wenn du deinen eigenen Charakter erstellt hast, wird dieser Bogen direkt auf diesen Charakter angewendet und du kannst Erfahrungspunkte, gekaufte Gegenst\u00e4nde und den erhaltenen Reichtum direkt auf dem Charakterbogen vermerken. Wenn du einen vorgenerierten Charakter genutzt hat, wird dieser Chronikbogen der erste sein, den du deinem neuen selbst erstellten Charakter zuweisen kannst.<\/p>\n\n\n\n<p>Als Spieler wird von dir erwartet, dass du deine Buchf\u00fchrung des Charakters pr\u00e4zise h\u00e4ltst und die Chronikb\u00f6gen zu jedem Pathfinder Society Event mitbringst. Wenn du die Chronikb\u00f6gen eines Charakters nicht dabei hast, wirst du diesen Charakter nicht spielen k\u00f6nnen, kannst aber nat\u00fcrlich einen anderen Charakter oder einen vorgenerierten Charakter der entsprechenden Stufe spielen. Wir empfehlen dir, alles zu einem Charakter geh\u00f6rende in einem separaten Ordner zu archivieren. <\/p>\n\n\n\n<p>Schau dir das Kapitel [[xxxTODOxxxLINK Chronikb\u00f6gen und Buchf\u00fchrung]] n\u00e4her an, um zu erfahren, wie man einen Chronikbogen ausf\u00fcllt und schau auch [[xxxTODOxxxLINK Negative Effekte]] n\u00e4her an, um zu erfahren, wie du mit negativen Effekten am Ende eines Abenteuers umgehst.<\/p>\n\n\n\n<p>Wenn du dich noch nicht f\u00fcr das Organisierte Spiel angemeldet hast, solltest du das sp\u00e4testens jetzt auf <a href=\"http:\/\/www.paizo.com\">www.paizo.com <\/a>tun.<\/p>\n\n\n\n<h4 class=\"wp-block-heading\">1.6.1 Abenteuer wiederholen<\/h4>\n\n\n\n<p>Generell kannst du bis zu zwei Chronikb\u00f6gen f\u00fcr jedes Abenteuer erhalten. Einen f\u00fcr das Spielen des Abenteuers und einen, wenn du es leitest. Einige Abenteuer verf\u00fcgen \u00fcber die Kategorie Repeatable (Wiederholbar) und k\u00f6nnen mehrfach gespielt werden. Schau dir dazu [[xxxTODOxxx Replaying Adventures]] an.<\/p>\n\n\n\n<h4 class=\"wp-block-heading\">1.6.2 Spieltestpunkte<\/h4>\n\n\n\n<p>Wenn du bereits Punkte oder Vorteile aus dem Spieltest hast, schau dir [[xxxLINKxxx Special Rewards]] an, um herauszufinden wie du diese Spieltestpunkte ausgeben und die Vorteile daraus einsetzen kannst.<\/p>\n","protected":false},"excerpt":{"rendered":"<p>ACHTUNG: Bei Unklarheiten oder zur Beilegung von Streitigkeiten gilt in jedem Fall der Englische Guide. Dieser Disclaimer steht aktiv auf jeder Seite. Solltet ihr eine solche Unklarheit finden, kontaktiert mich bitte, damit ich einen entsprechenden Vermerk eintragen kann. Disclaimer f\u00fcr den Guide Quelle f\u00fcr diese Seite: http:\/\/www.organizedplayfoundation.org\/encyclopedia\/pathfinder-2-0-quick-start-guide\/ 1.1 Wie registriere ich mich f\u00fcr Organisiertes Spiel [&hellip;]<\/p>\n","protected":false},"author":1,"featured_media":0,"parent":9,"menu_order":0,"comment_status":"closed","ping_status":"closed","template":"","meta":{"footnotes":""},"class_list":["post-57","page","type-page","status-publish","hentry"],"_links":{"self":[{"href":"https:\/\/pfs2.talonzorch.de\/index.php?rest_route=\/wp\/v2\/pages\/57","targetHints":{"allow":["GET"]}}],"collection":[{"href":"https:\/\/pfs2.talonzorch.de\/index.php?rest_route=\/wp\/v2\/pages"}],"about":[{"href":"https:\/\/pfs2.talonzorch.de\/index.php?rest_route=\/wp\/v2\/types\/page"}],"author":[{"embeddable":true,"href":"https:\/\/pfs2.talonzorch.de\/index.php?rest_route=\/wp\/v2\/users\/1"}],"replies":[{"embeddable":true,"href":"https:\/\/pfs2.talonzorch.de\/index.php?rest_route=%2Fwp%2Fv2%2Fcomments&post=57"}],"version-history":[{"count":6,"href":"https:\/\/pfs2.talonzorch.de\/index.php?rest_route=\/wp\/v2\/pages\/57\/revisions"}],"predecessor-version":[{"id":200,"href":"https:\/\/pfs2.talonzorch.de\/index.php?rest_route=\/wp\/v2\/pages\/57\/revisions\/200"}],"up":[{"embeddable":true,"href":"https:\/\/pfs2.talonzorch.de\/index.php?rest_route=\/wp\/v2\/pages\/9"}],"wp:attachment":[{"href":"https:\/\/pfs2.talonzorch.de\/index.php?rest_route=%2Fwp%2Fv2%2Fmedia&parent=57"}],"curies":[{"name":"wp","href":"https:\/\/api.w.org\/{rel}","templated":true}]}}