{"id":72,"date":"2020-07-27T15:05:47","date_gmt":"2020-07-27T15:05:47","guid":{"rendered":"http:\/\/pfs2.talonzorch.de\/?page_id=72"},"modified":"2020-08-27T18:22:44","modified_gmt":"2020-08-27T18:22:44","slug":"hintergruende-der-vorfahren-legacy-backgrounds","status":"publish","type":"page","link":"https:\/\/pfs2.talonzorch.de\/?page_id=72","title":{"rendered":"8. Hintergr\u00fcnde der Vorfahren (Legacy Backgrounds)"},"content":{"rendered":"\n<blockquote class=\"wp-block-quote has-text-align-center is-layout-flow wp-block-quote-is-layout-flow\"><p><strong><em>ACHTUNG: Bei Unklarheiten oder zur Beilegung von Streitigkeiten gilt in jedem Fall der Englische Guide. Dieser Disclaimer steht aktiv auf jeder Seite. Solltet ihr eine solche Unklarheit finden, kontaktiert mich bitte, damit ich einen entsprechenden Vermerk eintragen kann.<\/em><\/strong><\/p><cite>Disclaimer f\u00fcr den Guide<\/cite><\/blockquote>\n\n\n\n<p>Quelle f\u00fcr diese Seite: <a href=\"http:\/\/www.organizedplayfoundation.org\/encyclopedia\/pathfinder-2-0-gm-basics\/\"><a href=\"http:\/\/www.organizedplayfoundation.org\/encyclopedia\/pathfinder-2-0-legacy-backgrounds\/\">http:\/\/www.organizedplayfoundation.org\/encyclopedia\/pathfinder-2-0-legacy-backgrounds\/<\/a><\/a><\/p>\n\n\n\n<p>Auch wenn Charakter aus der ersten Edition nicht in das aktuelle Pathfinder Society Kampagnenset \u00fcberf\u00fchrt werden k\u00f6nnen, haben ihre Taten doch die neuesten Abenteurer der Gesellschaft der Kundschafter gepr\u00e4gt. F\u00fcr jede der elf Saisons in der Legacy Kampagne kann ein Spieler einen besonderen Legacy Charakterhintergrund freischalte, wenn er f\u00fcnf oder mehr Szenarien der jeweiligen Saison gespielt hat. Diese Hintergr\u00fcnde sind einzigartig f\u00fcr die Pathfinder Society Kampagne. Sobald freigeschaltet kann der Spieler diesen Hintergrund f\u00fcr beliebig viele Charaktere verwenden. Siehe Legacy Hintergr\u00fcnde.<\/p>\n\n\n\n<p>Die folgenden Hintergr\u00fcnde sind besondere Optionen, welche nur Spielern zur Verf\u00fcgung stehen, welche in der Kampagne der ersten Edition mitgespielt haben und stellen einzigartige Charaktermerkmale dar.<\/p>\n\n\n\n<h3 class=\"wp-block-heading\">Fr\u00fcher Forscher&nbsp;&nbsp;&nbsp;&nbsp;&nbsp; Hintergrund<\/h3>\n\n\n\n<p>In der letzten Dekade hat sich die Pathfinder Society mit d\u00e4monischen Armeen angelegt, sich in die Politik eingemischt und noch vieles mehr \u2013 aber du bist der Organisation beigetreten, bevor alles so kompliziert wurde. Ob du ein Ruinenforscher bist, oder einfach ein Kundschafter, der monatelange Expeditionen in die Wildnis unternimmt, du bist ein Kundschafter und willst Erkunden, Berichten und Zusammenarbeiten.<\/p>\n\n\n\n<p>W\u00e4hle zwei Attributsverbesserungen. Eine muss f\u00fcr St\u00e4rke oder Weisheit genutzt werden, dazu kommt eine Freie Attributsverbesserung.<br>Du erh\u00e4ltst den Kompetenzgrad Ge\u00fcbt in der Fertigkeit \u00dcberlebenskunst und in der Fertigkeit Kenntnis (Gesellschaft der Kundschafter). Du erlangst das Fertigkeitstalent \u00dcberlebensspezialist (Forager).<\/p>\n\n\n\n<p><strong>Speziell:<\/strong> Du kannst diesen Hintergrund nur dann ausw\u00e4hlen, wenn du f\u00fcnf Chronikb\u00f6gen von Szenarien der Pathfinder Society 1st Edition aus der Staffel 0 der Organisierten Spielkampagne besitzt.<\/p>\n\n\n\n<h3 class=\"wp-block-heading\">\u00dcberlebender des Schattenkriegs&nbsp; Hintergrund<\/h3>\n\n\n\n<p>Zahllose Fraktionen haben in den letzten Jahrtausenden um die Vorherrschaft \u00fcber Absalom gek\u00e4mpft und f\u00fcr Jahrhunderte haben diese Gruppen durch die Gesellschaft der Kundschafter gewirkt, um eine bessere Kontrolle \u00fcber die Stadt am Nabel der Welt zu etablieren. Vielleicht warst du einer dieser Agenten, der mit anderen Agenten w\u00e4hrend des sogenannten Schattenkrieges in Konflikt gerietest. Oder vielleicht warst du eines der ungewollten Opfer dieser verborgenen Schlachten, was dich dann dazu brachte, dich der Gesellschaft anzuschlie\u00dfen um diese Konflikte aus dem Inneren zu beenden. Was auch immer dein Grund war, da du dich durch den Schattenkrieg laviert hast, bist du politisch geschult und gut informiert.<\/p>\n\n\n\n<p>W\u00e4hle zwei Attributsverbesserungen. Eine muss f\u00fcr Charisma oder Weisheit genutzt werden, dazu kommt eine Freie Attributsverbesserung.<br>Du erh\u00e4ltst den Kompetenzgrad Ge\u00fcbt in der Fertigkeit Gesellschaftskunde und in der Fertigkeit Kenntnis (Absalom). Du erlangst das Fertigkeitstalent Gassenwissen (Streetwise).<\/p>\n\n\n\n<p><strong>Speziell:<\/strong> Du kannst diesen Hintergrund nur dann ausw\u00e4hlen, wenn du f\u00fcnf Chronikb\u00f6gen von Szenarien der Pathfinder Society 1st Edition aus der Staffel 1 der Organisierten Spielkampagne besitzt.<\/p>\n\n\n\n<h3 class=\"wp-block-heading\">\u00dcberl\u00e4ufer aus der Schattenloge&nbsp;&nbsp; Hintergrund<\/h3>\n\n\n\n<p>Du warst unter den Kundschaftern, welcher von der b\u00f6sen Schattenloge rekrutiert wurden und mit dem Versprechen von Reichtum, Reformen, Gerechtigkeit oder Rache gelockt wurden. Du k\u00f6nntest gegen loyale Agenten der Gesellschaft gek\u00e4mpft haben, die Reputation der Kundschafter in fernen L\u00e4ndern unterminiert oder sogar weit entfernte Logen als Spion infiltriert haben. Du hast jedoch mittlerweile deinen Frieden damit gemacht und bis der Gesellschaft der Kundschafter wieder beigetreten \u2013 doch die Reflexe und F\u00e4higkeiten, welche du damals gelernt hast, kann man nur schwer vergessen.<\/p>\n\n\n\n<p>W\u00e4hle zwei Attributsverbesserungen. Eine muss f\u00fcr Geschicklichkeit oder Intelligenz genutzt werden, dazu kommt eine Freie Attributsverbesserung.<br>Du erh\u00e4ltst den Kompetenzgrad Ge\u00fcbt in der Fertigkeit T\u00e4uschung und in der Fertigkeit Kenntnis (Unterwelt). Du erlangst das Fertigkeitstalent L\u00fcgen durchschauen (Lie to me).<\/p>\n\n\n\n<p><strong>Speziell:<\/strong> Du kannst diesen Hintergrund nur dann ausw\u00e4hlen, wenn du f\u00fcnf Chronikb\u00f6gen von Szenarien der Pathfinder Society 1st Edition aus der Staffel 2 der Organisierten Spielkampagne besitzt.<\/p>\n\n\n\n<h3 class=\"wp-block-heading\">Enthusiast des Rubinph\u00f6nix&nbsp;&nbsp;&nbsp;&nbsp;&nbsp;&nbsp;&nbsp;&nbsp;&nbsp;&nbsp; Hintergrund<\/h3>\n\n\n\n<p>Benannt nach dem legend\u00e4ren Zauberer Hao Jin, findet das Rubinph\u00f6nixturnier alle 10 Jahre in Goka statt und zieht die Aufmerksamkeit von au\u00dfergew\u00f6hnlichen Talenten der gesamten Welt an. Vielleicht hast du f\u00fcr das Turnier trainiert, aber niemals teilgenommen oder vielleicht hast du bestritten, nur um durch die Pathfinder Society besiegt worden zu sein \u2013 was dich dann dazu inspirierte, der Gesellschaft beizutreten. Egal auf welche Weise dies geschehenen ist, dein Ausbildung hat dich f\u00fcr die T\u00fccken eines Abenteurerlebens bestens vorbereitet.<\/p>\n\n\n\n<p>W\u00e4hle zwei Attributsverbesserungen. Eine muss f\u00fcr Geschicklichkeit oder St\u00e4rke genutzt werden, dazu kommt eine Freie Attributsverbesserung.<br>Du erh\u00e4ltst den Kompetenzgrad Ge\u00fcbt in der Fertigkeit Athletik und in der Fertigkeit Kenntnis (Gladiatoren). Du erlangst das Fertigkeitstalent Kampfkletterer (Combat Climber). Zus\u00e4tzlich dazu erh\u00e4ltst du Zugang zu einer der folgenden ungew\u00f6hnlichen M\u00f6nchswaffen: Kama, Nunchaku, Sai, Shuriken oder dem Tempelschwert.<\/p>\n\n\n\n<p><strong>Speziell:<\/strong> Du kannst diesen Hintergrund nur dann ausw\u00e4hlen, wenn du f\u00fcnf Chronikb\u00f6gen von Szenarien der Pathfinder Society 1st Edition aus der Staffel 3 der Organisierten Spielkampagne besitzt.<\/p>\n\n\n\n<h3 class=\"wp-block-heading\">Thassilonischer Forscher&nbsp;&nbsp; Hintergrund<\/h3>\n\n\n\n<p>Als die Arch\u00e4ologen einen Gro\u00dfteil der Thassilonischen Ruinen entdeckten und erforschten warst du unter diesen motivierten Forschern, welche nach den uralten Geheimnissen der Runenherrscher strebten. Vielleicht warst du ein Lehrling eines der Kundschafter, welche auf diesen Expeditionen ihr Ende fanden, was dich mit den Aufzeichnungen und Entdeckungen dieses Kundschafters zur\u00fcck lie\u00df. Oder vielleicht hast du sogar einige dieser St\u00e4tten selbst erkundet und hast dir selbst beigebracht, die arkanen Geheimnisse zu verstehen bevor die fremdartige Magie dein Leben ausl\u00f6schen k\u00f6nnte.<\/p>\n\n\n\n<p>W\u00e4hle zwei Attributsverbesserungen. Eine muss f\u00fcr Intelligenz oder Konstitution genutzt werden, dazu kommt eine Freie Attributsverbesserung.<br>Du erh\u00e4ltst den Kompetenzgrad Ge\u00fcbt in der Fertigkeit Arkane K\u00fcnste und in der Fertigkeit Kenntnis (Thassilonische Geschichte). Du erlangst das Fertigkeitstalent Gesp\u00fcr f\u00fcr Magie (Arcane Sense). Zus\u00e4tzlich dazu f\u00fcgst du Thassilonisch der Liste an Sprachen hinzu, welche du durch einen hohen Intelligenzmodifikator erlernen darfst.<\/p>\n\n\n\n<p><strong>Speziell:<\/strong> Du kannst diesen Hintergrund nur dann ausw\u00e4hlen, wenn du f\u00fcnf Chronikb\u00f6gen von Szenarien der Pathfinder Society 1st Edition aus der Staffel 4 der Organisierten Spielkampagne besitzt.<\/p>\n\n\n\n<h3 class=\"wp-block-heading\">D\u00e4monenslayer&nbsp;&nbsp;&nbsp;&nbsp;&nbsp;&nbsp;&nbsp; Hintergrund<\/h3>\n\n\n\n<p>F\u00fcr mehr als ein Jahrhundert f\u00fchrte Mendev eine multinationale Koalition gegen die wachsende Schaar abyssischer Eindringlinge in die Weltenwunde an und die Pathfinder Society half im sogenannten f\u00fcnften Kreuzzug dabei, diesen Ebenen Riss endg\u00fcltig zu schlie\u00dfen und die d\u00e4monischen Armeen zu besiegen. Vielleicht bist du ein abgeh\u00e4rteter Rekrut welcher sich mit den D\u00e4monen angelegt hat, vielleicht ein \u00dcberlebender, der alles an die teuflischen Armeen verloren hat und nur knapp mit dem Leben davongekommen ist, oder vielleicht wurdest du von den Kundschaftern gerettet. Dein Kontakt mit der Weltenwunde hat dir aber einige lebenswichtige Lehrstunden in der Identifikation von Scheusalen und ihrer Magie verschafft.<\/p>\n\n\n\n<p>W\u00e4hle zwei Attributsverbesserungen. Eine muss f\u00fcr Konstitution oder St\u00e4rke genutzt werden, dazu kommt eine Freie Attributsverbesserung.<br>Du erh\u00e4ltst den Kompetenzgrad Ge\u00fcbt in der Fertigkeit Religionskunde und in der Fertigkeit Kenntnis (Abyss). Du erlangst das Fertigkeitstalent Zauber erkennen (Recognize Spell). Zus\u00e4tzlich dazu f\u00fcgst du Abyssisch der Liste an Sprachen hinzu, welche du durch einen hohen Intelligenzmodifikator erlernen darfst.<\/p>\n\n\n\n<p><strong>Speziell:<\/strong> Du kannst diesen Hintergrund nur dann ausw\u00e4hlen, wenn du f\u00fcnf Chronikb\u00f6gen von Szenarien der Pathfinder Society 1st Edition aus der Staffel 5 der Organisierten Spielkampagne besitzt.<\/p>\n\n\n\n<h3 class=\"wp-block-heading\">Sch\u00fcler des Himmelsschl\u00fcssels&nbsp;&nbsp;&nbsp;&nbsp;&nbsp; Hintergrund<\/h3>\n\n\n\n<p>Die ungew\u00f6hnliche Technologie der Silberkuppe Numerias verbl\u00fcfft die Gelehrten der Pathfinder Society immer wieder, aber du bist du einer derjenigen, die heraufgefunden haben, wie eine Handvoll dieser futuristischen Werkzeuge funktionieren \u2013 wahrscheinlich nachdem du mehr als nur ein paar Explosionen \u00fcberstanden hast. Die Gesellschaft mag dich f\u00fcr deine esoterischen F\u00e4higkeiten rekrutiert haben, oder vielleicht hast du auch den Schutz der Gesellschaft gesucht, nachdem du dem Griff der b\u00f6sen Technikliga entronnen bist. Auch wenn dein Verst\u00e4ndnis dieser fortgeschrittenen Technologie noch immer noch perfekt ist, sind deine schwer verdienten Lehrstunden doch unsch\u00e4tzbar zum Entschl\u00fcsseln und Reparieren dieser Art von Ausr\u00fcstung.<\/p>\n\n\n\n<p>W\u00e4hle zwei Attributsverbesserungen. Eine muss f\u00fcr Intelligenz oder Konstitution genutzt werden, dazu kommt eine Freie Attributsverbesserung.<br>Du erh\u00e4ltst den Kompetenzgrad Ge\u00fcbt in der Fertigkeit Handwerkskunst und in der Fertigkeit Kenntnis (Ingenieurskunst). Du erlangst das Fertigkeitstalent Schnelles Reparieren (Quick Repair).<\/p>\n\n\n\n<p><strong>Speziell:<\/strong> Du kannst diesen Hintergrund nur dann ausw\u00e4hlen, wenn du f\u00fcnf Chronikb\u00f6gen von Szenarien der Pathfinder Society 1st Edition aus der Staffel 6 der Organisierten Spielkampagne besitzt.<\/p>\n\n\n\n<h3 class=\"wp-block-heading\">Ehemaliger Aspisagent&nbsp;&nbsp;&nbsp;&nbsp;&nbsp;&nbsp;&nbsp; Hintergrund<\/h3>\n\n\n\n<p>F\u00fcr mehr als ein Jahrhundert war die Gesellschaft der Kundschafter immer wieder in Konflikt mit dem b\u00f6sen und hinterh\u00e4ltigen Aspis Konsortium. Vor einigen Jahren konnte die Gesellschaft ihrem Rivalen einen herben Schlag beibringen. Vielleicht bist du einer der wenigen \u00dcberlebenden einer zum Scheitern verurteilten Expedition des Aspis Konsortiums oder vielleicht hast du dich auch von den b\u00f6sartigen Praktiken des Konsortiums abgewandt und bist zu den Kundschaftern \u00fcbergelaufen. Egal was deine Beweggr\u00fcnde warn, du wei\u00dft wie man effizient und r\u00fccksichtslos sein kann \u2013 wenn die Umst\u00e4nde es erfordern.<\/p>\n\n\n\n<p>W\u00e4hle zwei Attributsverbesserungen. Eine muss f\u00fcr Charisma oder Intelligenz genutzt werden, dazu kommt eine Freie Attributsverbesserung.<br>Du erh\u00e4ltst den Kompetenzgrad Ge\u00fcbt in der Fertigkeit Einsch\u00fcchtern und in der Fertigkeit Kenntnis (Aspis Konsortium). Du erlangst das Fertigkeitstalent Gruppe bedr\u00e4ngen (Group Coercion). Du erlangst Zugang zu allen Ungew\u00f6hnlichen Optionen, als w\u00e4rest du ein Mitglied des Aspis Konsortiums.<\/p>\n\n\n\n<p><strong>Speziell:<\/strong> Du kannst diesen Hintergrund nur dann ausw\u00e4hlen, wenn du f\u00fcnf Chronikb\u00f6gen von Szenarien der Pathfinder Society 1st Edition aus der Staffel 7 der Organisierten Spielkampagne besitzt.<\/p>\n\n\n\n<h3 class=\"wp-block-heading\">Retter der Luft&nbsp;&nbsp;&nbsp;&nbsp;&nbsp;&nbsp;&nbsp;&nbsp;&nbsp; Hintergrund<\/h3>\n\n\n\n<p>Als der Unber\u00fchrbare Opal, ein Artefakt au\u00dfergew\u00f6hnlicher Macht, von der Gesellschaft der Kundschafter gesichert wurde, machte sich die Gesellschaft auf um den guten Halbgott Ranginori zu befreien. Dieser war in einem nahezu undurchdringlichen Gef\u00e4ngnis gefangen. Vielleicht bist du der Gesellschaft der Kundschafter w\u00e4hrend diesen Expeditionen auf die Elementaren Ebenen beigetreten oder du hast vielleicht auf einer dieser Ebenen gelebt, als du von diesen Agenten von der Gesellschaft erfahren hast. Als Ergebnis dessen, ist es f\u00fcr dich nicht schwierig, dich zurechtzufinden und durch widrigstes Gel\u00e4nde zu navigieren.<\/p>\n\n\n\n<p>W\u00e4hle zwei Attributsverbesserungen. Eine muss f\u00fcr Charisma oder Geschicklichkeit genutzt werden, dazu kommt eine Freie Attributsverbesserung.<br>Du erh\u00e4ltst den Kompetenzgrad Ge\u00fcbt in der Fertigkeit Akrobatik und in der Fertigkeit Kenntnis (Elementarherren) oder eine Kenntnis, basierend auf einer der Elementarebenen (wie zum Beispiel Kenntnis (Ebene der Luft)). Du erlangst das Fertigkeitstalent Katzenhafte Landung (Cat Fall). Zus\u00e4tzlich dazu f\u00fcgst du Auran der Liste an Sprachen hinzu, welche du durch einen hohen Intelligenzmodifikator erlernen darfst.<\/p>\n\n\n\n<p><strong>Speziell:<\/strong> Du kannst diesen Hintergrund nur dann ausw\u00e4hlen, wenn du f\u00fcnf Chronikb\u00f6gen von Szenarien der Pathfinder Society 1st Edition aus der Staffel 8 der Organisierten Spielkampagne besitzt.<\/p>\n\n\n\n<h3 class=\"wp-block-heading\">Fraktionsopportunist&nbsp;&nbsp;&nbsp;&nbsp;&nbsp;&nbsp;&nbsp;&nbsp;&nbsp; Hintergrund<\/h3>\n\n\n\n<p>W\u00e4hrend der Einfluss der Gesellschaft der Kundschafter wuchs wurden auch die Fraktionen reicher und machtvoller. Diese Fraktionen basierten auf den Kundschaftern und gleicherma\u00dfen auf unabh\u00e4ngigen Agenten um Handelsnetzwerke zu etablieren, die Politik zu beeinflussen und weit mehr \u2013 und du warst einer dieser Spezialisten, welcher den Fraktionen dabei half, ihre Ziele zu erreichen. Diese Ereignisse boten dir eine Vielzahl von Gelegenheiten um neue Kontakte zu entwickeln und deine Verhandlungsf\u00e4higkeiten aufzubauen.<\/p>\n\n\n\n<p>W\u00e4hle zwei Attributsverbesserungen. Eine muss f\u00fcr Intelligenz oder Weisheit genutzt werden, dazu kommt eine Freie Attributsverbesserung.<br>Du erh\u00e4ltst den Kompetenzgrad Ge\u00fcbt in der Fertigkeit Diplomatie und in der Fertigkeit Kenntnis (Gilden) oder Kenntnis (Heraldik) oder Kenntnis (Handel). Du erlangst das Fertigkeitstalent Informationssammler (Hobnobber).<\/p>\n\n\n\n<p><strong>Speziell:<\/strong> Du kannst diesen Hintergrund nur dann ausw\u00e4hlen, wenn du f\u00fcnf Chronikb\u00f6gen von Szenarien der Pathfinder Society 1st Edition aus der Staffel 9 der Organisierten Spielkampagne besitzt.<\/p>\n\n\n\n<h3 class=\"wp-block-heading\">Fl\u00fcchtling aus Hao Jins Wandteppich Hintergrund<\/h3>\n\n\n\n<p>Innerhalb ihrer gro\u00dfartigen Museums Halbebene hat der Zauberer Hao Jin zahllose St\u00e4tten und Kulturen extrahiert und konserviert. Die sich entwickelnde Magie dieser Halbebene zwang die Gesellschaft der Kundschafter vor kurzem etliche ihrer Einwohner zu evakuieren, und du warst Teil dieser Fl\u00fcchtlinge welche nach Jahrhunderten der Isolation auf die materielle Ebene zur\u00fcckkehrten. Egal ob du der Gesellschaft aus Dankbarkeit, Neugier oder Verzweiflung beigetreten bist, durch die Flucht aus deiner zum Sterben verurteilten Heimat bist du abgeh\u00e4rtet.<\/p>\n\n\n\n<p>W\u00e4hle zwei Attributsverbesserungen. Eine muss f\u00fcr Konstitution oder Weisheit genutzt werden, dazu kommt eine Freie Attributsverbesserung.<br>Du erh\u00e4ltst den Kompetenzgrad Ge\u00fcbt in der Fertigkeit Heilkunde oder Heimlichkeit und in der Fertigkeit Kenntnis (basierend auf der Art deiner Halbebene, wie H\u00f6hle oder W\u00fcste). Du erlangst das Fertigkeitstalent Routine (Assurance) in der von dir gew\u00e4hlten Fertigkeit.<\/p>\n\n\n\n<p><strong>Speziell:<\/strong> Du kannst diesen Hintergrund nur dann ausw\u00e4hlen, wenn du f\u00fcnf Chronikb\u00f6gen von Szenarien der Pathfinder Society 1st Edition aus der Staffel 10 der Organisierten Spielkampagne besitzt.<\/p>\n","protected":false},"excerpt":{"rendered":"<p>ACHTUNG: Bei Unklarheiten oder zur Beilegung von Streitigkeiten gilt in jedem Fall der Englische Guide. Dieser Disclaimer steht aktiv auf jeder Seite. Solltet ihr eine solche Unklarheit finden, kontaktiert mich bitte, damit ich einen entsprechenden Vermerk eintragen kann. Disclaimer f\u00fcr den Guide Quelle f\u00fcr diese Seite: http:\/\/www.organizedplayfoundation.org\/encyclopedia\/pathfinder-2-0-legacy-backgrounds\/ Auch wenn Charakter aus der ersten Edition nicht [&hellip;]<\/p>\n","protected":false},"author":1,"featured_media":0,"parent":9,"menu_order":8,"comment_status":"closed","ping_status":"closed","template":"","meta":{"footnotes":""},"class_list":["post-72","page","type-page","status-publish","hentry"],"_links":{"self":[{"href":"https:\/\/pfs2.talonzorch.de\/index.php?rest_route=\/wp\/v2\/pages\/72","targetHints":{"allow":["GET"]}}],"collection":[{"href":"https:\/\/pfs2.talonzorch.de\/index.php?rest_route=\/wp\/v2\/pages"}],"about":[{"href":"https:\/\/pfs2.talonzorch.de\/index.php?rest_route=\/wp\/v2\/types\/page"}],"author":[{"embeddable":true,"href":"https:\/\/pfs2.talonzorch.de\/index.php?rest_route=\/wp\/v2\/users\/1"}],"replies":[{"embeddable":true,"href":"https:\/\/pfs2.talonzorch.de\/index.php?rest_route=%2Fwp%2Fv2%2Fcomments&post=72"}],"version-history":[{"count":6,"href":"https:\/\/pfs2.talonzorch.de\/index.php?rest_route=\/wp\/v2\/pages\/72\/revisions"}],"predecessor-version":[{"id":211,"href":"https:\/\/pfs2.talonzorch.de\/index.php?rest_route=\/wp\/v2\/pages\/72\/revisions\/211"}],"up":[{"embeddable":true,"href":"https:\/\/pfs2.talonzorch.de\/index.php?rest_route=\/wp\/v2\/pages\/9"}],"wp:attachment":[{"href":"https:\/\/pfs2.talonzorch.de\/index.php?rest_route=%2Fwp%2Fv2%2Fmedia&parent=72"}],"curies":[{"name":"wp","href":"https:\/\/api.w.org\/{rel}","templated":true}]}}