{"id":78,"date":"2020-07-26T20:27:07","date_gmt":"2020-07-26T20:27:07","guid":{"rendered":"http:\/\/pfs2.talonzorch.de\/?page_id=78"},"modified":"2020-08-27T11:21:04","modified_gmt":"2020-08-27T11:21:04","slug":"freiwilligen-koordinatoren-volunteer-coordinators","status":"publish","type":"page","link":"https:\/\/pfs2.talonzorch.de\/?page_id=78","title":{"rendered":"11. Freiwilligen Koordinatoren (Volunteer Coordinators)"},"content":{"rendered":"\n<blockquote class=\"wp-block-quote has-text-align-center is-layout-flow wp-block-quote-is-layout-flow\"><p><strong><em>ACHTUNG: Bei Unklarheiten oder zur Beilegung von Streitigkeiten gilt in jedem Fall der Englische Guide. Dieser Disclaimer steht aktiv auf jeder Seite. Solltet ihr eine solche Unklarheit finden, kontaktiert mich bitte, damit ich einen entsprechenden Vermerk eintragen kann.<\/em><\/strong><\/p><cite>Disclaimer f\u00fcr den Guide<\/cite><\/blockquote>\n\n\n\n<p>Mehr als 90.000 Spieler und 17.000 aktive Spielleiter nehmen an dem Organisierten Spiel von Paizo teil. Die Ereignisse umspannen den Globus und finden regelm\u00e4\u00dfig in 44 L\u00e4ndern auf sechs der sieben Kontinente statt. Spieler und Spielleiter arbeiten zusammen um regionale Events zu organisieren, doch selbst in unserer so mediendurchsetzten Zeit kann es schwierig sein, sich mit anderen Spielern zu koordinieren. Meistens f\u00e4llt die Aufgabe der Organisation von Veranstaltungen einer Person oder einem Team vor Ort zu, die ihre Zeit und ihre Bem\u00fchungen zur F\u00f6rderung des Gl\u00fccksspiels in ihren Gemeinden ehrenamtlich zur Verf\u00fcgung stellt.<\/p>\n\n\n\n<p>Um diesen Pool von globalen Freiwilligen zu koordinieren, hat sich Paizo mit der Organized Play Foundation zusammengetan, einer gemeinn\u00fctzigen Wohlt\u00e4tigkeitsorganisation, die gegr\u00fcndet wurde, um Spieler zusammenzubringen und die Bildung durch strategische Spiele zu f\u00f6rdern. Die Freiwilligen der Organized Play Foundation w\u00e4hlen das Programm f\u00fcr organisiertes Spielen, in unserem Fall Paizo, und den Umfang ihrer Aktivit\u00e4ten aus, von einem lokalen Spielgesch\u00e4ft bis hin zu einem ganzen Land oder Kontinent, um den Spielern in jeder Region regelm\u00e4\u00dfige Spielm\u00f6glichkeiten zu bieten.<\/p>\n\n\n\n<p>Die Freiwilligen, die gemeinsam als Venture-Officer bezeichnet werden, erhalten Dienstgrade, die sich nach ihren Aufgaben und geographischen Zust\u00e4ndigkeitsbereichen richten. Die oberste Ebene der Freiwilligen, die regionalen Venture-Koordinatoren, k\u00fcmmert sich um die geographischen Gebiete. Unter ihnen sind die Venture-Captains, die f\u00fcr L\u00e4nder, Staaten oder Gro\u00dfst\u00e4dte zust\u00e4ndig sind.&nbsp; Ihre rechten H\u00e4nde, die Venture-Lieutenants, helfen bei den Koordinationsbem\u00fchungen des Gebiets, wobei sie manchmal zur Region geh\u00f6ren und manchmal einer Stadt oder einem Ort zugeteilt werden.&nbsp; Die unterste Ebene, die Venture-Agents, koordinieren die Aktivit\u00e4ten an einem Ort, z.B. in einem Spielwarengesch\u00e4ft, einer Schule, einem Gemeindezentrum oder einer milit\u00e4rischen Einrichtung.<\/p>\n\n\n\n<p>Die aktuelle Liste der Paizo Venture-Officers ist online unter <a href=\"http:\/\/paizo.com\/organizedplay\/coordinators\">http:\/\/paizo.com\/organizedplay\/coordinators<\/a> . Spieler, die nach organisierten Spielaktivit\u00e4ten in ihrem Gebiet suchen, sollten sich an den n\u00e4chstgelegenen Venture-Officer wenden. Wenn Sie sich nicht sicher sind, wer Ihr \u00f6rtlicher Venture-Officer ist, finden Sie Ihren Staat oder Ihr Land in der Liste unten und kontaktieren Sie den zugeh\u00f6rigen regionalen Venture-Koordinator.<\/p>\n\n\n\n<p>Jeder kann der Organized Play Foundation als Freiwilliger beitreten. Eine Liste der empfohlenen Aufgaben und Leistungen f\u00fcr jede Stufe des Ranges &#8220;Venture-Officer&#8221; finden Sie unter http:\/\/paizo.com\/organizedplay\/coordinators\/volunteer. Wenn Sie die Beschreibungen der Venture-Officer lesen und daran interessiert sind, dem Team beizutreten, f\u00fcllen Sie das Formular f\u00fcr freiwillige Mitarbeiter aus, das unten auf der oben aufgef\u00fchrten Webseite der Organized Play Foundation verlinkt ist. Der regionale Venture-Koordinator f\u00fcr Ihr Gebiet wird Ihre Informationen erhalten und Kontakt aufnehmen, um Sie in das Team aufzunehmen.<\/p>\n\n\n\n<h2 class=\"wp-block-heading\">Regionen des Organisierten Spiels<\/h2>\n\n\n\n<p>Die regionalen Venture-Koordinatoren und die mit ihnen verbundenen Regionen sind unten aufgef\u00fchrt.<\/p>\n\n\n\n<p>S\u00fcdpazifik (Australien): Regionaler Venture-Koordinator: Daniel Flood (TBD); Australien, Fidschi, Neu Seeland, Rarotonga, und Vanuatu.<\/p>\n\n\n\n<p>Appalachia (Vereinige Staaten): Regionaler Venture-Koordinator: David Shaw (<a href=\"mailto:apparvc@gmail.com\">apparvc@gmail.com<\/a>): Georgia, North Carolina, South Carolina, Tennessee, Virginia, und West Virginia<\/p>\n\n\n\n<p>Asien-Pazifik (Asien, Vereinige Staaten): Regionaler Venture-Koordinator: Coordinator Stephen White (pathfindersocietyoz@gmail.com): China, Hawaii, India, Indonesia, Japan, Malaysia, Okinawa, Philippines, Singapore, und Ostasien<\/p>\n\n\n\n<p>Baltikum (Europa, Asien): Regionaler Venture-Koordinator: Auke Teeninga&nbsp; (pathfinderbenelux@gmail.com): Belarus, Belgien (Flemish), D\u00e4nemark, Finnland, Island, Latvia, Niederlande, Norwegen, Russland, S\u00fcdafrika und Schweden.<\/p>\n\n\n\n<p>Zentral (Europa): Regionaler Venture-Koordinator: Nils Janson (pfs.rvc.centraleurope@gmail.com):&nbsp; \u00d6sterreich, Czech Republic, Deutschland, Ungarn, Polen, Slowakei, Slowenien and Ukraine<\/p>\n\n\n\n<p>Frankia (Europa) Regionaler Venture-Koordinator: Benoit Gros (bengrow@gmail.com):&nbsp; Belgien (Wallonia), Frankreich, Quebec, und Schweiz<\/p>\n\n\n\n<p>Gro\u00dfe Seen (Vereinige Staaten &amp; Kanada) Regionaler Venture-Koordinator: Brent Bowser (brent.bowser1337@gmail.com): Illinois, Indiana, Kentucky, Michigan, Ohio, Ontario<\/p>\n\n\n\n<p>Great Plains (United States &amp; Canada):&nbsp; Regional Venture-Coordinator Todd Morgan (toddpmorgan@gmail.com):, Colorado, Kansas, Nebraska, North Dakota, Oklahoma, Saskatchewan, South Dakota, and Wyoming<\/p>\n\n\n\n<p>Gulf (United States):&nbsp; Regional Venture-Coordinator Dominick Trascritti (dominicktrascritti@yahoo.com):&nbsp; Alabama, Florida, Georgia, Louisiana, Mississippi, Texas<\/p>\n\n\n\n<p>Isles (Europe):&nbsp; Regional Venture-Coordinator Ian Hawthorne (Ian.hawthorne1@virgin.net):&nbsp; Ireland, United Kingdom<\/p>\n\n\n\n<p>Mediterranean (Europe, Asia):&nbsp; Regional Venture-Coordinator Dave Harrison (paizoconuk@hotmail.com):&nbsp; Croatia, Israel, Italy, Portugal, , Spain, Turkey, and United Arab Emirates<\/p>\n\n\n\n<p>Northeast (United States, Canada):&nbsp; Regional Venture-Coordinator Dan Simons (pfs.rvc.northeast@gmail.com): Atlantic Canada, Connecticut, Delaware, Maine, Maryland, Massachusetts, New Hampshire, New Jersey, New York, Pennsylvania, Rhode Island, Vermont, and Washington D.C.<\/p>\n\n\n\n<p>Northwest (United States, Canada):&nbsp; Regional Venture-Coordinator Walter Sheppard (pullmanpathfinder@gmail.com):&nbsp; Alaska, Alberta, British Columbia, Idaho, Montana, Oregon, Washington, and<\/p>\n\n\n\n<p>River (United States):&nbsp; Regional Venture-Coordinator Troy Schnack (videogamesetc@hotmail.com): Arkansas, Iowa, Missouri<\/p>\n\n\n\n<p>Southwest (United States, Central &amp; South America):&nbsp; Regional Venture-Coordinator Eric Brittain (sdpathfinder@gmail.com):&nbsp; Argentina, Arizona, Brazil, California, Chile, Mexico, Nevada, New Mexico, Uruguay, and Utah<\/p>\n\n\n\n<p>Upper Midwest (United States &amp; Canada):&nbsp; Regional Venture-Coordinator Jack Brown (jackbrown.mn.pfs@gmail.com): Manitoba, Minnesota, Wisconsin<\/p>\n\n\n\n<p>Non-geographical<\/p>\n\n\n\n<p>&nbsp;Online:&nbsp; Regional Venture-Coordinator Jesse Davis&nbsp; (Jesse@PathfinderSocietyOnline.com)<\/p>\n","protected":false},"excerpt":{"rendered":"<p>ACHTUNG: Bei Unklarheiten oder zur Beilegung von Streitigkeiten gilt in jedem Fall der Englische Guide. Dieser Disclaimer steht aktiv auf jeder Seite. Solltet ihr eine solche Unklarheit finden, kontaktiert mich bitte, damit ich einen entsprechenden Vermerk eintragen kann. Disclaimer f\u00fcr den Guide Mehr als 90.000 Spieler und 17.000 aktive Spielleiter nehmen an dem Organisierten Spiel [&hellip;]<\/p>\n","protected":false},"author":1,"featured_media":0,"parent":9,"menu_order":12,"comment_status":"closed","ping_status":"closed","template":"","meta":{"footnotes":""},"class_list":["post-78","page","type-page","status-publish","hentry"],"_links":{"self":[{"href":"https:\/\/pfs2.talonzorch.de\/index.php?rest_route=\/wp\/v2\/pages\/78","targetHints":{"allow":["GET"]}}],"collection":[{"href":"https:\/\/pfs2.talonzorch.de\/index.php?rest_route=\/wp\/v2\/pages"}],"about":[{"href":"https:\/\/pfs2.talonzorch.de\/index.php?rest_route=\/wp\/v2\/types\/page"}],"author":[{"embeddable":true,"href":"https:\/\/pfs2.talonzorch.de\/index.php?rest_route=\/wp\/v2\/users\/1"}],"replies":[{"embeddable":true,"href":"https:\/\/pfs2.talonzorch.de\/index.php?rest_route=%2Fwp%2Fv2%2Fcomments&post=78"}],"version-history":[{"count":4,"href":"https:\/\/pfs2.talonzorch.de\/index.php?rest_route=\/wp\/v2\/pages\/78\/revisions"}],"predecessor-version":[{"id":199,"href":"https:\/\/pfs2.talonzorch.de\/index.php?rest_route=\/wp\/v2\/pages\/78\/revisions\/199"}],"up":[{"embeddable":true,"href":"https:\/\/pfs2.talonzorch.de\/index.php?rest_route=\/wp\/v2\/pages\/9"}],"wp:attachment":[{"href":"https:\/\/pfs2.talonzorch.de\/index.php?rest_route=%2Fwp%2Fv2%2Fmedia&parent=78"}],"curies":[{"name":"wp","href":"https:\/\/api.w.org\/{rel}","templated":true}]}}