{"id":9,"date":"2020-06-09T14:06:19","date_gmt":"2020-06-09T14:06:19","guid":{"rendered":"http:\/\/pfs2.talonzorch.de\/?page_id=9"},"modified":"2020-08-27T11:16:42","modified_gmt":"2020-08-27T11:16:42","slug":"pfs-ii-society-spielleitfaden","status":"publish","type":"page","link":"https:\/\/pfs2.talonzorch.de\/?page_id=9","title":{"rendered":"PFS II &#8211; Society Spielleitfaden"},"content":{"rendered":"\n<p>Der Link zum Englischen Guide:  <a href=\"http:\/\/www.organizedplayfoundation.org\/encyclopedia\/pfs2guide\/\">http:\/\/www.organizedplayfoundation.org\/encyclopedia\/pfs2guide\/<\/a> <\/p>\n\n\n\n<p><strong><em>ACHTUNG: Bei Unklarheiten oder zur Beilegung von Streitigkeiten gilt in jedem Fall der Englische Guide. Dieser Disclaimer steht aktiv auf jeder Seite. Solltet ihr eine solche Unklarheit finden, kontaktiert mich bitte, damit ich einen entsprechenden Vermerk eintragen kann.<\/em><\/strong><\/p>\n\n\n\n<p><\/p>\n\n\n\n<ol class=\"wp-block-list\"><li><a href=\"http:\/\/pfs2.talonzorch.de\/?page_id=57\">Schnellstart (Quick Start Guide)<\/a><\/li><li><a href=\"http:\/\/pfs2.talonzorch.de\/?page_id=60\">Grundlagen des Organisierten Spiels (Organized Play Basics)<\/a><\/li><li><a href=\"http:\/\/pfs2.talonzorch.de\/?page_id=62\">Die Welt der Pathfinder Society (World of Pathfinder Society)<\/a><\/li><li><a href=\"http:\/\/pfs2.talonzorch.de\/?page_id=64\">Grundlagen: Spieler (Player Basics)<\/a><\/li><li><a href=\"http:\/\/pfs2.talonzorch.de\/?page_id=66\">Grundlagen: SL (GM Basics)<\/a><\/li><li><a href=\"http:\/\/pfs2.talonzorch.de\/?page_id=68\">Fraktionen (Factions)<\/a><\/li><li><a href=\"http:\/\/pfs2.talonzorch.de\/?page_id=70\">Fraktions-Vorteile (Faction Boons)<\/a><\/li><li><a href=\"http:\/\/pfs2.talonzorch.de\/?page_id=72\">Hintergr\u00fcnde der Vorfahren (Legacy Backgrounds)<\/a><\/li><li><a href=\"http:\/\/pfs2.talonzorch.de\/?page_id=74\">Charakteroptionen (Character Options)<\/a><\/li><li><a href=\"http:\/\/pfs2.talonzorch.de\/?page_id=76\">Glossar (Glossary)<\/a><\/li><li><a href=\"http:\/\/pfs2.talonzorch.de\/?page_id=78\">Freiwillige Koordinatoren (Volunteer Coordinators)<\/a><\/li><li><a href=\"http:\/\/pfs2.talonzorch.de\/?page_id=80\">Trademarks and Licenses<\/a><\/li><li><a href=\"http:\/\/pfs2.talonzorch.de\/?page_id=112\">ACP Vorteile (ACP Boons)<\/a><\/li><li><a href=\"http:\/\/pfs2.talonzorch.de\/?page_id=93\">Changelog<\/a><\/li><\/ol>\n\n\n\n<p><strong>Fakten \u00fcber die Gesellschaft der Kundschafter<\/strong><\/p>\n\n\n\n<p>Dein Charakter ist ein Mitglied einer Organisation in der Spielwelt, die als Gesellschaft der Kundschafter (Pathfinder Society) bekannt ist. Die folgenden Fakten sind Allgemeinwissen unter den Kundschaftern.<\/p>\n\n\n\n<p>1.&nbsp;&nbsp;&nbsp;&nbsp;&nbsp;&nbsp;&nbsp;&nbsp;&nbsp;&nbsp;&nbsp; Die Agenten der Kundschafter sind Abenteuer welche durch die Welt reisen, neue Orte erforschen und sowohl vergangenes wie modernes in Chroniken festhalten.<\/p>\n\n\n\n<p>2.&nbsp;&nbsp;&nbsp;&nbsp;&nbsp;&nbsp;&nbsp;&nbsp;&nbsp;&nbsp;&nbsp; Das Motto der Gesellschaft der Kundschafter ist \u201eErforschen, Berichten, Zusammenarbeiten\u201c<\/p>\n\n\n\n<p>3.&nbsp;&nbsp;&nbsp;&nbsp;&nbsp;&nbsp;&nbsp;&nbsp;&nbsp;&nbsp;&nbsp; Die Gesellschaft der Kundschafter ver\u00f6ffentlicht Berichte ihrer spannendsten und wichtigsten Missionen in einer Reihe aus Journalen welche die \u201eChronik der Kundschafter\u201c genannt ist. Die meisten dieser Chroniken sind \u00f6ffentlich zug\u00e4nglich.<\/p>\n\n\n\n<p>4.&nbsp;&nbsp;&nbsp;&nbsp;&nbsp;&nbsp;&nbsp;&nbsp;&nbsp;&nbsp;&nbsp; Die Gesellschaft der Kundschafter operiert von Hauptquartieren aus welche sie Logen nennen. Die gr\u00f6\u00dfte und wichtigste dieser Logen ist die gro\u00dfe Loge in Absalom.<\/p>\n\n\n\n<p>5.&nbsp;&nbsp;&nbsp;&nbsp;&nbsp;&nbsp;&nbsp;&nbsp;&nbsp;&nbsp;&nbsp; Das Symbol der Gesellschaft der Kundschafter ist die Glyphe der offenen Stra\u00dfe, welche sich am Ende dieses Handouts findet.<\/p>\n\n\n\n<p>6.&nbsp;&nbsp;&nbsp;&nbsp;&nbsp;&nbsp;&nbsp;&nbsp;&nbsp;&nbsp;&nbsp; Die meisten Kundschafter tragen eine Art magischen Kompass, einen \u201eWayfinder\u201c. Da man \u201eWayfinder\u201c nur \u00e4u\u00dferst selten au\u00dferhalb der Gesellschaft der Kundschafter sieht fungieren die oft als Mitgliedsabzeichen zu der Gesellschaft.<\/p>\n\n\n\n<p>7.&nbsp;&nbsp;&nbsp;&nbsp;&nbsp;&nbsp;&nbsp;&nbsp;&nbsp;&nbsp;&nbsp; Die Agenten der Gesellschaft der Kundschafter interagieren meist mit einem Kundschafter Hauptmann. Diese Kundschafter Hauptm\u00e4nner organisieren die Missionen f\u00fcr die Agenten und sie verwalten meist auch ihre eigene Loge. An der Spitze der Gesellschaft der Kundschafter steht das Dezemvirat (Herrschaft der Zehn), welche als \u201eDie Zehn\u201c bekannt sind.<\/p>\n","protected":false},"excerpt":{"rendered":"<p>Der Link zum Englischen Guide: http:\/\/www.organizedplayfoundation.org\/encyclopedia\/pfs2guide\/ ACHTUNG: Bei Unklarheiten oder zur Beilegung von Streitigkeiten gilt in jedem Fall der Englische Guide. Dieser Disclaimer steht aktiv auf jeder Seite. Solltet ihr eine solche Unklarheit finden, kontaktiert mich bitte, damit ich einen entsprechenden Vermerk eintragen kann. Schnellstart (Quick Start Guide) Grundlagen des Organisierten Spiels (Organized Play Basics) [&hellip;]<\/p>\n","protected":false},"author":1,"featured_media":0,"parent":0,"menu_order":0,"comment_status":"closed","ping_status":"closed","template":"","meta":{"footnotes":""},"class_list":["post-9","page","type-page","status-publish","hentry"],"_links":{"self":[{"href":"https:\/\/pfs2.talonzorch.de\/index.php?rest_route=\/wp\/v2\/pages\/9","targetHints":{"allow":["GET"]}}],"collection":[{"href":"https:\/\/pfs2.talonzorch.de\/index.php?rest_route=\/wp\/v2\/pages"}],"about":[{"href":"https:\/\/pfs2.talonzorch.de\/index.php?rest_route=\/wp\/v2\/types\/page"}],"author":[{"embeddable":true,"href":"https:\/\/pfs2.talonzorch.de\/index.php?rest_route=\/wp\/v2\/users\/1"}],"replies":[{"embeddable":true,"href":"https:\/\/pfs2.talonzorch.de\/index.php?rest_route=%2Fwp%2Fv2%2Fcomments&post=9"}],"version-history":[{"count":7,"href":"https:\/\/pfs2.talonzorch.de\/index.php?rest_route=\/wp\/v2\/pages\/9\/revisions"}],"predecessor-version":[{"id":198,"href":"https:\/\/pfs2.talonzorch.de\/index.php?rest_route=\/wp\/v2\/pages\/9\/revisions\/198"}],"wp:attachment":[{"href":"https:\/\/pfs2.talonzorch.de\/index.php?rest_route=%2Fwp%2Fv2%2Fmedia&parent=9"}],"curies":[{"name":"wp","href":"https:\/\/api.w.org\/{rel}","templated":true}]}}