{"id":93,"date":"2020-07-27T14:46:12","date_gmt":"2020-07-27T14:46:12","guid":{"rendered":"http:\/\/pfs2.talonzorch.de\/?page_id=93"},"modified":"2020-09-08T02:53:14","modified_gmt":"2020-09-08T02:53:14","slug":"changelog","status":"publish","type":"page","link":"https:\/\/pfs2.talonzorch.de\/?page_id=93","title":{"rendered":"Changelog"},"content":{"rendered":"\n<p>An dieser Stelle liste ich die \u00c4nderungen am englischsprachigen Guide. Ebenso markiere ich, wann ich das letzte Mal die originalen Files durchsucht habe, um daraus entsprechend die \u00c4nderungen zu generieren.<\/p>\n\n\n\n<h3 class=\"wp-block-heading\">Allgemein<\/h3>\n\n\n\n<ul class=\"wp-block-list\"><li>07.09.2020: Das &#8220;Gr\u00fcne Rad&#8221; zum &#8220;Immergr\u00fcnen Rad&#8221; gemacht um es an die Ulisses \u00dcbersetzung anzupassen.<\/li><\/ul>\n\n\n\n<h3 class=\"wp-block-heading\">PFS 2 Guide<\/h3>\n\n\n\n<ul class=\"wp-block-list\"><li><a href=\"http:\/\/www.organizedplayfoundation.org\/encyclopedia\/pfs2guide\/\">http:\/\/www.organizedplayfoundation.org\/encyclopedia\/pfs2guide\/<\/a><\/li><li>0.08 \u2013 10.02.2020<\/li><li>27.08.2020 &#8211; Guide komplett auf die Website pfs2.talonzorch.de \u00fcberf\u00fchrt<\/li><li>27.08.2020 &#8211; Gecheckt, keine \u00c4nderungen<\/li><\/ul>\n\n\n\n<h3 class=\"wp-block-heading\">Quickstart Guide<\/h3>\n\n\n\n<ul class=\"wp-block-list\"><li><a href=\"http:\/\/www.organizedplayfoundation.org\/encyclopedia\/pathfinder-2-0-quick-start-guide\/\">http:\/\/www.organizedplayfoundation.org\/encyclopedia\/pathfinder-2-0-quick-start-guide\/<\/a> &#8211;<\/li><li>0.02 \u2013 05.08.2019<\/li><li>Eingearbeitet am: 04.03.2020<\/li><li>[0.02] 04.06.2020<\/li><li>27.07.2020 \u2013 Gecheckt, keine \u00c4nderungen<\/li><li>27.08.2020 &#8211; Guide komplett auf die Website pfs2.talonzorch.de \u00fcberf\u00fchrt<\/li><li>27.08.2020 &#8211; Gecheckt, keine \u00c4nderungen<\/li><\/ul>\n\n\n\n<h3 class=\"wp-block-heading\">Organized Play Basics<\/h3>\n\n\n\n<ul class=\"wp-block-list\"><li><a href=\"http:\/\/www.organizedplayfoundation.org\/encyclopedia\/pathfinder-2-0-organized-play-basics\/\">http:\/\/www.organizedplayfoundation.org\/encyclopedia\/pathfinder-2-0-organized-play-basics\/<\/a><\/li><li>0.08 \u2013 10.02.2020<\/li><li>Eingearbeitet am: 04.03.2020<\/li><li>04.06.2020 [0.08]<\/li><li>27.07.2020 \u2013 Gecheckt, keine \u00c4nderungen<\/li><li>27.08.2020 &#8211; Guide komplett auf die Website pfs2.talonzorch.de \u00fcberf\u00fchrt<\/li><li>27.08.2020 &#8211; Gecheckt, keine \u00c4nderungen<\/li><\/ul>\n\n\n\n<h3 class=\"wp-block-heading\">The World of Pathfinder Society<\/h3>\n\n\n\n<ul class=\"wp-block-list\"><li><a href=\"http:\/\/www.organizedplayfoundation.org\/encyclopedia\/pfs2ed-world-of-pfs\/\">http:\/\/www.organizedplayfoundation.org\/encyclopedia\/pfs2ed-world-of-pfs\/<\/a><\/li><li>0.02 \u2013 05.08.2019<\/li><li>[0.02] 04.06.2020<\/li><li>27.07.2020 \u2013 Gecheckt, keine \u00c4nderungen<\/li><li>27.08.2020 &#8211; Guide komplett auf die Website pfs2.talonzorch.de \u00fcberf\u00fchrt<\/li><li>27.08.2020 &#8211; Gecheckt, keine \u00c4nderungen<\/li><\/ul>\n\n\n\n<h3 class=\"wp-block-heading\">Player Basics<\/h3>\n\n\n\n<ul class=\"wp-block-list\"><li><a href=\"http:\/\/www.organizedplayfoundation.org\/encyclopedia\/pfs2edplayer-basics\/\">http:\/\/www.organizedplayfoundation.org\/encyclopedia\/pfs2edplayer-basics\/<\/a><\/li><li>0.08 \u2013 10.02.2020<\/li><li>Eingearbeitet am: 04.03.2020<\/li><li>[0.09] 04.06.2020 eingearbeitet<\/li><li>27.07.2020 \u2013 Gecheckt, keine \u00c4nderungen<\/li><li>27.08.2020 &#8211; Guide komplett auf die Website pfs2.talonzorch.de \u00fcberf\u00fchrt<\/li><li>27.08.2020 &#8211; Gecheckt, keine \u00c4nderungen<\/li><\/ul>\n\n\n\n<h3 class=\"wp-block-heading\">GM Basics<\/h3>\n\n\n\n<ul class=\"wp-block-list\"><li><a href=\"http:\/\/www.organizedplayfoundation.org\/encyclopedia\/pathfinder-2-0-gm-basics\/\">http:\/\/www.organizedplayfoundation.org\/encyclopedia\/pathfinder-2-0-gm-basics\/<\/a><\/li><li>0.08 \u2013 10.02.2020<\/li><li>Eingearbeitet am: 04.03.2020<\/li><li>04.06.2020 \u2013 keine neue Versionsnummer [0.08] aber \u00c4nderungen am Bestehenden Text in den GM Basics, eingearbeitet<\/li><li>27.07.2020 \u2013 Gecheckt, keine \u00c4nderungen<\/li><li>27.08.2020 &#8211; Guide komplett auf die Website pfs2.talonzorch.de \u00fcberf\u00fchrt<\/li><li>27.08.2020 &#8211; Gecheckt, keine \u00c4nderungen<\/li><\/ul>\n\n\n\n<h3 class=\"wp-block-heading\">Factions<\/h3>\n\n\n\n<ul class=\"wp-block-list\"><li><a href=\"http:\/\/www.organizedplayfoundation.org\/encyclopedia\/pathfinder-2-0-factions\/\">http:\/\/www.organizedplayfoundation.org\/encyclopedia\/pathfinder-2-0-factions\/<\/a><\/li><li>0.02 \u2013 05.08.2019<\/li><li>[0.02] 04.06.2020<\/li><li>27.07.2020 \u2013 Gecheckt, keine \u00c4nderungen<\/li><li>27.08.2020 &#8211; Guide komplett auf die Website pfs2.talonzorch.de \u00fcberf\u00fchrt<\/li><li>27.08.2020 &#8211; Gecheckt, keine \u00c4nderungen<\/li><\/ul>\n\n\n\n<h3 class=\"wp-block-heading\">Faction Boons<\/h3>\n\n\n\n<ul class=\"wp-block-list\"><li><a href=\"http:\/\/www.organizedplayfoundation.org\/encyclopedia\/pathfinder-2-0-faction-boons\/\">http:\/\/www.organizedplayfoundation.org\/encyclopedia\/pathfinder-2-0-faction-boons\/<\/a><\/li><li>0.07 \u2013 30.09.2019<\/li><li>04.06.2020 [0.07]<\/li><li>27.07.2020 \u2013 Gecheckt, keine \u00c4nderungen<\/li><li>27.08.2020 &#8211; Guide komplett auf die Website pfs2.talonzorch.de \u00fcberf\u00fchrt<\/li><li>27.08.2020 &#8211; Gecheckt, keine \u00c4nderungen<\/li><\/ul>\n\n\n\n<h3 class=\"wp-block-heading\">Legacy Backgrounds<\/h3>\n\n\n\n<ul class=\"wp-block-list\"><li><a href=\"http:\/\/www.organizedplayfoundation.org\/encyclopedia\/pathfinder-2-0-legacy-backgrounds\/\">http:\/\/www.organizedplayfoundation.org\/encyclopedia\/pathfinder-2-0-legacy-backgrounds\/<\/a><\/li><li>0.02 \u2013 05.08.2019<\/li><li>[0.02] 04.06.2020<\/li><li>27.07.2020 \u2013 Gecheckt, keine \u00c4nderungen<\/li><li>27.08.2020 &#8211; Guide komplett auf die Website pfs2.talonzorch.de \u00fcberf\u00fchrt<\/li><li>27.08.2020 &#8211; Gecheckt, keine \u00c4nderungen<\/li><\/ul>\n\n\n\n<h3 class=\"wp-block-heading\">Character Options<\/h3>\n\n\n\n<ul class=\"wp-block-list\"><li><a href=\"http:\/\/www.organizedplayfoundation.org\/encyclopedia\/pathfinder-2-0-character-options\/\">http:\/\/www.organizedplayfoundation.org\/encyclopedia\/pathfinder-2-0-character-options\/<\/a><\/li><li>0.08 \u2013 10.02.2020<\/li><li>Web Erg\u00e4nzung! <a href=\"https:\/\/paizo.com\/community\/blog\/v5748dyo6sh3j?Pathfinder-Society-Character-Options\">https:\/\/paizo.com\/community\/blog\/v5748dyo6sh3j?Pathfinder-Society-Character-Options<\/a> 30.01.2020 [\u00dcbersetzt und eingebunden]<\/li><li>27.07.2020 \u2013 Gecheckt, keine \u00c4nderungen<\/li><li>27.08.2020 &#8211; Guide komplett auf die Website pfs2.talonzorch.de \u00fcberf\u00fchrt<\/li><li>27.08.2020 &#8211; Gecheckt, keine \u00c4nderungen<\/li><\/ul>\n\n\n\n<h3 class=\"wp-block-heading\">Glossary<\/h3>\n\n\n\n<ul class=\"wp-block-list\"><li><a href=\"http:\/\/www.organizedplayfoundation.org\/encyclopedia\/pathfinder-2-0-glossary\/\">http:\/\/www.organizedplayfoundation.org\/encyclopedia\/pathfinder-2-0-glossary\/<\/a><\/li><li>0.08 \u2013 10.02.2020<\/li><li>[0.08] 04.06.2020<\/li><li>27.07.2020 \u2013 Gecheckt, keine \u00c4nderungen<\/li><li>27.08.2020 &#8211; Guide komplett auf die Website pfs2.talonzorch.de \u00fcberf\u00fchrt<\/li><li>27.08.2020 &#8211; Gecheckt, keine \u00c4nderungen<\/li><\/ul>\n\n\n\n<h3 class=\"wp-block-heading\">Volunteer Coordinators<\/h3>\n\n\n\n<ul class=\"wp-block-list\"><li><a href=\"http:\/\/www.organizedplayfoundation.org\/encyclopedia\/volunteer-coordinators\/\">http:\/\/www.organizedplayfoundation.org\/encyclopedia\/volunteer-coordinators\/<\/a><\/li><li>Ohne Versionsnummer<\/li><li>27.07.2020 \u2013 Gecheckt, keine \u00c4nderungen<\/li><li>27.08.2020 &#8211; Guide komplett auf die Website pfs2.talonzorch.de \u00fcberf\u00fchrt<\/li><li>27.08.2020 &#8211; Gecheckt, keine \u00c4nderungen<\/li><\/ul>\n\n\n\n<h3 class=\"wp-block-heading\">Trademarks &amp; Licenses<\/h3>\n\n\n\n<ul class=\"wp-block-list\"><li><a href=\"http:\/\/www.organizedplayfoundation.org\/encyclopedia\/trademarks-and-licenses\/\">http:\/\/www.organizedplayfoundation.org\/encyclopedia\/trademarks-and-licenses\/<\/a><\/li><li>Ohne Versionsnummer<\/li><li>Eingearbeitet am: 04.03.2020<\/li><li>[0.02] 04.06.2020<\/li><li>27.07.2020 \u2013 Gecheckt, keine \u00c4nderungen<\/li><li>27.08.2020 &#8211; Guide komplett auf die Website pfs2.talonzorch.de \u00fcberf\u00fchrt<\/li><li>27.08.2020 &#8211; Gecheckt, keine \u00c4nderungen<\/li><\/ul>\n\n\n\n<h3 class=\"wp-block-heading\">Blog Erg\u00e4nzungen<\/h3>\n\n\n\n<ul class=\"wp-block-list\"><li>Achievement Punkte <a href=\"https:\/\/paizo.com\/community\/blog\/v5748dyo6sh3w?February-Update-Achievement-Points-Stars\">https:\/\/paizo.com\/community\/blog\/v5748dyo6sh3w?February-Update-Achievement-Points-Stars<\/a> 06.02.2020<\/li><li>Character Options <a href=\"https:\/\/paizo.com\/community\/blog\/v5748dyo6sh3j?Pathfinder-Society-Character-Options\">https:\/\/paizo.com\/community\/blog\/v5748dyo6sh3j?Pathfinder-Society-Character-Options<\/a> 30.01.2020<\/li><li>Legal Table Size: <a href=\"https:\/\/paizo.com\/community\/blog\/v5748dyo6sh6r\">https:\/\/paizo.com\/community\/blog\/v5748dyo6sh6r<\/a> 17.04.2020<\/li><li>Tischanpassungen f\u00fcr das Organisierte Spiel <a href=\"http:\/\/pfs2.talonzorch.de\/?p=167\">http:\/\/pfs2.talonzorch.de\/?p=167<\/a> (21.08.2020)<\/li><\/ul>\n","protected":false},"excerpt":{"rendered":"<p>An dieser Stelle liste ich die \u00c4nderungen am englischsprachigen Guide. Ebenso markiere ich, wann ich das letzte Mal die originalen Files durchsucht habe, um daraus entsprechend die \u00c4nderungen zu generieren. Allgemein 07.09.2020: Das &#8220;Gr\u00fcne Rad&#8221; zum &#8220;Immergr\u00fcnen Rad&#8221; gemacht um es an die Ulisses \u00dcbersetzung anzupassen. PFS 2 Guide http:\/\/www.organizedplayfoundation.org\/encyclopedia\/pfs2guide\/ 0.08 \u2013 10.02.2020 27.08.2020 &#8211; [&hellip;]<\/p>\n","protected":false},"author":1,"featured_media":0,"parent":9,"menu_order":0,"comment_status":"closed","ping_status":"closed","template":"","meta":{"footnotes":""},"class_list":["post-93","page","type-page","status-publish","hentry"],"_links":{"self":[{"href":"https:\/\/pfs2.talonzorch.de\/index.php?rest_route=\/wp\/v2\/pages\/93","targetHints":{"allow":["GET"]}}],"collection":[{"href":"https:\/\/pfs2.talonzorch.de\/index.php?rest_route=\/wp\/v2\/pages"}],"about":[{"href":"https:\/\/pfs2.talonzorch.de\/index.php?rest_route=\/wp\/v2\/types\/page"}],"author":[{"embeddable":true,"href":"https:\/\/pfs2.talonzorch.de\/index.php?rest_route=\/wp\/v2\/users\/1"}],"replies":[{"embeddable":true,"href":"https:\/\/pfs2.talonzorch.de\/index.php?rest_route=%2Fwp%2Fv2%2Fcomments&post=93"}],"version-history":[{"count":4,"href":"https:\/\/pfs2.talonzorch.de\/index.php?rest_route=\/wp\/v2\/pages\/93\/revisions"}],"predecessor-version":[{"id":221,"href":"https:\/\/pfs2.talonzorch.de\/index.php?rest_route=\/wp\/v2\/pages\/93\/revisions\/221"}],"up":[{"embeddable":true,"href":"https:\/\/pfs2.talonzorch.de\/index.php?rest_route=\/wp\/v2\/pages\/9"}],"wp:attachment":[{"href":"https:\/\/pfs2.talonzorch.de\/index.php?rest_route=%2Fwp%2Fv2%2Fmedia&parent=93"}],"curies":[{"name":"wp","href":"https:\/\/api.w.org\/{rel}","templated":true}]}}